{"id":3781,"date":"2021-01-21T00:06:18","date_gmt":"2021-01-21T00:06:18","guid":{"rendered":"http:\/\/furyfightclub.com\/?post_type=product&#038;p=3781"},"modified":"2021-07-17T22:24:34","modified_gmt":"2021-07-17T22:24:34","slug":"micronized-creatine","status":"publish","type":"product","link":"https:\/\/furyfightclub.com\/sq\/product\/micronized-creatine\/","title":{"rendered":"Micronized Creatine"},"content":{"rendered":"<ul>Rreth produktit:<\/p>\n<li>100% KREATIN E PASTER: BPI Sports Micronized Creatine \u00ebsht\u00eb 100% kreatin\u00eb e past\u00ebr q\u00eb ndihmon p\u00ebr t\u00eb rritur forc\u00ebn, p\u00ebr t\u00eb zvog\u00ebluar lodhjen, p\u00ebr t\u00eb p\u00ebrmir\u00ebsuar nd\u00ebrtimin e muskujve t\u00eb lig\u00ebt dhe p\u00ebr t\u00eb mb\u00ebshtetur rritjen e muskujve.<\/li>\n<li>ND\u00cbRTIMI I MUSKUJVE:Plani yn\u00eb natyral i kreatin\u00ebs krijon kreatin\u00eb t\u00eb fort\u00eb t\u00eb nd\u00ebrtimit t\u00eb muskujve tek qelizat e muskujve, q\u00eb siguron rritje n\u00eb fuqin\u00eb, fuqin\u00eb dhe energjin\u00eb e muskujve.<\/li>\n<li>ABSORPIMI SUPERIOR: Creatine Micronized \u00ebsht\u00eb nj\u00eb kreatin\u00eb 100% e past\u00ebr q\u00eb \u00ebsht\u00eb micronizuar duke reduktuar molekulat e m\u00ebdha t\u00eb kreatin\u00ebs n\u00eb grimca m\u00eb t\u00eb vogla p\u00ebr t\u00eb optimizuar biodisponibilitetin dhe absorbimin.<\/li>\n<li>Rritja e forc\u00ebs dhe zvog\u00eblimi i stresit: Kreatina sh\u00ebrben si nj\u00eb burim energjie n\u00eb qelizat tuaja t\u00eb muskujve, duke ndihmuar p\u00ebr t\u00eb rritur forc\u00ebn dhe p\u00ebr t\u00eb zvog\u00ebluar lodhjen gjat\u00eb trajnimit intensiv. Micronized Creatine jep 5g kreatin\u00eb shpejt.<\/li>\n<\/ul>\n","protected":false},"excerpt":{"rendered":"<p>BPI Sports Micronized Creatine \u2013 Rritja e Forc\u00ebs \u2013 Reduktimi i lodhjes \u2013 Nd\u00ebrtimi i Muskujve \u2013 100% Kreatin\u00eb e past\u00ebr \u2013 Absorbimi m\u00eb i mir\u00eb \u2013 Mb\u00ebshtet Rritjen e Muskujve.<\/p>\n","protected":false},"featured_media":3782,"comment_status":"open","ping_status":"closed","template":"","meta":{"_acf_changed":false,"pmpro_default_level":""},"product_cat":[95],"product_tag":[],"class_list":{"0":"post-3781","1":"product","2":"type-product","3":"status-publish","4":"has-post-thumbnail","6":"product_cat-mass-gainer","7":"pmpro-has-access","9":"first","10":"instock","11":"shipping-taxable","12":"purchasable","13":"product-type-simple"},"acf":[],"yoast_head":"<!-- This site is optimized with the Yoast SEO plugin v25.4 - https:\/\/yoast.com\/wordpress\/plugins\/seo\/ -->\n<title>Micronized Creatine - Fury Fight Club<\/title>\n<meta name=\"robots\" content=\"index, follow, max-snippet:-1, max-image-preview:large, max-video-preview:-1\" \/>\n<link rel=\"canonical\" href=\"https:\/\/furyfightclub.com\/product\/micronized-creatine\/\" \/>\n<meta property=\"og:locale\" content=\"sq_AL\" \/>\n<meta property=\"og:type\" content=\"article\" \/>\n<meta property=\"og:title\" content=\"Micronized Creatine - Fury Fight Club\" \/>\n<meta property=\"og:description\" content=\"BPI Sports Micronized Creatine \u2013 Rritja e Forc\u00ebs \u2013 Reduktimi i lodhjes \u2013 Nd\u00ebrtimi i Muskujve \u2013 100% Kreatin\u00eb e past\u00ebr \u2013 Absorbimi m\u00eb i mir\u00eb \u2013 Mb\u00ebshtet Rritjen e Muskujve.\" \/>\n<meta property=\"og:url\" content=\"https:\/\/furyfightclub.com\/product\/micronized-creatine\/\" \/>\n<meta property=\"og:site_name\" content=\"Fury Fight Club\" \/>\n<meta property=\"article:modified_time\" content=\"2021-07-17T22:24:34+00:00\" \/>\n<meta property=\"og:image\" content=\"https:\/\/furyfightclub.com\/wp-content\/uploads\/2021\/01\/Creatine-Unflavored-510x510-1.jpg\" \/>\n\t<meta property=\"og:image:width\" content=\"510\" \/>\n\t<meta property=\"og:image:height\" content=\"510\" \/>\n\t<meta property=\"og:image:type\" content=\"image\/jpeg\" \/>\n<meta name=\"twitter:card\" content=\"summary_large_image\" \/>\n<meta name=\"twitter:label1\" content=\"Est. reading time\" \/>\n\t<meta name=\"twitter:data1\" content=\"1 minute\" \/>\n<script type=\"application\/ld+json\" class=\"yoast-schema-graph\">{\"@context\":\"https:\/\/schema.org\",\"@graph\":[{\"@type\":\"WebPage\",\"@id\":\"https:\/\/furyfightclub.com\/product\/micronized-creatine\/\",\"url\":\"https:\/\/furyfightclub.com\/product\/micronized-creatine\/\",\"name\":\"Micronized Creatine - Fury Fight Club\",\"isPartOf\":{\"@id\":\"https:\/\/furyfightclub.com\/#website\"},\"primaryImageOfPage\":{\"@id\":\"https:\/\/furyfightclub.com\/product\/micronized-creatine\/#primaryimage\"},\"image\":{\"@id\":\"https:\/\/furyfightclub.com\/product\/micronized-creatine\/#primaryimage\"},\"thumbnailUrl\":\"https:\/\/furyfightclub.com\/wp-content\/uploads\/2021\/01\/Creatine-Unflavored-510x510-1.jpg\",\"datePublished\":\"2021-01-21T00:06:18+00:00\",\"dateModified\":\"2021-07-17T22:24:34+00:00\",\"breadcrumb\":{\"@id\":\"https:\/\/furyfightclub.com\/product\/micronized-creatine\/#breadcrumb\"},\"inLanguage\":\"sq-AL\",\"potentialAction\":[{\"@type\":\"ReadAction\",\"target\":[\"https:\/\/furyfightclub.com\/product\/micronized-creatine\/\"]}]},{\"@type\":\"ImageObject\",\"inLanguage\":\"sq-AL\",\"@id\":\"https:\/\/furyfightclub.com\/product\/micronized-creatine\/#primaryimage\",\"url\":\"https:\/\/furyfightclub.com\/wp-content\/uploads\/2021\/01\/Creatine-Unflavored-510x510-1.jpg\",\"contentUrl\":\"https:\/\/furyfightclub.com\/wp-content\/uploads\/2021\/01\/Creatine-Unflavored-510x510-1.jpg\",\"width\":510,\"height\":510},{\"@type\":\"BreadcrumbList\",\"@id\":\"https:\/\/furyfightclub.com\/product\/micronized-creatine\/#breadcrumb\",\"itemListElement\":[{\"@type\":\"ListItem\",\"position\":1,\"name\":\"Home\",\"item\":\"https:\/\/furyfightclub.com\/sq\/kreu\/\"},{\"@type\":\"ListItem\",\"position\":2,\"name\":\"Dyqani\",\"item\":\"https:\/\/furyfightclub.com\/sq\/dyqani\/\"},{\"@type\":\"ListItem\",\"position\":3,\"name\":\"Micronized Creatine\"}]},{\"@type\":\"WebSite\",\"@id\":\"https:\/\/furyfightclub.com\/#website\",\"url\":\"https:\/\/furyfightclub.com\/\",\"name\":\"Fury Fight Club\",\"description\":\"No Talent Only Obsession\",\"publisher\":{\"@id\":\"https:\/\/furyfightclub.com\/#organization\"},\"potentialAction\":[{\"@type\":\"SearchAction\",\"target\":{\"@type\":\"EntryPoint\",\"urlTemplate\":\"https:\/\/furyfightclub.com\/?s={search_term_string}\"},\"query-input\":{\"@type\":\"PropertyValueSpecification\",\"valueRequired\":true,\"valueName\":\"search_term_string\"}}],\"inLanguage\":\"sq-AL\"},{\"@type\":\"Organization\",\"@id\":\"https:\/\/furyfightclub.com\/#organization\",\"name\":\"Fury Fight Club\",\"url\":\"https:\/\/furyfightclub.com\/\",\"logo\":{\"@type\":\"ImageObject\",\"inLanguage\":\"sq-AL\",\"@id\":\"https:\/\/furyfightclub.com\/#\/schema\/logo\/image\/\",\"url\":\"https:\/\/furyfightclub.com\/wp-content\/uploads\/2021\/01\/logo@x2.png\",\"contentUrl\":\"https:\/\/furyfightclub.com\/wp-content\/uploads\/2021\/01\/logo@x2.png\",\"width\":255,\"height\":288,\"caption\":\"Fury Fight Club\"},\"image\":{\"@id\":\"https:\/\/furyfightclub.com\/#\/schema\/logo\/image\/\"},\"sameAs\":[\"https:\/\/www.instagram.com\/furyfightclub\/\",\"https:\/\/www.youtube.com\/channel\/UCEGaknxvkwJjaXBPloEA2Sg\"]}]}<\/script>\n<!-- \/ Yoast SEO plugin. -->","yoast_head_json":{"title":"Micronized Creatine - Fury Fight Club","robots":{"index":"index","follow":"follow","max-snippet":"max-snippet:-1","max-image-preview":"max-image-preview:large","max-video-preview":"max-video-preview:-1"},"canonical":"https:\/\/furyfightclub.com\/product\/micronized-creatine\/","og_locale":"sq_AL","og_type":"article","og_title":"Micronized Creatine - Fury Fight Club","og_description":"BPI Sports Micronized Creatine \u2013 Rritja e Forc\u00ebs \u2013 Reduktimi i lodhjes \u2013 Nd\u00ebrtimi i Muskujve \u2013 100% Kreatin\u00eb e past\u00ebr \u2013 Absorbimi m\u00eb i mir\u00eb \u2013 Mb\u00ebshtet Rritjen e Muskujve.","og_url":"https:\/\/furyfightclub.com\/product\/micronized-creatine\/","og_site_name":"Fury Fight Club","article_modified_time":"2021-07-17T22:24:34+00:00","og_image":[{"width":510,"height":510,"url":"https:\/\/furyfightclub.com\/wp-content\/uploads\/2021\/01\/Creatine-Unflavored-510x510-1.jpg","type":"image\/jpeg"}],"twitter_card":"summary_large_image","twitter_misc":{"Est. reading time":"1 minute"},"schema":{"@context":"https:\/\/schema.org","@graph":[{"@type":"WebPage","@id":"https:\/\/furyfightclub.com\/product\/micronized-creatine\/","url":"https:\/\/furyfightclub.com\/product\/micronized-creatine\/","name":"Micronized Creatine - Fury Fight Club","isPartOf":{"@id":"https:\/\/furyfightclub.com\/#website"},"primaryImageOfPage":{"@id":"https:\/\/furyfightclub.com\/product\/micronized-creatine\/#primaryimage"},"image":{"@id":"https:\/\/furyfightclub.com\/product\/micronized-creatine\/#primaryimage"},"thumbnailUrl":"https:\/\/furyfightclub.com\/wp-content\/uploads\/2021\/01\/Creatine-Unflavored-510x510-1.jpg","datePublished":"2021-01-21T00:06:18+00:00","dateModified":"2021-07-17T22:24:34+00:00","breadcrumb":{"@id":"https:\/\/furyfightclub.com\/product\/micronized-creatine\/#breadcrumb"},"inLanguage":"sq-AL","potentialAction":[{"@type":"ReadAction","target":["https:\/\/furyfightclub.com\/product\/micronized-creatine\/"]}]},{"@type":"ImageObject","inLanguage":"sq-AL","@id":"https:\/\/furyfightclub.com\/product\/micronized-creatine\/#primaryimage","url":"https:\/\/furyfightclub.com\/wp-content\/uploads\/2021\/01\/Creatine-Unflavored-510x510-1.jpg","contentUrl":"https:\/\/furyfightclub.com\/wp-content\/uploads\/2021\/01\/Creatine-Unflavored-510x510-1.jpg","width":510,"height":510},{"@type":"BreadcrumbList","@id":"https:\/\/furyfightclub.com\/product\/micronized-creatine\/#breadcrumb","itemListElement":[{"@type":"ListItem","position":1,"name":"Home","item":"https:\/\/furyfightclub.com\/sq\/kreu\/"},{"@type":"ListItem","position":2,"name":"Dyqani","item":"https:\/\/furyfightclub.com\/sq\/dyqani\/"},{"@type":"ListItem","position":3,"name":"Micronized Creatine"}]},{"@type":"WebSite","@id":"https:\/\/furyfightclub.com\/#website","url":"https:\/\/furyfightclub.com\/","name":"Fury Fight Club","description":"No Talent Only Obsession","publisher":{"@id":"https:\/\/furyfightclub.com\/#organization"},"potentialAction":[{"@type":"SearchAction","target":{"@type":"EntryPoint","urlTemplate":"https:\/\/furyfightclub.com\/?s={search_term_string}"},"query-input":{"@type":"PropertyValueSpecification","valueRequired":true,"valueName":"search_term_string"}}],"inLanguage":"sq-AL"},{"@type":"Organization","@id":"https:\/\/furyfightclub.com\/#organization","name":"Fury Fight Club","url":"https:\/\/furyfightclub.com\/","logo":{"@type":"ImageObject","inLanguage":"sq-AL","@id":"https:\/\/furyfightclub.com\/#\/schema\/logo\/image\/","url":"https:\/\/furyfightclub.com\/wp-content\/uploads\/2021\/01\/logo@x2.png","contentUrl":"https:\/\/furyfightclub.com\/wp-content\/uploads\/2021\/01\/logo@x2.png","width":255,"height":288,"caption":"Fury Fight Club"},"image":{"@id":"https:\/\/furyfightclub.com\/#\/schema\/logo\/image\/"},"sameAs":["https:\/\/www.instagram.com\/furyfightclub\/","https:\/\/www.youtube.com\/channel\/UCEGaknxvkwJjaXBPloEA2Sg"]}]}},"_links":{"self":[{"href":"https:\/\/furyfightclub.com\/sq\/wp-json\/wp\/v2\/product\/3781","targetHints":{"allow":["GET"]}}],"collection":[{"href":"https:\/\/furyfightclub.com\/sq\/wp-json\/wp\/v2\/product"}],"about":[{"href":"https:\/\/furyfightclub.com\/sq\/wp-json\/wp\/v2\/types\/product"}],"replies":[{"embeddable":true,"href":"https:\/\/furyfightclub.com\/sq\/wp-json\/wp\/v2\/comments?post=3781"}],"wp:featuredmedia":[{"embeddable":true,"href":"https:\/\/furyfightclub.com\/sq\/wp-json\/wp\/v2\/media\/3782"}],"wp:attachment":[{"href":"https:\/\/furyfightclub.com\/sq\/wp-json\/wp\/v2\/media?parent=3781"}],"wp:term":[{"taxonomy":"product_cat","embeddable":true,"href":"https:\/\/furyfightclub.com\/sq\/wp-json\/wp\/v2\/product_cat?post=3781"},{"taxonomy":"product_tag","embeddable":true,"href":"https:\/\/furyfightclub.com\/sq\/wp-json\/wp\/v2\/product_tag?post=3781"}],"curies":[{"name":"wp","href":"https:\/\/api.w.org\/{rel}","templated":true}]}}