{"id":3949,"date":"2021-01-27T22:15:25","date_gmt":"2021-01-27T22:15:25","guid":{"rendered":"https:\/\/furyfightclub.com\/?post_type=product&#038;p=3949"},"modified":"2021-07-17T22:25:34","modified_gmt":"2021-07-17T22:25:34","slug":"best-creatine","status":"publish","type":"product","link":"https:\/\/furyfightclub.com\/sq\/product\/best-creatine\/","title":{"rendered":"Best Creatine"},"content":{"rendered":"<p><img fetchpriority=\"high\" decoding=\"async\" class=\"alignnone size-full wp-image-3950\" src=\"https:\/\/furyfightclub.com\/wp-content\/uploads\/2021\/01\/best-creatine.png\" alt=\"\" width=\"800\" height=\"500\" srcset=\"https:\/\/furyfightclub.com\/wp-content\/uploads\/2021\/01\/best-creatine.png 800w, https:\/\/furyfightclub.com\/wp-content\/uploads\/2021\/01\/best-creatine-600x375.png 600w, https:\/\/furyfightclub.com\/wp-content\/uploads\/2021\/01\/best-creatine-300x188.png 300w, https:\/\/furyfightclub.com\/wp-content\/uploads\/2021\/01\/best-creatine-768x480.png 768w, https:\/\/furyfightclub.com\/wp-content\/uploads\/2021\/01\/best-creatine-370x231.png 370w, https:\/\/furyfightclub.com\/wp-content\/uploads\/2021\/01\/best-creatine-765x478.png 765w, https:\/\/furyfightclub.com\/wp-content\/uploads\/2021\/01\/best-creatine-200x125.png 200w\" sizes=\"(max-width: 800px) 100vw, 800px\" \/><\/p>\n<p><strong>Kreatina m\u00eb e mir\u00eb<\/strong><br \/>\nKreatina \u00ebsht\u00eb nj\u00eb burim i \u00e7muar i energjise p\u00ebr atlet\u00ebt q\u00eb k\u00ebrkojn\u00eb forc\u00eb m\u00eb t\u00eb madhe, p\u00ebrfitime t\u00eb muskujve, sh\u00ebrim dhe performanc\u00eb. Kjo \u00ebsht\u00eb arsyeja pse BPI ka formuluar Creatine m\u00eb t\u00eb mir\u00eb, e cila p\u00ebrmban nj\u00eb p\u00ebrzierje t\u00eb 6 llojeve t\u00eb ndryshme t\u00eb kreatin\u00ebs, si dhe nj\u00eb kompleks maksimal absorbimi p\u00ebr t\u2019u siguruar q\u00eb muskujt tuaj arrijn\u00eb marrjen optimale t\u00eb kreatin\u00ebs. *<\/p>\n<p><strong>Nd\u00ebrtimi i muskujve<\/strong><br \/>\nP\u00ebrmir\u00ebson performanc\u00ebn n\u00eb palest\u00ebr duke ju lejuar t\u00eb ushtroni m\u00eb shume p\u00ebr fitimin maksimal t\u00eb muskujve dhe forc\u00ebs.<\/p>\n<p><strong>Sh\u00ebrim<\/strong><br \/>\nThithet leht\u00eb dhe shpejt nga muskujt per rritjen dhe sh\u00ebrimin e tyre \u2013 dhe jo-fryrjes! *<\/p>\n<p><strong>Rrijta e forces<\/strong><br \/>\nKreatina me e mire rrit aft\u00ebsin\u00eb e trupit tuaj p\u00ebr t\u00eb punuar m\u00eb shum\u00eb dhe per tu permiresuar me shum kur kryen ushtrime me intensitet t\u00eb lart\u00eb.<\/p>\n","protected":false},"excerpt":{"rendered":"<p>Nj\u00eb produkt sportiv BPI Inovative Pro-Forca Blend 6X Creatine!<\/p>\n<ul>Karakteristikat<\/p>\n<li>4g p\u00ebrzierje Creatine<\/li>\n<li>Zero Sheqer<\/li>\n<li>6 forma t\u00eb avancuara t\u00eb kreatin\u00ebs<\/li>\n<li>500mg Betaine Anhydrous<\/li>\n<\/ul>\n","protected":false},"featured_media":3951,"comment_status":"open","ping_status":"closed","template":"","meta":{"_acf_changed":false,"pmpro_default_level":""},"product_cat":[97],"product_tag":[],"class_list":{"0":"post-3949","1":"product","2":"type-product","3":"status-publish","4":"has-post-thumbnail","6":"product_cat-creatine","7":"pmpro-has-access","9":"first","10":"instock","11":"shipping-taxable","12":"purchasable","13":"product-type-simple"},"acf":[],"yoast_head":"<!-- This site is optimized with the Yoast SEO plugin v25.4 - https:\/\/yoast.com\/wordpress\/plugins\/seo\/ -->\n<title>Best Creatine - Fury Fight Club<\/title>\n<meta name=\"robots\" content=\"index, follow, max-snippet:-1, max-image-preview:large, max-video-preview:-1\" \/>\n<link rel=\"canonical\" href=\"https:\/\/furyfightclub.com\/product\/best-creatine\/\" \/>\n<meta property=\"og:locale\" content=\"sq_AL\" \/>\n<meta property=\"og:type\" content=\"article\" \/>\n<meta property=\"og:title\" content=\"Best Creatine - Fury Fight Club\" \/>\n<meta property=\"og:description\" content=\"Nj\u00eb produkt sportiv BPI Inovative Pro-Forca Blend 6X Creatine! Karakteristikat  4g p\u00ebrzierje Creatine  Zero Sheqer  6 forma t\u00eb avancuara t\u00eb kreatin\u00ebs  500mg Betaine Anhydrous\" \/>\n<meta property=\"og:url\" content=\"https:\/\/furyfightclub.com\/product\/best-creatine\/\" \/>\n<meta property=\"og:site_name\" content=\"Fury Fight Club\" \/>\n<meta property=\"article:modified_time\" content=\"2021-07-17T22:25:34+00:00\" \/>\n<meta property=\"og:image\" content=\"https:\/\/furyfightclub.com\/wp-content\/uploads\/2021\/01\/ae7b43c6-71f8-4b07-9041-52054b2068e8.jpg\" \/>\n\t<meta property=\"og:image:width\" content=\"1000\" \/>\n\t<meta property=\"og:image:height\" content=\"1000\" \/>\n\t<meta property=\"og:image:type\" content=\"image\/jpeg\" \/>\n<meta name=\"twitter:card\" content=\"summary_large_image\" \/>\n<meta name=\"twitter:label1\" content=\"Est. reading time\" \/>\n\t<meta name=\"twitter:data1\" content=\"1 minute\" \/>\n<script type=\"application\/ld+json\" class=\"yoast-schema-graph\">{\"@context\":\"https:\/\/schema.org\",\"@graph\":[{\"@type\":\"WebPage\",\"@id\":\"https:\/\/furyfightclub.com\/product\/best-creatine\/\",\"url\":\"https:\/\/furyfightclub.com\/product\/best-creatine\/\",\"name\":\"Best Creatine - Fury Fight Club\",\"isPartOf\":{\"@id\":\"https:\/\/furyfightclub.com\/#website\"},\"primaryImageOfPage\":{\"@id\":\"https:\/\/furyfightclub.com\/product\/best-creatine\/#primaryimage\"},\"image\":{\"@id\":\"https:\/\/furyfightclub.com\/product\/best-creatine\/#primaryimage\"},\"thumbnailUrl\":\"https:\/\/furyfightclub.com\/wp-content\/uploads\/2021\/01\/ae7b43c6-71f8-4b07-9041-52054b2068e8.jpg\",\"datePublished\":\"2021-01-27T22:15:25+00:00\",\"dateModified\":\"2021-07-17T22:25:34+00:00\",\"breadcrumb\":{\"@id\":\"https:\/\/furyfightclub.com\/product\/best-creatine\/#breadcrumb\"},\"inLanguage\":\"sq-AL\",\"potentialAction\":[{\"@type\":\"ReadAction\",\"target\":[\"https:\/\/furyfightclub.com\/product\/best-creatine\/\"]}]},{\"@type\":\"ImageObject\",\"inLanguage\":\"sq-AL\",\"@id\":\"https:\/\/furyfightclub.com\/product\/best-creatine\/#primaryimage\",\"url\":\"https:\/\/furyfightclub.com\/wp-content\/uploads\/2021\/01\/ae7b43c6-71f8-4b07-9041-52054b2068e8.jpg\",\"contentUrl\":\"https:\/\/furyfightclub.com\/wp-content\/uploads\/2021\/01\/ae7b43c6-71f8-4b07-9041-52054b2068e8.jpg\",\"width\":1000,\"height\":1000},{\"@type\":\"BreadcrumbList\",\"@id\":\"https:\/\/furyfightclub.com\/product\/best-creatine\/#breadcrumb\",\"itemListElement\":[{\"@type\":\"ListItem\",\"position\":1,\"name\":\"Home\",\"item\":\"https:\/\/furyfightclub.com\/sq\/kreu\/\"},{\"@type\":\"ListItem\",\"position\":2,\"name\":\"Dyqani\",\"item\":\"https:\/\/furyfightclub.com\/sq\/dyqani\/\"},{\"@type\":\"ListItem\",\"position\":3,\"name\":\"Best Creatine\"}]},{\"@type\":\"WebSite\",\"@id\":\"https:\/\/furyfightclub.com\/#website\",\"url\":\"https:\/\/furyfightclub.com\/\",\"name\":\"Fury Fight Club\",\"description\":\"No Talent Only Obsession\",\"publisher\":{\"@id\":\"https:\/\/furyfightclub.com\/#organization\"},\"potentialAction\":[{\"@type\":\"SearchAction\",\"target\":{\"@type\":\"EntryPoint\",\"urlTemplate\":\"https:\/\/furyfightclub.com\/?s={search_term_string}\"},\"query-input\":{\"@type\":\"PropertyValueSpecification\",\"valueRequired\":true,\"valueName\":\"search_term_string\"}}],\"inLanguage\":\"sq-AL\"},{\"@type\":\"Organization\",\"@id\":\"https:\/\/furyfightclub.com\/#organization\",\"name\":\"Fury Fight Club\",\"url\":\"https:\/\/furyfightclub.com\/\",\"logo\":{\"@type\":\"ImageObject\",\"inLanguage\":\"sq-AL\",\"@id\":\"https:\/\/furyfightclub.com\/#\/schema\/logo\/image\/\",\"url\":\"https:\/\/furyfightclub.com\/wp-content\/uploads\/2021\/01\/logo@x2.png\",\"contentUrl\":\"https:\/\/furyfightclub.com\/wp-content\/uploads\/2021\/01\/logo@x2.png\",\"width\":255,\"height\":288,\"caption\":\"Fury Fight Club\"},\"image\":{\"@id\":\"https:\/\/furyfightclub.com\/#\/schema\/logo\/image\/\"},\"sameAs\":[\"https:\/\/www.instagram.com\/furyfightclub\/\",\"https:\/\/www.youtube.com\/channel\/UCEGaknxvkwJjaXBPloEA2Sg\"]}]}<\/script>\n<!-- \/ Yoast SEO plugin. -->","yoast_head_json":{"title":"Best Creatine - Fury Fight Club","robots":{"index":"index","follow":"follow","max-snippet":"max-snippet:-1","max-image-preview":"max-image-preview:large","max-video-preview":"max-video-preview:-1"},"canonical":"https:\/\/furyfightclub.com\/product\/best-creatine\/","og_locale":"sq_AL","og_type":"article","og_title":"Best Creatine - Fury Fight Club","og_description":"Nj\u00eb produkt sportiv BPI Inovative Pro-Forca Blend 6X Creatine! Karakteristikat  4g p\u00ebrzierje Creatine  Zero Sheqer  6 forma t\u00eb avancuara t\u00eb kreatin\u00ebs  500mg Betaine Anhydrous","og_url":"https:\/\/furyfightclub.com\/product\/best-creatine\/","og_site_name":"Fury Fight Club","article_modified_time":"2021-07-17T22:25:34+00:00","og_image":[{"width":1000,"height":1000,"url":"https:\/\/furyfightclub.com\/wp-content\/uploads\/2021\/01\/ae7b43c6-71f8-4b07-9041-52054b2068e8.jpg","type":"image\/jpeg"}],"twitter_card":"summary_large_image","twitter_misc":{"Est. reading time":"1 minute"},"schema":{"@context":"https:\/\/schema.org","@graph":[{"@type":"WebPage","@id":"https:\/\/furyfightclub.com\/product\/best-creatine\/","url":"https:\/\/furyfightclub.com\/product\/best-creatine\/","name":"Best Creatine - Fury Fight Club","isPartOf":{"@id":"https:\/\/furyfightclub.com\/#website"},"primaryImageOfPage":{"@id":"https:\/\/furyfightclub.com\/product\/best-creatine\/#primaryimage"},"image":{"@id":"https:\/\/furyfightclub.com\/product\/best-creatine\/#primaryimage"},"thumbnailUrl":"https:\/\/furyfightclub.com\/wp-content\/uploads\/2021\/01\/ae7b43c6-71f8-4b07-9041-52054b2068e8.jpg","datePublished":"2021-01-27T22:15:25+00:00","dateModified":"2021-07-17T22:25:34+00:00","breadcrumb":{"@id":"https:\/\/furyfightclub.com\/product\/best-creatine\/#breadcrumb"},"inLanguage":"sq-AL","potentialAction":[{"@type":"ReadAction","target":["https:\/\/furyfightclub.com\/product\/best-creatine\/"]}]},{"@type":"ImageObject","inLanguage":"sq-AL","@id":"https:\/\/furyfightclub.com\/product\/best-creatine\/#primaryimage","url":"https:\/\/furyfightclub.com\/wp-content\/uploads\/2021\/01\/ae7b43c6-71f8-4b07-9041-52054b2068e8.jpg","contentUrl":"https:\/\/furyfightclub.com\/wp-content\/uploads\/2021\/01\/ae7b43c6-71f8-4b07-9041-52054b2068e8.jpg","width":1000,"height":1000},{"@type":"BreadcrumbList","@id":"https:\/\/furyfightclub.com\/product\/best-creatine\/#breadcrumb","itemListElement":[{"@type":"ListItem","position":1,"name":"Home","item":"https:\/\/furyfightclub.com\/sq\/kreu\/"},{"@type":"ListItem","position":2,"name":"Dyqani","item":"https:\/\/furyfightclub.com\/sq\/dyqani\/"},{"@type":"ListItem","position":3,"name":"Best Creatine"}]},{"@type":"WebSite","@id":"https:\/\/furyfightclub.com\/#website","url":"https:\/\/furyfightclub.com\/","name":"Fury Fight Club","description":"No Talent Only Obsession","publisher":{"@id":"https:\/\/furyfightclub.com\/#organization"},"potentialAction":[{"@type":"SearchAction","target":{"@type":"EntryPoint","urlTemplate":"https:\/\/furyfightclub.com\/?s={search_term_string}"},"query-input":{"@type":"PropertyValueSpecification","valueRequired":true,"valueName":"search_term_string"}}],"inLanguage":"sq-AL"},{"@type":"Organization","@id":"https:\/\/furyfightclub.com\/#organization","name":"Fury Fight Club","url":"https:\/\/furyfightclub.com\/","logo":{"@type":"ImageObject","inLanguage":"sq-AL","@id":"https:\/\/furyfightclub.com\/#\/schema\/logo\/image\/","url":"https:\/\/furyfightclub.com\/wp-content\/uploads\/2021\/01\/logo@x2.png","contentUrl":"https:\/\/furyfightclub.com\/wp-content\/uploads\/2021\/01\/logo@x2.png","width":255,"height":288,"caption":"Fury Fight Club"},"image":{"@id":"https:\/\/furyfightclub.com\/#\/schema\/logo\/image\/"},"sameAs":["https:\/\/www.instagram.com\/furyfightclub\/","https:\/\/www.youtube.com\/channel\/UCEGaknxvkwJjaXBPloEA2Sg"]}]}},"_links":{"self":[{"href":"https:\/\/furyfightclub.com\/sq\/wp-json\/wp\/v2\/product\/3949","targetHints":{"allow":["GET"]}}],"collection":[{"href":"https:\/\/furyfightclub.com\/sq\/wp-json\/wp\/v2\/product"}],"about":[{"href":"https:\/\/furyfightclub.com\/sq\/wp-json\/wp\/v2\/types\/product"}],"replies":[{"embeddable":true,"href":"https:\/\/furyfightclub.com\/sq\/wp-json\/wp\/v2\/comments?post=3949"}],"wp:featuredmedia":[{"embeddable":true,"href":"https:\/\/furyfightclub.com\/sq\/wp-json\/wp\/v2\/media\/3951"}],"wp:attachment":[{"href":"https:\/\/furyfightclub.com\/sq\/wp-json\/wp\/v2\/media?parent=3949"}],"wp:term":[{"taxonomy":"product_cat","embeddable":true,"href":"https:\/\/furyfightclub.com\/sq\/wp-json\/wp\/v2\/product_cat?post=3949"},{"taxonomy":"product_tag","embeddable":true,"href":"https:\/\/furyfightclub.com\/sq\/wp-json\/wp\/v2\/product_tag?post=3949"}],"curies":[{"name":"wp","href":"https:\/\/api.w.org\/{rel}","templated":true}]}}