{"id":3952,"date":"2021-01-27T22:20:36","date_gmt":"2021-01-27T22:20:36","guid":{"rendered":"https:\/\/furyfightclub.com\/?post_type=product&#038;p=3952"},"modified":"2021-07-17T22:26:21","modified_gmt":"2021-07-17T22:26:21","slug":"bpi-sports-best-bcaa-w-energy","status":"publish","type":"product","link":"https:\/\/furyfightclub.com\/sq\/product\/bpi-sports-best-bcaa-w-energy\/","title":{"rendered":"BPI Sports Best BCAA W\/Energy"},"content":{"rendered":"<p><img fetchpriority=\"high\" decoding=\"async\" class=\"alignnone size-full wp-image-3954\" src=\"https:\/\/furyfightclub.com\/wp-content\/uploads\/2021\/01\/Untitled.png\" alt=\"\" width=\"1000\" height=\"500\" srcset=\"https:\/\/furyfightclub.com\/wp-content\/uploads\/2021\/01\/Untitled.png 1000w, https:\/\/furyfightclub.com\/wp-content\/uploads\/2021\/01\/Untitled-600x300.png 600w, https:\/\/furyfightclub.com\/wp-content\/uploads\/2021\/01\/Untitled-300x150.png 300w, https:\/\/furyfightclub.com\/wp-content\/uploads\/2021\/01\/Untitled-768x384.png 768w, https:\/\/furyfightclub.com\/wp-content\/uploads\/2021\/01\/Untitled-370x185.png 370w, https:\/\/furyfightclub.com\/wp-content\/uploads\/2021\/01\/Untitled-765x383.png 765w, https:\/\/furyfightclub.com\/wp-content\/uploads\/2021\/01\/Untitled-200x100.png 200w\" sizes=\"(max-width: 1000px) 100vw, 1000px\" \/><\/p>\n<p><strong>BCAA\u2122 w\/ Energy<\/strong>\u00a0\u00ebsht\u00eb nj\u00eb p\u00ebrzjerje q\u00eb ndihmon n\u00eb rritjen e energjis\u00eb p\u00ebr nd\u00ebrtimin e muskujve dhe p\u00ebr te rritur performance dhe fokusin.<br \/>\n\u2022 Stimulimi i muskujve<br \/>\n\u2022 Rritja e energjis\u00eb dhe fokusit<br \/>\n\u2022 Rrit performanc\u00ebn dhe q\u00ebndrueshm\u00ebrin\u00eb<br \/>\n\u2022 Esht\u00eb m\u00eb e mira t\u00eb p\u00ebrdoret n\u00eb mesdit\u00eb ose para st\u00ebrvitje<\/p>\n<p><strong>P\u00ebrmisimi<\/strong><\/p>\n<p>BCAAs leucine, isoleucine dhe valine, ndihmojn\u00eb p\u00ebr rim\u00ebk\u00ebmbjen e muskujve k\u00ebshtu q\u00eb ju mund t\u00eb st\u00ebrvitje fort dit\u00eb pas dite.<\/p>\n<p><strong>Energjia<\/strong><br \/>\nNdiheni t\u00eb lodhur? D\u00ebshironi di\u00e7ka q\u00eb nuk ju p\u00ebrzjen\u00eb? P\u00ebrdoreni k\u00ebt\u00eb formul\u00eb gjat\u00eb mesdit\u00ebs.<\/p>\n<p><strong>Nd\u00ebrtimi i Muskujve<\/strong><\/p>\n<p>Zinxhiri i Amino-acideve t\u00eb deg\u00ebzuar (BCAAs) n\u00eb formul\u00eb mund t\u2019ju ndihmojn\u00eb t\u00eb nd\u00ebrtoni dhe t\u00eb mbani mas\u00ebn muskulare.<\/p>\n<p><strong>Fokusimi<\/strong><\/p>\n<p>Me Alfa-GPC, Trioksin\u00eb dhe Citulin\u00eb, BCAA \u2122 w \/ Energy mund t\u00eb ndihmoj n\u00eb mb\u00ebshtetjen e funksionit njoh\u00ebs, fokusit dhe vigjilenc\u00ebs.<\/p>\n","protected":false},"excerpt":{"rendered":"<p>BPI \u00ebsht\u00eb nj\u00eb produkt sporti.<br \/>\nMe p\u00ebrmbajtje BCAA p\u00ebr Energji, Rim\u00ebk\u00ebmbje dhe Performanc\u00eb.<\/p>\n<ul>\n<li>Raporti i provuar 2: 1: 1 BCAA<\/li>\n<li>Alfa-GPC, Trioksin\u00eb dhe Citulin\u00eb<\/li>\n<li>P\u00ebrmban lidhje te forta midis BCAA dhe peptideve<\/li>\n<li>Nj\u00eb p\u00ebrzierje p\u00ebr shtimin e energjis\u00eb<\/li>\n<\/ul>\n","protected":false},"featured_media":3955,"comment_status":"open","ping_status":"closed","template":"","meta":{"_acf_changed":false,"pmpro_default_level":""},"product_cat":[98],"product_tag":[],"class_list":{"0":"post-3952","1":"product","2":"type-product","3":"status-publish","4":"has-post-thumbnail","6":"product_cat-pre-workout","7":"pmpro-has-access","9":"first","10":"instock","11":"shipping-taxable","12":"purchasable","13":"product-type-simple"},"acf":[],"yoast_head":"<!-- This site is optimized with the Yoast SEO plugin v25.4 - https:\/\/yoast.com\/wordpress\/plugins\/seo\/ -->\n<title>BPI Sports Best BCAA W\/Energy - Fury Fight Club<\/title>\n<meta name=\"robots\" content=\"index, follow, max-snippet:-1, max-image-preview:large, max-video-preview:-1\" \/>\n<link rel=\"canonical\" href=\"https:\/\/furyfightclub.com\/product\/bpi-sports-best-bcaa-w-energy\/\" \/>\n<meta property=\"og:locale\" content=\"sq_AL\" \/>\n<meta property=\"og:type\" content=\"article\" \/>\n<meta property=\"og:title\" content=\"BPI Sports Best BCAA W\/Energy - Fury Fight Club\" \/>\n<meta property=\"og:description\" content=\"BPI \u00ebsht\u00eb nj\u00eb produkt sporti. Me p\u00ebrmbajtje BCAA p\u00ebr Energji, Rim\u00ebk\u00ebmbje dhe Performanc\u00eb.   Raporti i provuar 2: 1: 1 BCAA  Alfa-GPC, Trioksin\u00eb dhe Citulin\u00eb  P\u00ebrmban lidhje te forta midis BCAA dhe peptideve  Nj\u00eb p\u00ebrzierje p\u00ebr shtimin e energjis\u00eb\" \/>\n<meta property=\"og:url\" content=\"https:\/\/furyfightclub.com\/product\/bpi-sports-best-bcaa-w-energy\/\" \/>\n<meta property=\"og:site_name\" content=\"Fury Fight Club\" \/>\n<meta property=\"article:modified_time\" content=\"2021-07-17T22:26:21+00:00\" \/>\n<meta property=\"og:image\" content=\"https:\/\/furyfightclub.com\/wp-content\/uploads\/2021\/01\/bc86e1c2-cf92-4e3f-8bfe-e539063a7ac5.jpg\" \/>\n\t<meta property=\"og:image:width\" content=\"425\" \/>\n\t<meta property=\"og:image:height\" content=\"427\" \/>\n\t<meta property=\"og:image:type\" content=\"image\/jpeg\" \/>\n<meta name=\"twitter:card\" content=\"summary_large_image\" \/>\n<meta name=\"twitter:label1\" content=\"Est. reading time\" \/>\n\t<meta name=\"twitter:data1\" content=\"1 minute\" \/>\n<script type=\"application\/ld+json\" class=\"yoast-schema-graph\">{\"@context\":\"https:\/\/schema.org\",\"@graph\":[{\"@type\":\"WebPage\",\"@id\":\"https:\/\/furyfightclub.com\/product\/bpi-sports-best-bcaa-w-energy\/\",\"url\":\"https:\/\/furyfightclub.com\/product\/bpi-sports-best-bcaa-w-energy\/\",\"name\":\"BPI Sports Best BCAA W\/Energy - Fury Fight Club\",\"isPartOf\":{\"@id\":\"https:\/\/furyfightclub.com\/#website\"},\"primaryImageOfPage\":{\"@id\":\"https:\/\/furyfightclub.com\/product\/bpi-sports-best-bcaa-w-energy\/#primaryimage\"},\"image\":{\"@id\":\"https:\/\/furyfightclub.com\/product\/bpi-sports-best-bcaa-w-energy\/#primaryimage\"},\"thumbnailUrl\":\"https:\/\/furyfightclub.com\/wp-content\/uploads\/2021\/01\/bc86e1c2-cf92-4e3f-8bfe-e539063a7ac5.jpg\",\"datePublished\":\"2021-01-27T22:20:36+00:00\",\"dateModified\":\"2021-07-17T22:26:21+00:00\",\"breadcrumb\":{\"@id\":\"https:\/\/furyfightclub.com\/product\/bpi-sports-best-bcaa-w-energy\/#breadcrumb\"},\"inLanguage\":\"sq-AL\",\"potentialAction\":[{\"@type\":\"ReadAction\",\"target\":[\"https:\/\/furyfightclub.com\/product\/bpi-sports-best-bcaa-w-energy\/\"]}]},{\"@type\":\"ImageObject\",\"inLanguage\":\"sq-AL\",\"@id\":\"https:\/\/furyfightclub.com\/product\/bpi-sports-best-bcaa-w-energy\/#primaryimage\",\"url\":\"https:\/\/furyfightclub.com\/wp-content\/uploads\/2021\/01\/bc86e1c2-cf92-4e3f-8bfe-e539063a7ac5.jpg\",\"contentUrl\":\"https:\/\/furyfightclub.com\/wp-content\/uploads\/2021\/01\/bc86e1c2-cf92-4e3f-8bfe-e539063a7ac5.jpg\",\"width\":425,\"height\":427},{\"@type\":\"BreadcrumbList\",\"@id\":\"https:\/\/furyfightclub.com\/product\/bpi-sports-best-bcaa-w-energy\/#breadcrumb\",\"itemListElement\":[{\"@type\":\"ListItem\",\"position\":1,\"name\":\"Home\",\"item\":\"https:\/\/furyfightclub.com\/sq\/kreu\/\"},{\"@type\":\"ListItem\",\"position\":2,\"name\":\"Dyqani\",\"item\":\"https:\/\/furyfightclub.com\/sq\/dyqani\/\"},{\"@type\":\"ListItem\",\"position\":3,\"name\":\"BPI Sports Best BCAA W\/Energy\"}]},{\"@type\":\"WebSite\",\"@id\":\"https:\/\/furyfightclub.com\/#website\",\"url\":\"https:\/\/furyfightclub.com\/\",\"name\":\"Fury Fight Club\",\"description\":\"No Talent Only Obsession\",\"publisher\":{\"@id\":\"https:\/\/furyfightclub.com\/#organization\"},\"potentialAction\":[{\"@type\":\"SearchAction\",\"target\":{\"@type\":\"EntryPoint\",\"urlTemplate\":\"https:\/\/furyfightclub.com\/?s={search_term_string}\"},\"query-input\":{\"@type\":\"PropertyValueSpecification\",\"valueRequired\":true,\"valueName\":\"search_term_string\"}}],\"inLanguage\":\"sq-AL\"},{\"@type\":\"Organization\",\"@id\":\"https:\/\/furyfightclub.com\/#organization\",\"name\":\"Fury Fight Club\",\"url\":\"https:\/\/furyfightclub.com\/\",\"logo\":{\"@type\":\"ImageObject\",\"inLanguage\":\"sq-AL\",\"@id\":\"https:\/\/furyfightclub.com\/#\/schema\/logo\/image\/\",\"url\":\"https:\/\/furyfightclub.com\/wp-content\/uploads\/2021\/01\/logo@x2.png\",\"contentUrl\":\"https:\/\/furyfightclub.com\/wp-content\/uploads\/2021\/01\/logo@x2.png\",\"width\":255,\"height\":288,\"caption\":\"Fury Fight Club\"},\"image\":{\"@id\":\"https:\/\/furyfightclub.com\/#\/schema\/logo\/image\/\"},\"sameAs\":[\"https:\/\/www.instagram.com\/furyfightclub\/\",\"https:\/\/www.youtube.com\/channel\/UCEGaknxvkwJjaXBPloEA2Sg\"]}]}<\/script>\n<!-- \/ Yoast SEO plugin. -->","yoast_head_json":{"title":"BPI Sports Best BCAA W\/Energy - Fury Fight Club","robots":{"index":"index","follow":"follow","max-snippet":"max-snippet:-1","max-image-preview":"max-image-preview:large","max-video-preview":"max-video-preview:-1"},"canonical":"https:\/\/furyfightclub.com\/product\/bpi-sports-best-bcaa-w-energy\/","og_locale":"sq_AL","og_type":"article","og_title":"BPI Sports Best BCAA W\/Energy - Fury Fight Club","og_description":"BPI \u00ebsht\u00eb nj\u00eb produkt sporti. Me p\u00ebrmbajtje BCAA p\u00ebr Energji, Rim\u00ebk\u00ebmbje dhe Performanc\u00eb.   Raporti i provuar 2: 1: 1 BCAA  Alfa-GPC, Trioksin\u00eb dhe Citulin\u00eb  P\u00ebrmban lidhje te forta midis BCAA dhe peptideve  Nj\u00eb p\u00ebrzierje p\u00ebr shtimin e energjis\u00eb","og_url":"https:\/\/furyfightclub.com\/product\/bpi-sports-best-bcaa-w-energy\/","og_site_name":"Fury Fight Club","article_modified_time":"2021-07-17T22:26:21+00:00","og_image":[{"width":425,"height":427,"url":"https:\/\/furyfightclub.com\/wp-content\/uploads\/2021\/01\/bc86e1c2-cf92-4e3f-8bfe-e539063a7ac5.jpg","type":"image\/jpeg"}],"twitter_card":"summary_large_image","twitter_misc":{"Est. reading time":"1 minute"},"schema":{"@context":"https:\/\/schema.org","@graph":[{"@type":"WebPage","@id":"https:\/\/furyfightclub.com\/product\/bpi-sports-best-bcaa-w-energy\/","url":"https:\/\/furyfightclub.com\/product\/bpi-sports-best-bcaa-w-energy\/","name":"BPI Sports Best BCAA W\/Energy - Fury Fight Club","isPartOf":{"@id":"https:\/\/furyfightclub.com\/#website"},"primaryImageOfPage":{"@id":"https:\/\/furyfightclub.com\/product\/bpi-sports-best-bcaa-w-energy\/#primaryimage"},"image":{"@id":"https:\/\/furyfightclub.com\/product\/bpi-sports-best-bcaa-w-energy\/#primaryimage"},"thumbnailUrl":"https:\/\/furyfightclub.com\/wp-content\/uploads\/2021\/01\/bc86e1c2-cf92-4e3f-8bfe-e539063a7ac5.jpg","datePublished":"2021-01-27T22:20:36+00:00","dateModified":"2021-07-17T22:26:21+00:00","breadcrumb":{"@id":"https:\/\/furyfightclub.com\/product\/bpi-sports-best-bcaa-w-energy\/#breadcrumb"},"inLanguage":"sq-AL","potentialAction":[{"@type":"ReadAction","target":["https:\/\/furyfightclub.com\/product\/bpi-sports-best-bcaa-w-energy\/"]}]},{"@type":"ImageObject","inLanguage":"sq-AL","@id":"https:\/\/furyfightclub.com\/product\/bpi-sports-best-bcaa-w-energy\/#primaryimage","url":"https:\/\/furyfightclub.com\/wp-content\/uploads\/2021\/01\/bc86e1c2-cf92-4e3f-8bfe-e539063a7ac5.jpg","contentUrl":"https:\/\/furyfightclub.com\/wp-content\/uploads\/2021\/01\/bc86e1c2-cf92-4e3f-8bfe-e539063a7ac5.jpg","width":425,"height":427},{"@type":"BreadcrumbList","@id":"https:\/\/furyfightclub.com\/product\/bpi-sports-best-bcaa-w-energy\/#breadcrumb","itemListElement":[{"@type":"ListItem","position":1,"name":"Home","item":"https:\/\/furyfightclub.com\/sq\/kreu\/"},{"@type":"ListItem","position":2,"name":"Dyqani","item":"https:\/\/furyfightclub.com\/sq\/dyqani\/"},{"@type":"ListItem","position":3,"name":"BPI Sports Best BCAA W\/Energy"}]},{"@type":"WebSite","@id":"https:\/\/furyfightclub.com\/#website","url":"https:\/\/furyfightclub.com\/","name":"Fury Fight Club","description":"No Talent Only Obsession","publisher":{"@id":"https:\/\/furyfightclub.com\/#organization"},"potentialAction":[{"@type":"SearchAction","target":{"@type":"EntryPoint","urlTemplate":"https:\/\/furyfightclub.com\/?s={search_term_string}"},"query-input":{"@type":"PropertyValueSpecification","valueRequired":true,"valueName":"search_term_string"}}],"inLanguage":"sq-AL"},{"@type":"Organization","@id":"https:\/\/furyfightclub.com\/#organization","name":"Fury Fight Club","url":"https:\/\/furyfightclub.com\/","logo":{"@type":"ImageObject","inLanguage":"sq-AL","@id":"https:\/\/furyfightclub.com\/#\/schema\/logo\/image\/","url":"https:\/\/furyfightclub.com\/wp-content\/uploads\/2021\/01\/logo@x2.png","contentUrl":"https:\/\/furyfightclub.com\/wp-content\/uploads\/2021\/01\/logo@x2.png","width":255,"height":288,"caption":"Fury Fight Club"},"image":{"@id":"https:\/\/furyfightclub.com\/#\/schema\/logo\/image\/"},"sameAs":["https:\/\/www.instagram.com\/furyfightclub\/","https:\/\/www.youtube.com\/channel\/UCEGaknxvkwJjaXBPloEA2Sg"]}]}},"_links":{"self":[{"href":"https:\/\/furyfightclub.com\/sq\/wp-json\/wp\/v2\/product\/3952","targetHints":{"allow":["GET"]}}],"collection":[{"href":"https:\/\/furyfightclub.com\/sq\/wp-json\/wp\/v2\/product"}],"about":[{"href":"https:\/\/furyfightclub.com\/sq\/wp-json\/wp\/v2\/types\/product"}],"replies":[{"embeddable":true,"href":"https:\/\/furyfightclub.com\/sq\/wp-json\/wp\/v2\/comments?post=3952"}],"wp:featuredmedia":[{"embeddable":true,"href":"https:\/\/furyfightclub.com\/sq\/wp-json\/wp\/v2\/media\/3955"}],"wp:attachment":[{"href":"https:\/\/furyfightclub.com\/sq\/wp-json\/wp\/v2\/media?parent=3952"}],"wp:term":[{"taxonomy":"product_cat","embeddable":true,"href":"https:\/\/furyfightclub.com\/sq\/wp-json\/wp\/v2\/product_cat?post=3952"},{"taxonomy":"product_tag","embeddable":true,"href":"https:\/\/furyfightclub.com\/sq\/wp-json\/wp\/v2\/product_tag?post=3952"}],"curies":[{"name":"wp","href":"https:\/\/api.w.org\/{rel}","templated":true}]}}