{"id":3956,"date":"2021-01-27T22:25:31","date_gmt":"2021-01-27T22:25:31","guid":{"rendered":"https:\/\/furyfightclub.com\/?post_type=product&#038;p=3956"},"modified":"2021-07-17T22:26:58","modified_gmt":"2021-07-17T22:26:58","slug":"bpi-sports-iso-hd","status":"publish","type":"product","link":"https:\/\/furyfightclub.com\/sq\/product\/bpi-sports-iso-hd\/","title":{"rendered":"BPI Sports ISO HD"},"content":{"rendered":"<h3><strong>Ultra past\u00ebr. Thjesht i shish\u00ebm<\/strong><\/h3>\n<p>ISO HD \u2122 p\u00ebrmban 25 gram Ultra-Pure, Ultra-Premium, Proteina t\u00eb hirr\u00ebs.<br \/>\nISO HD \u2122 \u00ebsht\u00eb projektuar p\u00ebr t\u00eb mb\u00ebshtetur rritjen e muskujve dhe rritjen e fuqis\u00eb.<br \/>\nMe nj\u00eb num\u00ebr relativisht t\u00eb ul\u00ebt t\u00eb kalorive dhe p\u00ebrzierje multi-funksionale t\u00eb proteinave, ISO HD \u2122 \u00ebsht\u00eb e p\u00ebrkryer jo vet\u00ebm pas st\u00ebrvitjes, por edhe midis ngr\u00ebnies.<br \/>\nProfili ushqyes i ISO HD \u2122 \u00ebsht\u00eb i pakrahasuesh\u00ebm me shije t\u00eb mir\u00eb dhe p\u00ebrzihet menj\u00ebher\u00eb.<br \/>\nN\u00ebse jeni duke k\u00ebrkuar p\u00ebr nj\u00eb proteine premium me nj\u00eb profil inovativ, t\u00eb adaptuesh\u00ebm dhe me shije t\u00eb pakrahasueshme, kjo \u00ebsht\u00eb ajo!<\/p>\n<p><img fetchpriority=\"high\" decoding=\"async\" class=\"alignnone size-full wp-image-3957\" src=\"https:\/\/furyfightclub.com\/wp-content\/uploads\/2021\/01\/isohd.png\" alt=\"\" width=\"603\" height=\"416\" srcset=\"https:\/\/furyfightclub.com\/wp-content\/uploads\/2021\/01\/isohd.png 603w, https:\/\/furyfightclub.com\/wp-content\/uploads\/2021\/01\/isohd-600x414.png 600w, https:\/\/furyfightclub.com\/wp-content\/uploads\/2021\/01\/isohd-300x207.png 300w, https:\/\/furyfightclub.com\/wp-content\/uploads\/2021\/01\/isohd-370x255.png 370w, https:\/\/furyfightclub.com\/wp-content\/uploads\/2021\/01\/isohd-200x138.png 200w\" sizes=\"(max-width: 603px) 100vw, 603px\" \/><\/p>\n<h3><strong>Protein hidrolizuese<\/strong><\/h3>\n<p>Konsumi i proteinave t\u00eb hidrolizuara lejon q\u00eb aminoacidet t\u00eb absorbohen n\u00eb trup me nj\u00eb rit\u00ebm m\u00eb t\u00eb shpejt\u00eb, i cili, nga ana e vet, maksimizon ushqyesit q\u00eb d\u00ebrgohen n\u00eb indet e muskujve p\u00ebr sh\u00ebrim dhe rritje.<\/p>\n<p><img decoding=\"async\" class=\"alignnone size-full wp-image-3958\" src=\"https:\/\/furyfightclub.com\/wp-content\/uploads\/2021\/01\/isohd2.png\" alt=\"\" width=\"660\" height=\"414\" srcset=\"https:\/\/furyfightclub.com\/wp-content\/uploads\/2021\/01\/isohd2.png 660w, https:\/\/furyfightclub.com\/wp-content\/uploads\/2021\/01\/isohd2-600x376.png 600w, https:\/\/furyfightclub.com\/wp-content\/uploads\/2021\/01\/isohd2-300x188.png 300w, https:\/\/furyfightclub.com\/wp-content\/uploads\/2021\/01\/isohd2-370x232.png 370w, https:\/\/furyfightclub.com\/wp-content\/uploads\/2021\/01\/isohd2-200x125.png 200w\" sizes=\"(max-width: 660px) 100vw, 660px\" \/><\/p>\n<h3><strong>Shije t\u00eb mrekullueshme<\/strong><\/h3>\n<p>ISO HD \u2122 p\u00ebrmban p\u00ebrb\u00ebr\u00ebsit m\u00eb t\u00eb mir\u00eb aromatizues q\u00eb japin arom\u00eb absolutisht m\u00eb t\u00eb mir\u00eb, nj\u00eb shije t\u00eb lepish gishtat.Ndryshe nga markat e tjera t\u00eb izolator\u00ebve, q\u00eb kan\u00eb nj\u00eb cil\u00ebsi t\u00eb holl\u00eb ujore, ISO HD \u2122 \u00ebsht\u00eb e trash\u00eb, e pasur dhe e shijshme!<\/p>\n<p><img decoding=\"async\" class=\"alignnone size-full wp-image-3959\" src=\"https:\/\/furyfightclub.com\/wp-content\/uploads\/2021\/01\/isohd3.png\" alt=\"\" width=\"800\" height=\"500\" srcset=\"https:\/\/furyfightclub.com\/wp-content\/uploads\/2021\/01\/isohd3.png 800w, https:\/\/furyfightclub.com\/wp-content\/uploads\/2021\/01\/isohd3-600x375.png 600w, https:\/\/furyfightclub.com\/wp-content\/uploads\/2021\/01\/isohd3-300x188.png 300w, https:\/\/furyfightclub.com\/wp-content\/uploads\/2021\/01\/isohd3-768x480.png 768w, https:\/\/furyfightclub.com\/wp-content\/uploads\/2021\/01\/isohd3-370x231.png 370w, https:\/\/furyfightclub.com\/wp-content\/uploads\/2021\/01\/isohd3-765x478.png 765w, https:\/\/furyfightclub.com\/wp-content\/uploads\/2021\/01\/isohd3-200x125.png 200w\" sizes=\"(max-width: 800px) 100vw, 800px\" \/><\/p>\n","protected":false},"excerpt":{"rendered":"<p>Nj\u00eb produkt sportiv BPI.<br \/>\nProteina ultra t\u00eb past\u00ebra 100% e hirr\u00ebs izolohen dhe hidrolizohen!<\/p>\n<ul>\n<li>Zero Maltodextrin, zero mbush\u00ebs<\/li>\n<li>Proteina e hirr\u00ebs 100% \u00ebsht\u00eb e izoluar<\/li>\n<li>25g t\u00eb WPI p\u00ebr tu sh\u00ebrbyer<\/li>\n<li>P\u00ebrzihet menj\u00ebher\u00eb n\u00eb nj\u00eb tronditje t\u00eb but\u00eb t\u00eb proteinave<\/li>\n<\/ul>\n","protected":false},"featured_media":3961,"comment_status":"open","ping_status":"closed","template":"","meta":{"_acf_changed":false,"pmpro_default_level":""},"product_cat":[99],"product_tag":[],"class_list":{"0":"post-3956","1":"product","2":"type-product","3":"status-publish","4":"has-post-thumbnail","6":"product_cat-isolate-protein","7":"pmpro-has-access","9":"first","10":"instock","11":"shipping-taxable","12":"purchasable","13":"product-type-simple"},"acf":[],"yoast_head":"<!-- This site is optimized with the Yoast SEO plugin v25.4 - https:\/\/yoast.com\/wordpress\/plugins\/seo\/ -->\n<title>BPI Sports ISO HD - Fury Fight Club<\/title>\n<meta name=\"robots\" content=\"index, follow, max-snippet:-1, max-image-preview:large, max-video-preview:-1\" \/>\n<link rel=\"canonical\" href=\"https:\/\/furyfightclub.com\/sq\/product\/bpi-sports-iso-hd\/\" \/>\n<meta property=\"og:locale\" content=\"sq_AL\" \/>\n<meta property=\"og:type\" content=\"article\" \/>\n<meta property=\"og:title\" content=\"BPI Sports ISO HD - Fury Fight Club\" \/>\n<meta property=\"og:description\" content=\"Nj\u00eb produkt sportiv BPI. Proteina ultra t\u00eb past\u00ebra 100% e hirr\u00ebs izolohen dhe hidrolizohen!   Zero Maltodextrin, zero mbush\u00ebs  Proteina e hirr\u00ebs 100% \u00ebsht\u00eb e izoluar  25g t\u00eb WPI p\u00ebr tu sh\u00ebrbyer  P\u00ebrzihet menj\u00ebher\u00eb n\u00eb nj\u00eb tronditje t\u00eb but\u00eb t\u00eb proteinave\" \/>\n<meta property=\"og:url\" content=\"https:\/\/furyfightclub.com\/sq\/product\/bpi-sports-iso-hd\/\" \/>\n<meta property=\"og:site_name\" content=\"Fury Fight Club\" \/>\n<meta property=\"article:modified_time\" content=\"2021-07-17T22:26:58+00:00\" \/>\n<meta property=\"og:image\" content=\"https:\/\/furyfightclub.com\/wp-content\/uploads\/2021\/01\/s-l500.jpg\" \/>\n\t<meta property=\"og:image:width\" content=\"500\" \/>\n\t<meta property=\"og:image:height\" content=\"500\" \/>\n\t<meta property=\"og:image:type\" content=\"image\/jpeg\" \/>\n<meta name=\"twitter:card\" content=\"summary_large_image\" \/>\n<meta name=\"twitter:label1\" content=\"Est. reading time\" \/>\n\t<meta name=\"twitter:data1\" content=\"1 minute\" \/>\n<script type=\"application\/ld+json\" class=\"yoast-schema-graph\">{\"@context\":\"https:\/\/schema.org\",\"@graph\":[{\"@type\":\"WebPage\",\"@id\":\"https:\/\/furyfightclub.com\/sq\/product\/bpi-sports-iso-hd\/\",\"url\":\"https:\/\/furyfightclub.com\/sq\/product\/bpi-sports-iso-hd\/\",\"name\":\"BPI Sports ISO HD - Fury Fight Club\",\"isPartOf\":{\"@id\":\"https:\/\/furyfightclub.com\/#website\"},\"primaryImageOfPage\":{\"@id\":\"https:\/\/furyfightclub.com\/sq\/product\/bpi-sports-iso-hd\/#primaryimage\"},\"image\":{\"@id\":\"https:\/\/furyfightclub.com\/sq\/product\/bpi-sports-iso-hd\/#primaryimage\"},\"thumbnailUrl\":\"https:\/\/furyfightclub.com\/wp-content\/uploads\/2021\/01\/s-l500.jpg\",\"datePublished\":\"2021-01-27T22:25:31+00:00\",\"dateModified\":\"2021-07-17T22:26:58+00:00\",\"breadcrumb\":{\"@id\":\"https:\/\/furyfightclub.com\/sq\/product\/bpi-sports-iso-hd\/#breadcrumb\"},\"inLanguage\":\"sq-AL\",\"potentialAction\":[{\"@type\":\"ReadAction\",\"target\":[\"https:\/\/furyfightclub.com\/sq\/product\/bpi-sports-iso-hd\/\"]}]},{\"@type\":\"ImageObject\",\"inLanguage\":\"sq-AL\",\"@id\":\"https:\/\/furyfightclub.com\/sq\/product\/bpi-sports-iso-hd\/#primaryimage\",\"url\":\"https:\/\/furyfightclub.com\/wp-content\/uploads\/2021\/01\/s-l500.jpg\",\"contentUrl\":\"https:\/\/furyfightclub.com\/wp-content\/uploads\/2021\/01\/s-l500.jpg\",\"width\":500,\"height\":500},{\"@type\":\"BreadcrumbList\",\"@id\":\"https:\/\/furyfightclub.com\/sq\/product\/bpi-sports-iso-hd\/#breadcrumb\",\"itemListElement\":[{\"@type\":\"ListItem\",\"position\":1,\"name\":\"Home\",\"item\":\"https:\/\/furyfightclub.com\/sq\/kreu\/\"},{\"@type\":\"ListItem\",\"position\":2,\"name\":\"Dyqani\",\"item\":\"https:\/\/furyfightclub.com\/sq\/dyqani\/\"},{\"@type\":\"ListItem\",\"position\":3,\"name\":\"BPI Sports ISO HD\"}]},{\"@type\":\"WebSite\",\"@id\":\"https:\/\/furyfightclub.com\/#website\",\"url\":\"https:\/\/furyfightclub.com\/\",\"name\":\"Fury Fight Club\",\"description\":\"No Talent Only Obsession\",\"publisher\":{\"@id\":\"https:\/\/furyfightclub.com\/#organization\"},\"potentialAction\":[{\"@type\":\"SearchAction\",\"target\":{\"@type\":\"EntryPoint\",\"urlTemplate\":\"https:\/\/furyfightclub.com\/?s={search_term_string}\"},\"query-input\":{\"@type\":\"PropertyValueSpecification\",\"valueRequired\":true,\"valueName\":\"search_term_string\"}}],\"inLanguage\":\"sq-AL\"},{\"@type\":\"Organization\",\"@id\":\"https:\/\/furyfightclub.com\/#organization\",\"name\":\"Fury Fight Club\",\"url\":\"https:\/\/furyfightclub.com\/\",\"logo\":{\"@type\":\"ImageObject\",\"inLanguage\":\"sq-AL\",\"@id\":\"https:\/\/furyfightclub.com\/#\/schema\/logo\/image\/\",\"url\":\"https:\/\/furyfightclub.com\/wp-content\/uploads\/2021\/01\/logo@x2.png\",\"contentUrl\":\"https:\/\/furyfightclub.com\/wp-content\/uploads\/2021\/01\/logo@x2.png\",\"width\":255,\"height\":288,\"caption\":\"Fury Fight Club\"},\"image\":{\"@id\":\"https:\/\/furyfightclub.com\/#\/schema\/logo\/image\/\"},\"sameAs\":[\"https:\/\/www.instagram.com\/furyfightclub\/\",\"https:\/\/www.youtube.com\/channel\/UCEGaknxvkwJjaXBPloEA2Sg\"]}]}<\/script>\n<!-- \/ Yoast SEO plugin. -->","yoast_head_json":{"title":"BPI Sports ISO HD - Fury Fight Club","robots":{"index":"index","follow":"follow","max-snippet":"max-snippet:-1","max-image-preview":"max-image-preview:large","max-video-preview":"max-video-preview:-1"},"canonical":"https:\/\/furyfightclub.com\/sq\/product\/bpi-sports-iso-hd\/","og_locale":"sq_AL","og_type":"article","og_title":"BPI Sports ISO HD - Fury Fight Club","og_description":"Nj\u00eb produkt sportiv BPI. Proteina ultra t\u00eb past\u00ebra 100% e hirr\u00ebs izolohen dhe hidrolizohen!   Zero Maltodextrin, zero mbush\u00ebs  Proteina e hirr\u00ebs 100% \u00ebsht\u00eb e izoluar  25g t\u00eb WPI p\u00ebr tu sh\u00ebrbyer  P\u00ebrzihet menj\u00ebher\u00eb n\u00eb nj\u00eb tronditje t\u00eb but\u00eb t\u00eb proteinave","og_url":"https:\/\/furyfightclub.com\/sq\/product\/bpi-sports-iso-hd\/","og_site_name":"Fury Fight Club","article_modified_time":"2021-07-17T22:26:58+00:00","og_image":[{"width":500,"height":500,"url":"https:\/\/furyfightclub.com\/wp-content\/uploads\/2021\/01\/s-l500.jpg","type":"image\/jpeg"}],"twitter_card":"summary_large_image","twitter_misc":{"Est. reading time":"1 minute"},"schema":{"@context":"https:\/\/schema.org","@graph":[{"@type":"WebPage","@id":"https:\/\/furyfightclub.com\/sq\/product\/bpi-sports-iso-hd\/","url":"https:\/\/furyfightclub.com\/sq\/product\/bpi-sports-iso-hd\/","name":"BPI Sports ISO HD - Fury Fight Club","isPartOf":{"@id":"https:\/\/furyfightclub.com\/#website"},"primaryImageOfPage":{"@id":"https:\/\/furyfightclub.com\/sq\/product\/bpi-sports-iso-hd\/#primaryimage"},"image":{"@id":"https:\/\/furyfightclub.com\/sq\/product\/bpi-sports-iso-hd\/#primaryimage"},"thumbnailUrl":"https:\/\/furyfightclub.com\/wp-content\/uploads\/2021\/01\/s-l500.jpg","datePublished":"2021-01-27T22:25:31+00:00","dateModified":"2021-07-17T22:26:58+00:00","breadcrumb":{"@id":"https:\/\/furyfightclub.com\/sq\/product\/bpi-sports-iso-hd\/#breadcrumb"},"inLanguage":"sq-AL","potentialAction":[{"@type":"ReadAction","target":["https:\/\/furyfightclub.com\/sq\/product\/bpi-sports-iso-hd\/"]}]},{"@type":"ImageObject","inLanguage":"sq-AL","@id":"https:\/\/furyfightclub.com\/sq\/product\/bpi-sports-iso-hd\/#primaryimage","url":"https:\/\/furyfightclub.com\/wp-content\/uploads\/2021\/01\/s-l500.jpg","contentUrl":"https:\/\/furyfightclub.com\/wp-content\/uploads\/2021\/01\/s-l500.jpg","width":500,"height":500},{"@type":"BreadcrumbList","@id":"https:\/\/furyfightclub.com\/sq\/product\/bpi-sports-iso-hd\/#breadcrumb","itemListElement":[{"@type":"ListItem","position":1,"name":"Home","item":"https:\/\/furyfightclub.com\/sq\/kreu\/"},{"@type":"ListItem","position":2,"name":"Dyqani","item":"https:\/\/furyfightclub.com\/sq\/dyqani\/"},{"@type":"ListItem","position":3,"name":"BPI Sports ISO HD"}]},{"@type":"WebSite","@id":"https:\/\/furyfightclub.com\/#website","url":"https:\/\/furyfightclub.com\/","name":"Fury Fight Club","description":"No Talent Only Obsession","publisher":{"@id":"https:\/\/furyfightclub.com\/#organization"},"potentialAction":[{"@type":"SearchAction","target":{"@type":"EntryPoint","urlTemplate":"https:\/\/furyfightclub.com\/?s={search_term_string}"},"query-input":{"@type":"PropertyValueSpecification","valueRequired":true,"valueName":"search_term_string"}}],"inLanguage":"sq-AL"},{"@type":"Organization","@id":"https:\/\/furyfightclub.com\/#organization","name":"Fury Fight Club","url":"https:\/\/furyfightclub.com\/","logo":{"@type":"ImageObject","inLanguage":"sq-AL","@id":"https:\/\/furyfightclub.com\/#\/schema\/logo\/image\/","url":"https:\/\/furyfightclub.com\/wp-content\/uploads\/2021\/01\/logo@x2.png","contentUrl":"https:\/\/furyfightclub.com\/wp-content\/uploads\/2021\/01\/logo@x2.png","width":255,"height":288,"caption":"Fury Fight Club"},"image":{"@id":"https:\/\/furyfightclub.com\/#\/schema\/logo\/image\/"},"sameAs":["https:\/\/www.instagram.com\/furyfightclub\/","https:\/\/www.youtube.com\/channel\/UCEGaknxvkwJjaXBPloEA2Sg"]}]}},"_links":{"self":[{"href":"https:\/\/furyfightclub.com\/sq\/wp-json\/wp\/v2\/product\/3956","targetHints":{"allow":["GET"]}}],"collection":[{"href":"https:\/\/furyfightclub.com\/sq\/wp-json\/wp\/v2\/product"}],"about":[{"href":"https:\/\/furyfightclub.com\/sq\/wp-json\/wp\/v2\/types\/product"}],"replies":[{"embeddable":true,"href":"https:\/\/furyfightclub.com\/sq\/wp-json\/wp\/v2\/comments?post=3956"}],"wp:featuredmedia":[{"embeddable":true,"href":"https:\/\/furyfightclub.com\/sq\/wp-json\/wp\/v2\/media\/3961"}],"wp:attachment":[{"href":"https:\/\/furyfightclub.com\/sq\/wp-json\/wp\/v2\/media?parent=3956"}],"wp:term":[{"taxonomy":"product_cat","embeddable":true,"href":"https:\/\/furyfightclub.com\/sq\/wp-json\/wp\/v2\/product_cat?post=3956"},{"taxonomy":"product_tag","embeddable":true,"href":"https:\/\/furyfightclub.com\/sq\/wp-json\/wp\/v2\/product_tag?post=3956"}],"curies":[{"name":"wp","href":"https:\/\/api.w.org\/{rel}","templated":true}]}}