{"id":4260,"date":"2021-02-15T22:53:32","date_gmt":"2021-02-15T22:53:32","guid":{"rendered":"https:\/\/furyfightclub.com\/?post_type=product&#038;p=4260"},"modified":"2021-07-17T22:29:56","modified_gmt":"2021-07-17T22:29:56","slug":"vitamin-d3","status":"publish","type":"product","link":"https:\/\/furyfightclub.com\/sq\/product\/vitamin-d3\/","title":{"rendered":"Vitamin D3"},"content":{"rendered":"<p><strong>P\u00cbRFITIMET KRYESORE<\/strong><\/p>\n<ul>\n<li>Lart\u00eb Forca 5000 iu tableta<\/li>\n<li>Promovon sh\u00ebndetin normal t\u00eb kockave<\/li>\n<li>K\u00ebrkohet p\u00ebr mir\u00ebmbajtjen e funksionit imun<\/li>\n<li>Produkt i Certifikuar Hallall<\/li>\n<\/ul>\n<p><strong>P\u00cbRDORIMI I SUGJERUAR<\/strong><br \/>\nMerrni 1 tablet\u00eb \u00e7do dit\u00eb me ushqim.<br \/>\nMadh\u00ebsia e sh\u00ebrbimit: 1 tableta<br \/>\nSh\u00ebrbyer p\u00ebr en\u00eb: 90<\/p>\n<p><strong><br \/>\nP\u00cbRB\u00cbR\u00cbSIT\u00cb TJERA<\/strong><br \/>\nDikalcium Fosfat, Celuloza Mikrokristalore, Stearate Magnezi, Silic\u00eb.<\/p>\n<p>FREE NGA: gluten, gruri, qum\u00ebshti, soj\u00eb, maja, preservatives, sweeteners, flavors artificiale ose ngjyra.<\/p>\n<p>I P\u00cbRSHTATSH\u00cbM P\u00cbR: Vegjetarian\u00ebt. ALERG\u00cbT: Asnj\u00eb.<\/p>\n<p><strong>KUJDES<\/strong><br \/>\nKontrolloni me nj\u00eb profesionist sh\u00ebndet\u00ebsor t\u00eb kualifikuar para p\u00ebrdorimit t\u00eb k\u00ebtij produkti n\u00ebse jeni n\u00ebn mosh\u00ebn 18 vje\u00e7, shtatz\u00ebn\u00eb ose infermiere t\u00eb nj\u00eb f\u00ebmije ose n\u00ebse keni ndonj\u00eb gjendje t\u00eb njohur ose t\u00eb dyshuar mjek\u00ebsore dhe ose po merrni ndonj\u00eb recet\u00eb ose medikamente OTC. Nuk duhet t\u00eb p\u00ebrdoret si z\u00ebvend\u00ebsim p\u00ebr nj\u00eb diet\u00eb t\u00eb ndryshme dhe nj\u00eb m\u00ebnyr\u00eb jetese t\u00eb sh\u00ebndetshme. Ruajeni k\u00ebt\u00eb produkt n\u00eb nj\u00eb vend t\u00eb ftoht\u00eb t\u00eb that\u00eb, larg f\u00ebmij\u00ebve. Mos e tejkaloni p\u00ebrdorimin e sugjeruar. P\u00ebr alergenet shih p\u00ebrb\u00ebr\u00ebsit me t\u00eb zez\u00eb.<\/p>\n<p><strong>TESTUAR P\u00cbR ATLETA<\/strong><br \/>\n\u00c7do grumbull i k\u00ebtij produkti \u00ebsht\u00eb testuar p\u00ebr substanca t\u00eb ndaluara n\u00ebn nj\u00eb program t\u00eb monitoruar. Produktet i n\u00ebnshtrohen testimeve rigoroze n\u00eb nj\u00eb laborator t\u00eb akredituar n\u00eb ISO 17025 p\u00ebr t\u00eb siguruar nivelin m\u00eb t\u00eb lart\u00eb t\u00eb sigurimit se ato jan\u00eb m\u00eb t\u00eb sigurta p\u00ebr atlet\u00ebt q\u00eb duhet t\u00eb p\u00ebrdorin.<\/p>\n<p><strong>GMP<\/strong><br \/>\nKy produkt \u00ebsht\u00eb prodhuar n\u00eb nj\u00eb objekt GMP n\u00ebn kontroll t\u00eb rrept\u00eb t\u00eb cil\u00ebsis\u00eb p\u00ebr t\u00eb siguruar cil\u00ebsi t\u00eb q\u00ebndrueshme t\u00eb lart\u00eb q\u00eb plot\u00ebson k\u00ebrkesat e autorizimit t\u00eb marketingut (MA) ose specifikimet e produktit.<\/p>\n","protected":false},"excerpt":{"rendered":"<p>Vitamina D kontribuon n\u00eb ruajtjen e funksionit normal t\u00eb muskujve dhe funksionin normal t\u00eb sistemit imunitar.<\/p>\n","protected":false},"featured_media":4261,"comment_status":"open","ping_status":"closed","template":"","meta":{"_acf_changed":false,"pmpro_default_level":""},"product_cat":[95],"product_tag":[],"class_list":{"0":"post-4260","1":"product","2":"type-product","3":"status-publish","4":"has-post-thumbnail","6":"product_cat-mass-gainer","7":"pmpro-has-access","9":"first","10":"instock","11":"shipping-taxable","12":"purchasable","13":"product-type-simple"},"acf":[],"yoast_head":"<!-- This site is optimized with the Yoast SEO plugin v25.4 - https:\/\/yoast.com\/wordpress\/plugins\/seo\/ -->\n<title>Vitamin D3 - Fury Fight Club<\/title>\n<meta name=\"robots\" content=\"index, follow, max-snippet:-1, max-image-preview:large, max-video-preview:-1\" \/>\n<link rel=\"canonical\" href=\"https:\/\/furyfightclub.com\/product\/vitamin-d3\/\" \/>\n<meta property=\"og:locale\" content=\"sq_AL\" \/>\n<meta property=\"og:type\" content=\"article\" \/>\n<meta property=\"og:title\" content=\"Vitamin D3 - Fury Fight Club\" \/>\n<meta property=\"og:description\" content=\"Vitamina D kontribuon n\u00eb ruajtjen e funksionit normal t\u00eb muskujve dhe funksionin normal t\u00eb sistemit imunitar.\" \/>\n<meta property=\"og:url\" content=\"https:\/\/furyfightclub.com\/product\/vitamin-d3\/\" \/>\n<meta property=\"og:site_name\" content=\"Fury Fight Club\" \/>\n<meta property=\"article:modified_time\" content=\"2021-07-17T22:29:56+00:00\" \/>\n<meta property=\"og:image\" content=\"https:\/\/furyfightclub.com\/wp-content\/uploads\/2021\/02\/vitamin-d3-510x510-1.png\" \/>\n\t<meta property=\"og:image:width\" content=\"510\" \/>\n\t<meta property=\"og:image:height\" content=\"510\" \/>\n\t<meta property=\"og:image:type\" content=\"image\/png\" \/>\n<meta name=\"twitter:card\" content=\"summary_large_image\" \/>\n<meta name=\"twitter:label1\" content=\"Est. reading time\" \/>\n\t<meta name=\"twitter:data1\" content=\"1 minute\" \/>\n<script type=\"application\/ld+json\" class=\"yoast-schema-graph\">{\"@context\":\"https:\/\/schema.org\",\"@graph\":[{\"@type\":\"WebPage\",\"@id\":\"https:\/\/furyfightclub.com\/product\/vitamin-d3\/\",\"url\":\"https:\/\/furyfightclub.com\/product\/vitamin-d3\/\",\"name\":\"Vitamin D3 - Fury Fight Club\",\"isPartOf\":{\"@id\":\"https:\/\/furyfightclub.com\/#website\"},\"primaryImageOfPage\":{\"@id\":\"https:\/\/furyfightclub.com\/product\/vitamin-d3\/#primaryimage\"},\"image\":{\"@id\":\"https:\/\/furyfightclub.com\/product\/vitamin-d3\/#primaryimage\"},\"thumbnailUrl\":\"https:\/\/furyfightclub.com\/wp-content\/uploads\/2021\/02\/vitamin-d3-510x510-1.png\",\"datePublished\":\"2021-02-15T22:53:32+00:00\",\"dateModified\":\"2021-07-17T22:29:56+00:00\",\"breadcrumb\":{\"@id\":\"https:\/\/furyfightclub.com\/product\/vitamin-d3\/#breadcrumb\"},\"inLanguage\":\"sq-AL\",\"potentialAction\":[{\"@type\":\"ReadAction\",\"target\":[\"https:\/\/furyfightclub.com\/product\/vitamin-d3\/\"]}]},{\"@type\":\"ImageObject\",\"inLanguage\":\"sq-AL\",\"@id\":\"https:\/\/furyfightclub.com\/product\/vitamin-d3\/#primaryimage\",\"url\":\"https:\/\/furyfightclub.com\/wp-content\/uploads\/2021\/02\/vitamin-d3-510x510-1.png\",\"contentUrl\":\"https:\/\/furyfightclub.com\/wp-content\/uploads\/2021\/02\/vitamin-d3-510x510-1.png\",\"width\":510,\"height\":510},{\"@type\":\"BreadcrumbList\",\"@id\":\"https:\/\/furyfightclub.com\/product\/vitamin-d3\/#breadcrumb\",\"itemListElement\":[{\"@type\":\"ListItem\",\"position\":1,\"name\":\"Home\",\"item\":\"https:\/\/furyfightclub.com\/sq\/kreu\/\"},{\"@type\":\"ListItem\",\"position\":2,\"name\":\"Dyqani\",\"item\":\"https:\/\/furyfightclub.com\/sq\/dyqani\/\"},{\"@type\":\"ListItem\",\"position\":3,\"name\":\"Vitamin D3\"}]},{\"@type\":\"WebSite\",\"@id\":\"https:\/\/furyfightclub.com\/#website\",\"url\":\"https:\/\/furyfightclub.com\/\",\"name\":\"Fury Fight Club\",\"description\":\"No Talent Only Obsession\",\"publisher\":{\"@id\":\"https:\/\/furyfightclub.com\/#organization\"},\"potentialAction\":[{\"@type\":\"SearchAction\",\"target\":{\"@type\":\"EntryPoint\",\"urlTemplate\":\"https:\/\/furyfightclub.com\/?s={search_term_string}\"},\"query-input\":{\"@type\":\"PropertyValueSpecification\",\"valueRequired\":true,\"valueName\":\"search_term_string\"}}],\"inLanguage\":\"sq-AL\"},{\"@type\":\"Organization\",\"@id\":\"https:\/\/furyfightclub.com\/#organization\",\"name\":\"Fury Fight Club\",\"url\":\"https:\/\/furyfightclub.com\/\",\"logo\":{\"@type\":\"ImageObject\",\"inLanguage\":\"sq-AL\",\"@id\":\"https:\/\/furyfightclub.com\/#\/schema\/logo\/image\/\",\"url\":\"https:\/\/furyfightclub.com\/wp-content\/uploads\/2021\/01\/logo@x2.png\",\"contentUrl\":\"https:\/\/furyfightclub.com\/wp-content\/uploads\/2021\/01\/logo@x2.png\",\"width\":255,\"height\":288,\"caption\":\"Fury Fight Club\"},\"image\":{\"@id\":\"https:\/\/furyfightclub.com\/#\/schema\/logo\/image\/\"},\"sameAs\":[\"https:\/\/www.instagram.com\/furyfightclub\/\",\"https:\/\/www.youtube.com\/channel\/UCEGaknxvkwJjaXBPloEA2Sg\"]}]}<\/script>\n<!-- \/ Yoast SEO plugin. -->","yoast_head_json":{"title":"Vitamin D3 - Fury Fight Club","robots":{"index":"index","follow":"follow","max-snippet":"max-snippet:-1","max-image-preview":"max-image-preview:large","max-video-preview":"max-video-preview:-1"},"canonical":"https:\/\/furyfightclub.com\/product\/vitamin-d3\/","og_locale":"sq_AL","og_type":"article","og_title":"Vitamin D3 - Fury Fight Club","og_description":"Vitamina D kontribuon n\u00eb ruajtjen e funksionit normal t\u00eb muskujve dhe funksionin normal t\u00eb sistemit imunitar.","og_url":"https:\/\/furyfightclub.com\/product\/vitamin-d3\/","og_site_name":"Fury Fight Club","article_modified_time":"2021-07-17T22:29:56+00:00","og_image":[{"width":510,"height":510,"url":"https:\/\/furyfightclub.com\/wp-content\/uploads\/2021\/02\/vitamin-d3-510x510-1.png","type":"image\/png"}],"twitter_card":"summary_large_image","twitter_misc":{"Est. reading time":"1 minute"},"schema":{"@context":"https:\/\/schema.org","@graph":[{"@type":"WebPage","@id":"https:\/\/furyfightclub.com\/product\/vitamin-d3\/","url":"https:\/\/furyfightclub.com\/product\/vitamin-d3\/","name":"Vitamin D3 - Fury Fight Club","isPartOf":{"@id":"https:\/\/furyfightclub.com\/#website"},"primaryImageOfPage":{"@id":"https:\/\/furyfightclub.com\/product\/vitamin-d3\/#primaryimage"},"image":{"@id":"https:\/\/furyfightclub.com\/product\/vitamin-d3\/#primaryimage"},"thumbnailUrl":"https:\/\/furyfightclub.com\/wp-content\/uploads\/2021\/02\/vitamin-d3-510x510-1.png","datePublished":"2021-02-15T22:53:32+00:00","dateModified":"2021-07-17T22:29:56+00:00","breadcrumb":{"@id":"https:\/\/furyfightclub.com\/product\/vitamin-d3\/#breadcrumb"},"inLanguage":"sq-AL","potentialAction":[{"@type":"ReadAction","target":["https:\/\/furyfightclub.com\/product\/vitamin-d3\/"]}]},{"@type":"ImageObject","inLanguage":"sq-AL","@id":"https:\/\/furyfightclub.com\/product\/vitamin-d3\/#primaryimage","url":"https:\/\/furyfightclub.com\/wp-content\/uploads\/2021\/02\/vitamin-d3-510x510-1.png","contentUrl":"https:\/\/furyfightclub.com\/wp-content\/uploads\/2021\/02\/vitamin-d3-510x510-1.png","width":510,"height":510},{"@type":"BreadcrumbList","@id":"https:\/\/furyfightclub.com\/product\/vitamin-d3\/#breadcrumb","itemListElement":[{"@type":"ListItem","position":1,"name":"Home","item":"https:\/\/furyfightclub.com\/sq\/kreu\/"},{"@type":"ListItem","position":2,"name":"Dyqani","item":"https:\/\/furyfightclub.com\/sq\/dyqani\/"},{"@type":"ListItem","position":3,"name":"Vitamin D3"}]},{"@type":"WebSite","@id":"https:\/\/furyfightclub.com\/#website","url":"https:\/\/furyfightclub.com\/","name":"Fury Fight Club","description":"No Talent Only Obsession","publisher":{"@id":"https:\/\/furyfightclub.com\/#organization"},"potentialAction":[{"@type":"SearchAction","target":{"@type":"EntryPoint","urlTemplate":"https:\/\/furyfightclub.com\/?s={search_term_string}"},"query-input":{"@type":"PropertyValueSpecification","valueRequired":true,"valueName":"search_term_string"}}],"inLanguage":"sq-AL"},{"@type":"Organization","@id":"https:\/\/furyfightclub.com\/#organization","name":"Fury Fight Club","url":"https:\/\/furyfightclub.com\/","logo":{"@type":"ImageObject","inLanguage":"sq-AL","@id":"https:\/\/furyfightclub.com\/#\/schema\/logo\/image\/","url":"https:\/\/furyfightclub.com\/wp-content\/uploads\/2021\/01\/logo@x2.png","contentUrl":"https:\/\/furyfightclub.com\/wp-content\/uploads\/2021\/01\/logo@x2.png","width":255,"height":288,"caption":"Fury Fight Club"},"image":{"@id":"https:\/\/furyfightclub.com\/#\/schema\/logo\/image\/"},"sameAs":["https:\/\/www.instagram.com\/furyfightclub\/","https:\/\/www.youtube.com\/channel\/UCEGaknxvkwJjaXBPloEA2Sg"]}]}},"_links":{"self":[{"href":"https:\/\/furyfightclub.com\/sq\/wp-json\/wp\/v2\/product\/4260","targetHints":{"allow":["GET"]}}],"collection":[{"href":"https:\/\/furyfightclub.com\/sq\/wp-json\/wp\/v2\/product"}],"about":[{"href":"https:\/\/furyfightclub.com\/sq\/wp-json\/wp\/v2\/types\/product"}],"replies":[{"embeddable":true,"href":"https:\/\/furyfightclub.com\/sq\/wp-json\/wp\/v2\/comments?post=4260"}],"wp:featuredmedia":[{"embeddable":true,"href":"https:\/\/furyfightclub.com\/sq\/wp-json\/wp\/v2\/media\/4261"}],"wp:attachment":[{"href":"https:\/\/furyfightclub.com\/sq\/wp-json\/wp\/v2\/media?parent=4260"}],"wp:term":[{"taxonomy":"product_cat","embeddable":true,"href":"https:\/\/furyfightclub.com\/sq\/wp-json\/wp\/v2\/product_cat?post=4260"},{"taxonomy":"product_tag","embeddable":true,"href":"https:\/\/furyfightclub.com\/sq\/wp-json\/wp\/v2\/product_tag?post=4260"}],"curies":[{"name":"wp","href":"https:\/\/api.w.org\/{rel}","templated":true}]}}