{"id":4277,"date":"2021-02-15T23:13:55","date_gmt":"2021-02-15T23:13:55","guid":{"rendered":"https:\/\/furyfightclub.com\/?post_type=product&#038;p=4277"},"modified":"2021-07-17T22:35:02","modified_gmt":"2021-07-17T22:35:02","slug":"pump","status":"publish","type":"product","link":"https:\/\/furyfightclub.com\/sq\/product\/pump\/","title":{"rendered":"Pump"},"content":{"rendered":"<p><strong>P\u00cbRFITIMET KRYESORE<\/strong><\/p>\n<ul>\n<li style=\"list-style-type: none;\">\n<ul>\n<li>ZERO Stimulant \u2013 Perfekt p\u00ebr st\u00ebrvitje gjat\u00eb nat\u00ebs<\/li>\n<li>Creatine Monohydrate rrit performanc\u00ebn fizike n\u00eb bresh\u00ebri t\u00eb nj\u00ebpasnj\u00ebshme t\u00eb st\u00ebrvitjes afatshkurt\u00ebr dhe me intensitet t\u00eb lart\u00eb<\/li>\n<li>Vitamina B12 kontribuon n\u00eb uljen e lodhjes dhe lodhjes<\/li>\n<li>Testuar p\u00ebr atlet\u00ebt<\/li>\n<li>Produkt i Certifikuar Hallall<\/li>\n<\/ul>\n<\/li>\n<\/ul>\n<p><strong>P\u00cbRDORIMI I SUGJERUAR<\/strong><br \/>\nMix 1 duke sh\u00ebrbyer 15g (2 kuti) me 200ml uj\u00eb t\u00eb ftoht\u00eb 30 minuta para ushtrimit dhe konsumoni menj\u00ebher\u00eb.<\/p>\n<p>* Scoops vler\u00ebsohen vet\u00ebm, peshoret e peshimit jan\u00eb t\u00eb rekomanduara.<\/p>\n<p><strong>INFORMACION USHQYES<\/strong><\/p>\n<table id=\"tablepress-3\" class=\"tablepress tablepress-id-3\">\n<thead>\n<tr class=\"row-1\">\n<th class=\"column-1\"><\/th>\n<th class=\"column-2\">PER (100 G)<\/th>\n<th class=\"column-3\">PER SERVING (15 G)<\/th>\n<th class=\"column-4\">*RI %<\/th>\n<\/tr>\n<\/thead>\n<tbody class=\"row-hover\">\n<tr class=\"row-2\">\n<td class=\"column-1\">Energy<\/td>\n<td class=\"column-2\">71 kJ \/ 17 Kcal<\/td>\n<td class=\"column-3\">11 kJ \/ 3 Kcal<\/td>\n<td class=\"column-4\"><\/td>\n<\/tr>\n<tr class=\"row-3\">\n<td class=\"column-1\">Fats<\/td>\n<td class=\"column-2\">0 g<\/td>\n<td class=\"column-3\">0 g<\/td>\n<td class=\"column-4\"><\/td>\n<\/tr>\n<tr class=\"row-4\">\n<td class=\"column-1\">of which Saturates<\/td>\n<td class=\"column-2\">0 g<\/td>\n<td class=\"column-3\">0 g<\/td>\n<td class=\"column-4\"><\/td>\n<\/tr>\n<tr class=\"row-5\">\n<td class=\"column-1\">Carbohydrates<\/td>\n<td class=\"column-2\">4.2 g<\/td>\n<td class=\"column-3\">0.63 g<\/td>\n<td class=\"column-4\"><\/td>\n<\/tr>\n<tr class=\"row-6\">\n<td class=\"column-1\">of which Sugars<\/td>\n<td class=\"column-2\">0 g<\/td>\n<td class=\"column-3\">0 g<\/td>\n<td class=\"column-4\"><\/td>\n<\/tr>\n<tr class=\"row-7\">\n<td class=\"column-1\">Fibre<\/td>\n<td class=\"column-2\">0 g<\/td>\n<td class=\"column-3\">0 g<\/td>\n<td class=\"column-4\"><\/td>\n<\/tr>\n<tr class=\"row-8\">\n<td class=\"column-1\">Protein<\/td>\n<td class=\"column-2\">0 g<\/td>\n<td class=\"column-3\">0 g<\/td>\n<td class=\"column-4\"><\/td>\n<\/tr>\n<tr class=\"row-9\">\n<td class=\"column-1\">Sodium<\/td>\n<td class=\"column-2\">1.137 g<\/td>\n<td class=\"column-3\">0.171 g<\/td>\n<td class=\"column-4\"><\/td>\n<\/tr>\n<tr class=\"row-10\">\n<td class=\"column-1\">Salt Equivalent<\/td>\n<td class=\"column-2\">2.843 g<\/td>\n<td class=\"column-3\">0.426 g<\/td>\n<td class=\"column-4\"><\/td>\n<\/tr>\n<tr class=\"row-11\">\n<td class=\"column-1\">Citrulline Malate 2:1<\/td>\n<td class=\"column-2\">33.3 g<\/td>\n<td class=\"column-3\">5 g<\/td>\n<td class=\"column-4\"><\/td>\n<\/tr>\n<tr class=\"row-12\">\n<td class=\"column-1\">AAKG<\/td>\n<td class=\"column-2\">20 g<\/td>\n<td class=\"column-3\">3 g<\/td>\n<td class=\"column-4\"><\/td>\n<\/tr>\n<tr class=\"row-13\">\n<td class=\"column-1\">Creatine Monohydrate<\/td>\n<td class=\"column-2\">20 g<\/td>\n<td class=\"column-3\">3g<\/td>\n<td class=\"column-4\"><\/td>\n<\/tr>\n<tr class=\"row-14\">\n<td class=\"column-1\">Beta-Alanine<\/td>\n<td class=\"column-2\">13.33 g<\/td>\n<td class=\"column-3\">2g<\/td>\n<td class=\"column-4\"><\/td>\n<\/tr>\n<tr class=\"row-15\">\n<td class=\"column-1\">Taurine<\/td>\n<td class=\"column-2\">1667 mg<\/td>\n<td class=\"column-3\">250 mg<\/td>\n<td class=\"column-4\"><\/td>\n<\/tr>\n<tr class=\"row-16\">\n<td class=\"column-1\">L-Tyrosine<\/td>\n<td class=\"column-2\">1667 mg<\/td>\n<td class=\"column-3\">250 mg<\/td>\n<td class=\"column-4\"><\/td>\n<\/tr>\n<tr class=\"row-17\">\n<td class=\"column-1\">L-Theanine<\/td>\n<td class=\"column-2\">1667 mg<\/td>\n<td class=\"column-3\">250 mg<\/td>\n<td class=\"column-4\"><\/td>\n<\/tr>\n<tr class=\"row-18\">\n<td class=\"column-1\">AstraGin<\/td>\n<td class=\"column-2\">333 mg<\/td>\n<td class=\"column-3\">50 mg<\/td>\n<td class=\"column-4\"><\/td>\n<\/tr>\n<tr class=\"row-19\">\n<td class=\"column-1\">BioPerine<\/td>\n<td class=\"column-2\">33 mg<\/td>\n<td class=\"column-3\">5 mg<\/td>\n<td class=\"column-4\"><\/td>\n<\/tr>\n<tr class=\"row-20\">\n<td class=\"column-1\">Vitamin B3<\/td>\n<td class=\"column-2\">400 mg<\/td>\n<td class=\"column-3\">60 mg<\/td>\n<td class=\"column-4\">375<\/td>\n<\/tr>\n<tr class=\"row-21\">\n<td class=\"column-1\">Vitamin B12<\/td>\n<td class=\"column-2\">333 mcg<\/td>\n<td class=\"column-3\">50 mcg<\/td>\n<td class=\"column-4\">2000<\/td>\n<\/tr>\n<\/tbody>\n<\/table>\n<p><strong>P\u00cbRB\u00cbR\u00cbSIT<\/strong><br \/>\n(Shp\u00ebrthimi i frutave)<br \/>\nCitrulline Malate 2: 1, Arginine Alpha Ketoglutarate (AAKG), Creatine Monohydrate, Beta-Alanine, Flavour Natyrore, Rregullator\u00ebt Acidity (Acid Citric, Bicarbonate Natriumi), L-Theanine, Dioksid Silic, Silikat Kalciumi, Vitamina B3 (Nicotinamide), BioPerine (Extract Black Pepper), Sweetener (Sucralose), AstraGin\u00ae (Astragalus &amp; Panax Notoginseng Extract), Ngjyra Natyrale (Panxhir Kuq), Vitamina B12 (Cyanocobalamin).<\/p>\n<p>(Icy Blue Raz)<br \/>\nCitrulline Malate 2: 1, Arginine Alpha Ketoglutarate (AAKG), Creatine Monohydrate, Beta-Alanine, Flavour Natyrore, Rregullator\u00ebt Acidity (Acid Citric, Bicarbonate Natriumi), L-Theanine, Dioksid Silic, Silikat Calcium, Nicotinamide (Vitamina B3), BioPerine \u00ae (Ekstrakt i Piper\u00ebs s\u00eb Zez\u00eb), Sweetener (Sucralose), AstraGin\u00ae (Astragalus &amp; Panax Notoginseng Extract), Natyral Ngjyra (Spirulina), Cyanocobalamin (Vitamina B12).<\/p>\n<p><strong>TESTUAR P\u00cbR ATLETA<\/strong><br \/>\n\u00c7do p\u00ebrb\u00ebr\u00ebs brenda k\u00ebtij grupi i n\u00ebnshtrohet shqyrtimit dhe testimit rigoroz p\u00ebr substanca t\u00eb ndaluara para prodhimit sipas nj\u00eb programi t\u00eb monitoruar. Produktet p\u00ebrfundimtare prodhohen dhe paketohen pastaj n\u00eb nj\u00eb laborator t\u00eb akredituar ISO 22000, BRC, GMP &amp; Hallall p\u00ebr t\u00eb siguruar nivelin m\u00eb t\u00eb lart\u00eb t\u00eb sigurimit se ato jan\u00eb t\u00eb sigurta p\u00ebr atlet\u00ebt q\u00eb duhet t\u00eb p\u00ebrdorin.<\/p>\n<p><strong>KUJDES<\/strong><br \/>\nKontrolloni me nj\u00eb profesionist sh\u00ebndet\u00ebsor t\u00eb kualifikuar para p\u00ebrdorimit t\u00eb k\u00ebtij produkti n\u00ebse jeni n\u00ebn mosh\u00ebn 18 vje\u00e7, shtatz\u00ebn\u00eb ose infermiere t\u00eb nj\u00eb f\u00ebmije ose n\u00ebse keni ndonj\u00eb gjendje t\u00eb njohur ose t\u00eb dyshuar mjek\u00ebsore dhe ose po merrni ndonj\u00eb recet\u00eb ose medikamente OTC. Nuk duhet t\u00eb p\u00ebrdoret si z\u00ebvend\u00ebsim p\u00ebr nj\u00eb diet\u00eb t\u00eb ndryshme dhe nj\u00eb m\u00ebnyr\u00eb jetese t\u00eb sh\u00ebndetshme. Ruajeni k\u00ebt\u00eb produkt n\u00eb nj\u00eb vend t\u00eb ftoht\u00eb t\u00eb that\u00eb, larg f\u00ebmij\u00ebve. Mos e tejkaloni p\u00ebrdorimin e sugjeruar. P\u00ebr alergjiket shih p\u00ebrb\u00ebr\u00ebsit me t\u00eb zez\u00eb.<\/p>\n","protected":false},"excerpt":{"rendered":"<p><strong>5g Citrulline | 3g AAKG | 3g Creatine | 2g Beta-Alanine<\/strong><br \/>\nPump 3G Zero \u00ebsht\u00eb versioni i Lir\u00eb Stimulant i Pumpit ton\u00eb 3G, tani m\u00eb i p\u00ebrqendruar se kurr\u00eb, i mbushur me nj\u00eb mori p\u00ebrb\u00ebr\u00ebsish m\u00eb t\u00eb popullarizuar dhe t\u00eb hulumtuar p\u00ebr t\u00eb ndihmuar n\u00eb p\u00ebrmir\u00ebsimin e forc\u00ebs, fokusit dhe performanc\u00ebs.Pump 3G Zero u formulua nd\u00ebrkoh\u00eb q\u00eb FAKTORI PUMP u prioritizua n\u00eb t\u00eb gjitha fazat e zhvillimit, n\u00eb m\u00ebnyr\u00eb q\u00eb t\u00eb maksimizoj\u00eb fitimet, pa nj\u00eb doz\u00eb stimuluese t\u00eb fuqishme.<\/p>\n","protected":false},"featured_media":4278,"comment_status":"open","ping_status":"closed","template":"","meta":{"_acf_changed":false,"pmpro_default_level":""},"product_cat":[98],"product_tag":[],"class_list":{"0":"post-4277","1":"product","2":"type-product","3":"status-publish","4":"has-post-thumbnail","6":"product_cat-pre-workout","7":"pmpro-has-access","9":"first","10":"instock","11":"shipping-taxable","12":"purchasable","13":"product-type-simple"},"acf":[],"yoast_head":"<!-- This site is optimized with the Yoast SEO plugin v25.4 - https:\/\/yoast.com\/wordpress\/plugins\/seo\/ -->\n<title>Pump - Fury Fight Club<\/title>\n<meta name=\"robots\" content=\"index, follow, max-snippet:-1, max-image-preview:large, max-video-preview:-1\" \/>\n<link rel=\"canonical\" href=\"https:\/\/furyfightclub.com\/product\/pump\/\" \/>\n<meta property=\"og:locale\" content=\"sq_AL\" \/>\n<meta property=\"og:type\" content=\"article\" \/>\n<meta property=\"og:title\" content=\"Pump - Fury Fight Club\" \/>\n<meta property=\"og:description\" content=\"5g Citrulline | 3g AAKG | 3g Creatine | 2g Beta-Alanine Pump 3G Zero \u00ebsht\u00eb versioni i Lir\u00eb Stimulant i Pumpit ton\u00eb 3G, tani m\u00eb i p\u00ebrqendruar se kurr\u00eb, i mbushur me nj\u00eb mori p\u00ebrb\u00ebr\u00ebsish m\u00eb t\u00eb popullarizuar dhe t\u00eb hulumtuar p\u00ebr t\u00eb ndihmuar n\u00eb p\u00ebrmir\u00ebsimin e forc\u00ebs, fokusit dhe performanc\u00ebs.Pump 3G Zero u formulua nd\u00ebrkoh\u00eb q\u00eb FAKTORI PUMP u prioritizua n\u00eb t\u00eb gjitha fazat e zhvillimit, n\u00eb m\u00ebnyr\u00eb q\u00eb t\u00eb maksimizoj\u00eb fitimet, pa nj\u00eb doz\u00eb stimuluese t\u00eb fuqishme.\" \/>\n<meta property=\"og:url\" content=\"https:\/\/furyfightclub.com\/product\/pump\/\" \/>\n<meta property=\"og:site_name\" content=\"Fury Fight Club\" \/>\n<meta property=\"article:modified_time\" content=\"2021-07-17T22:35:02+00:00\" \/>\n<meta property=\"og:image\" content=\"https:\/\/furyfightclub.com\/wp-content\/uploads\/2021\/02\/94d7bd99-2751-4372-be94-323332931487-510x510-1.png\" \/>\n\t<meta property=\"og:image:width\" content=\"600\" \/>\n\t<meta property=\"og:image:height\" content=\"600\" \/>\n\t<meta property=\"og:image:type\" content=\"image\/png\" \/>\n<meta name=\"twitter:card\" content=\"summary_large_image\" \/>\n<meta name=\"twitter:label1\" content=\"Est. reading time\" \/>\n\t<meta name=\"twitter:data1\" content=\"2 minutes\" \/>\n<script type=\"application\/ld+json\" class=\"yoast-schema-graph\">{\"@context\":\"https:\/\/schema.org\",\"@graph\":[{\"@type\":\"WebPage\",\"@id\":\"https:\/\/furyfightclub.com\/product\/pump\/\",\"url\":\"https:\/\/furyfightclub.com\/product\/pump\/\",\"name\":\"Pump - Fury Fight Club\",\"isPartOf\":{\"@id\":\"https:\/\/furyfightclub.com\/#website\"},\"primaryImageOfPage\":{\"@id\":\"https:\/\/furyfightclub.com\/product\/pump\/#primaryimage\"},\"image\":{\"@id\":\"https:\/\/furyfightclub.com\/product\/pump\/#primaryimage\"},\"thumbnailUrl\":\"https:\/\/furyfightclub.com\/wp-content\/uploads\/2021\/02\/94d7bd99-2751-4372-be94-323332931487-510x510-1.png\",\"datePublished\":\"2021-02-15T23:13:55+00:00\",\"dateModified\":\"2021-07-17T22:35:02+00:00\",\"breadcrumb\":{\"@id\":\"https:\/\/furyfightclub.com\/product\/pump\/#breadcrumb\"},\"inLanguage\":\"sq-AL\",\"potentialAction\":[{\"@type\":\"ReadAction\",\"target\":[\"https:\/\/furyfightclub.com\/product\/pump\/\"]}]},{\"@type\":\"ImageObject\",\"inLanguage\":\"sq-AL\",\"@id\":\"https:\/\/furyfightclub.com\/product\/pump\/#primaryimage\",\"url\":\"https:\/\/furyfightclub.com\/wp-content\/uploads\/2021\/02\/94d7bd99-2751-4372-be94-323332931487-510x510-1.png\",\"contentUrl\":\"https:\/\/furyfightclub.com\/wp-content\/uploads\/2021\/02\/94d7bd99-2751-4372-be94-323332931487-510x510-1.png\",\"width\":600,\"height\":600},{\"@type\":\"BreadcrumbList\",\"@id\":\"https:\/\/furyfightclub.com\/product\/pump\/#breadcrumb\",\"itemListElement\":[{\"@type\":\"ListItem\",\"position\":1,\"name\":\"Home\",\"item\":\"https:\/\/furyfightclub.com\/sq\/kreu\/\"},{\"@type\":\"ListItem\",\"position\":2,\"name\":\"Dyqani\",\"item\":\"https:\/\/furyfightclub.com\/sq\/dyqani\/\"},{\"@type\":\"ListItem\",\"position\":3,\"name\":\"Pump\"}]},{\"@type\":\"WebSite\",\"@id\":\"https:\/\/furyfightclub.com\/#website\",\"url\":\"https:\/\/furyfightclub.com\/\",\"name\":\"Fury Fight Club\",\"description\":\"No Talent Only Obsession\",\"publisher\":{\"@id\":\"https:\/\/furyfightclub.com\/#organization\"},\"potentialAction\":[{\"@type\":\"SearchAction\",\"target\":{\"@type\":\"EntryPoint\",\"urlTemplate\":\"https:\/\/furyfightclub.com\/?s={search_term_string}\"},\"query-input\":{\"@type\":\"PropertyValueSpecification\",\"valueRequired\":true,\"valueName\":\"search_term_string\"}}],\"inLanguage\":\"sq-AL\"},{\"@type\":\"Organization\",\"@id\":\"https:\/\/furyfightclub.com\/#organization\",\"name\":\"Fury Fight Club\",\"url\":\"https:\/\/furyfightclub.com\/\",\"logo\":{\"@type\":\"ImageObject\",\"inLanguage\":\"sq-AL\",\"@id\":\"https:\/\/furyfightclub.com\/#\/schema\/logo\/image\/\",\"url\":\"https:\/\/furyfightclub.com\/wp-content\/uploads\/2021\/01\/logo@x2.png\",\"contentUrl\":\"https:\/\/furyfightclub.com\/wp-content\/uploads\/2021\/01\/logo@x2.png\",\"width\":255,\"height\":288,\"caption\":\"Fury Fight Club\"},\"image\":{\"@id\":\"https:\/\/furyfightclub.com\/#\/schema\/logo\/image\/\"},\"sameAs\":[\"https:\/\/www.instagram.com\/furyfightclub\/\",\"https:\/\/www.youtube.com\/channel\/UCEGaknxvkwJjaXBPloEA2Sg\"]}]}<\/script>\n<!-- \/ Yoast SEO plugin. -->","yoast_head_json":{"title":"Pump - Fury Fight Club","robots":{"index":"index","follow":"follow","max-snippet":"max-snippet:-1","max-image-preview":"max-image-preview:large","max-video-preview":"max-video-preview:-1"},"canonical":"https:\/\/furyfightclub.com\/product\/pump\/","og_locale":"sq_AL","og_type":"article","og_title":"Pump - Fury Fight Club","og_description":"5g Citrulline | 3g AAKG | 3g Creatine | 2g Beta-Alanine Pump 3G Zero \u00ebsht\u00eb versioni i Lir\u00eb Stimulant i Pumpit ton\u00eb 3G, tani m\u00eb i p\u00ebrqendruar se kurr\u00eb, i mbushur me nj\u00eb mori p\u00ebrb\u00ebr\u00ebsish m\u00eb t\u00eb popullarizuar dhe t\u00eb hulumtuar p\u00ebr t\u00eb ndihmuar n\u00eb p\u00ebrmir\u00ebsimin e forc\u00ebs, fokusit dhe performanc\u00ebs.Pump 3G Zero u formulua nd\u00ebrkoh\u00eb q\u00eb FAKTORI PUMP u prioritizua n\u00eb t\u00eb gjitha fazat e zhvillimit, n\u00eb m\u00ebnyr\u00eb q\u00eb t\u00eb maksimizoj\u00eb fitimet, pa nj\u00eb doz\u00eb stimuluese t\u00eb fuqishme.","og_url":"https:\/\/furyfightclub.com\/product\/pump\/","og_site_name":"Fury Fight Club","article_modified_time":"2021-07-17T22:35:02+00:00","og_image":[{"width":600,"height":600,"url":"https:\/\/furyfightclub.com\/wp-content\/uploads\/2021\/02\/94d7bd99-2751-4372-be94-323332931487-510x510-1.png","type":"image\/png"}],"twitter_card":"summary_large_image","twitter_misc":{"Est. reading time":"2 minutes"},"schema":{"@context":"https:\/\/schema.org","@graph":[{"@type":"WebPage","@id":"https:\/\/furyfightclub.com\/product\/pump\/","url":"https:\/\/furyfightclub.com\/product\/pump\/","name":"Pump - Fury Fight Club","isPartOf":{"@id":"https:\/\/furyfightclub.com\/#website"},"primaryImageOfPage":{"@id":"https:\/\/furyfightclub.com\/product\/pump\/#primaryimage"},"image":{"@id":"https:\/\/furyfightclub.com\/product\/pump\/#primaryimage"},"thumbnailUrl":"https:\/\/furyfightclub.com\/wp-content\/uploads\/2021\/02\/94d7bd99-2751-4372-be94-323332931487-510x510-1.png","datePublished":"2021-02-15T23:13:55+00:00","dateModified":"2021-07-17T22:35:02+00:00","breadcrumb":{"@id":"https:\/\/furyfightclub.com\/product\/pump\/#breadcrumb"},"inLanguage":"sq-AL","potentialAction":[{"@type":"ReadAction","target":["https:\/\/furyfightclub.com\/product\/pump\/"]}]},{"@type":"ImageObject","inLanguage":"sq-AL","@id":"https:\/\/furyfightclub.com\/product\/pump\/#primaryimage","url":"https:\/\/furyfightclub.com\/wp-content\/uploads\/2021\/02\/94d7bd99-2751-4372-be94-323332931487-510x510-1.png","contentUrl":"https:\/\/furyfightclub.com\/wp-content\/uploads\/2021\/02\/94d7bd99-2751-4372-be94-323332931487-510x510-1.png","width":600,"height":600},{"@type":"BreadcrumbList","@id":"https:\/\/furyfightclub.com\/product\/pump\/#breadcrumb","itemListElement":[{"@type":"ListItem","position":1,"name":"Home","item":"https:\/\/furyfightclub.com\/sq\/kreu\/"},{"@type":"ListItem","position":2,"name":"Dyqani","item":"https:\/\/furyfightclub.com\/sq\/dyqani\/"},{"@type":"ListItem","position":3,"name":"Pump"}]},{"@type":"WebSite","@id":"https:\/\/furyfightclub.com\/#website","url":"https:\/\/furyfightclub.com\/","name":"Fury Fight Club","description":"No Talent Only Obsession","publisher":{"@id":"https:\/\/furyfightclub.com\/#organization"},"potentialAction":[{"@type":"SearchAction","target":{"@type":"EntryPoint","urlTemplate":"https:\/\/furyfightclub.com\/?s={search_term_string}"},"query-input":{"@type":"PropertyValueSpecification","valueRequired":true,"valueName":"search_term_string"}}],"inLanguage":"sq-AL"},{"@type":"Organization","@id":"https:\/\/furyfightclub.com\/#organization","name":"Fury Fight Club","url":"https:\/\/furyfightclub.com\/","logo":{"@type":"ImageObject","inLanguage":"sq-AL","@id":"https:\/\/furyfightclub.com\/#\/schema\/logo\/image\/","url":"https:\/\/furyfightclub.com\/wp-content\/uploads\/2021\/01\/logo@x2.png","contentUrl":"https:\/\/furyfightclub.com\/wp-content\/uploads\/2021\/01\/logo@x2.png","width":255,"height":288,"caption":"Fury Fight Club"},"image":{"@id":"https:\/\/furyfightclub.com\/#\/schema\/logo\/image\/"},"sameAs":["https:\/\/www.instagram.com\/furyfightclub\/","https:\/\/www.youtube.com\/channel\/UCEGaknxvkwJjaXBPloEA2Sg"]}]}},"_links":{"self":[{"href":"https:\/\/furyfightclub.com\/sq\/wp-json\/wp\/v2\/product\/4277","targetHints":{"allow":["GET"]}}],"collection":[{"href":"https:\/\/furyfightclub.com\/sq\/wp-json\/wp\/v2\/product"}],"about":[{"href":"https:\/\/furyfightclub.com\/sq\/wp-json\/wp\/v2\/types\/product"}],"replies":[{"embeddable":true,"href":"https:\/\/furyfightclub.com\/sq\/wp-json\/wp\/v2\/comments?post=4277"}],"wp:featuredmedia":[{"embeddable":true,"href":"https:\/\/furyfightclub.com\/sq\/wp-json\/wp\/v2\/media\/4278"}],"wp:attachment":[{"href":"https:\/\/furyfightclub.com\/sq\/wp-json\/wp\/v2\/media?parent=4277"}],"wp:term":[{"taxonomy":"product_cat","embeddable":true,"href":"https:\/\/furyfightclub.com\/sq\/wp-json\/wp\/v2\/product_cat?post=4277"},{"taxonomy":"product_tag","embeddable":true,"href":"https:\/\/furyfightclub.com\/sq\/wp-json\/wp\/v2\/product_tag?post=4277"}],"curies":[{"name":"wp","href":"https:\/\/api.w.org\/{rel}","templated":true}]}}