{"id":4279,"date":"2021-02-15T23:16:34","date_gmt":"2021-02-15T23:16:34","guid":{"rendered":"https:\/\/furyfightclub.com\/?post_type=product&#038;p=4279"},"modified":"2021-07-17T22:36:24","modified_gmt":"2021-07-17T22:36:24","slug":"multi-vitamin-complex","status":"publish","type":"product","link":"https:\/\/furyfightclub.com\/sq\/product\/multi-vitamin-complex\/","title":{"rendered":"Multi-Vitamin Complex"},"content":{"rendered":"<p><strong>P\u00cbRFITIMET KRYESORE<\/strong><\/p>\n<ul>\n<li>30+ Vitamina, Minerale, Probiotik\u00eb &amp; Antioksidant\u00eb<\/li>\n<li>Vet\u00ebm Burimet m\u00eb Bioavailable t\u00eb p\u00ebrdorura<\/li>\n<li>Dozimet kryesore t\u00eb \u00e7do p\u00ebrb\u00ebr\u00ebsi<\/li>\n<li>Produkt i Certifikuar Hallall<\/li>\n<\/ul>\n<p><strong>P\u00cbRDORIMI I SUGJERUAR<\/strong><br \/>\nMerrni 1 tablet\u00eb, 3 her\u00eb n\u00eb dit\u00eb me ushqim.<br \/>\nMadh\u00ebsia e sh\u00ebrbimit: 1 tableta<br \/>\nSh\u00ebrbyer p\u00ebr en\u00eb: 90<br \/>\n<strong><br \/>\nINFORMACION USHQYESE<\/strong><\/p>\n<table id=\"tablepress-4\" class=\"tablepress tablepress-id-4\">\n<thead>\n<tr class=\"row-1\">\n<th class=\"column-1\"><\/th>\n<th class=\"column-2\">PER SERVING<\/th>\n<th class=\"column-3\">*%RI<\/th>\n<\/tr>\n<\/thead>\n<tbody>\n<tr class=\"row-2\">\n<td class=\"column-1\">Calcium<\/td>\n<td class=\"column-2\">495 mg<\/td>\n<td class=\"column-3\">62<\/td>\n<\/tr>\n<tr class=\"row-3\">\n<td class=\"column-1\">Magnesium<\/td>\n<td class=\"column-2\">150 mg<\/td>\n<td class=\"column-3\">40<\/td>\n<\/tr>\n<tr class=\"row-4\">\n<td class=\"column-1\">Vitamin C<\/td>\n<td class=\"column-2\">150 mg<\/td>\n<td class=\"column-3\">188<\/td>\n<\/tr>\n<tr class=\"row-5\">\n<td class=\"column-1\">Green Tea 95% Extract<\/td>\n<td class=\"column-2\">100 mg<\/td>\n<td class=\"column-3\"><\/td>\n<\/tr>\n<tr class=\"row-6\">\n<td class=\"column-1\">Choline Bitartrate<\/td>\n<td class=\"column-2\">161 mg<\/td>\n<td class=\"column-3\"><\/td>\n<\/tr>\n<tr class=\"row-7\">\n<td class=\"column-1\">Grape Seed 95% Extract<\/td>\n<td class=\"column-2\">50 mg<\/td>\n<td class=\"column-3\"><\/td>\n<\/tr>\n<tr class=\"row-8\">\n<td class=\"column-1\">Hesperidin<\/td>\n<td class=\"column-2\">39 mg<\/td>\n<td class=\"column-3\"><\/td>\n<\/tr>\n<tr class=\"row-9\">\n<td class=\"column-1\">Vitamin B1<\/td>\n<td class=\"column-2\">25 mg<\/td>\n<td class=\"column-3\">2265<\/td>\n<\/tr>\n<tr class=\"row-10\">\n<td class=\"column-1\">Vitamin B2<\/td>\n<td class=\"column-2\">25 mg<\/td>\n<td class=\"column-3\">1779<\/td>\n<\/tr>\n<tr class=\"row-11\">\n<td class=\"column-1\">Vitamin B3<\/td>\n<td class=\"column-2\">25 mg<\/td>\n<td class=\"column-3\">156<\/td>\n<\/tr>\n<tr class=\"row-12\">\n<td class=\"column-1\">Vitamin B5<\/td>\n<td class=\"column-2\">25 mg<\/td>\n<td class=\"column-3\">414<\/td>\n<\/tr>\n<tr class=\"row-13\">\n<td class=\"column-1\">Vitamin B6<\/td>\n<td class=\"column-2\">25 mg<\/td>\n<td class=\"column-3\">1779<\/td>\n<\/tr>\n<tr class=\"row-14\">\n<td class=\"column-1\">Quercetin<\/td>\n<td class=\"column-2\">25 mg<\/td>\n<td class=\"column-3\"><\/td>\n<\/tr>\n<tr class=\"row-15\">\n<td class=\"column-1\">Inositol<\/td>\n<td class=\"column-2\">25 mg<\/td>\n<td class=\"column-3\"><\/td>\n<\/tr>\n<tr class=\"row-16\">\n<td class=\"column-1\">Zinc<\/td>\n<td class=\"column-2\">25 mg<\/td>\n<td class=\"column-3\">160<\/td>\n<\/tr>\n<tr class=\"row-17\">\n<td class=\"column-1\">Iron<\/td>\n<td class=\"column-2\">14.1mg<\/td>\n<td class=\"column-3\">100<\/td>\n<\/tr>\n<tr class=\"row-18\">\n<td class=\"column-1\">Vitamin E<\/td>\n<td class=\"column-2\">10.5mg<\/td>\n<td class=\"column-3\">88<\/td>\n<\/tr>\n<tr class=\"row-19\">\n<td class=\"column-1\">Probiotics<\/td>\n<td class=\"column-2\">150,000,000 units<\/td>\n<td class=\"column-3\"><\/td>\n<\/tr>\n<tr class=\"row-20\">\n<td class=\"column-1\">Lutein<\/td>\n<td class=\"column-2\">10 mg<\/td>\n<td class=\"column-3\"><\/td>\n<\/tr>\n<tr class=\"row-21\">\n<td class=\"column-1\">Co Enzyme Q10<\/td>\n<td class=\"column-2\">10 mg<\/td>\n<td class=\"column-3\"><\/td>\n<\/tr>\n<tr class=\"row-22\">\n<td class=\"column-1\">Piperine<\/td>\n<td class=\"column-2\">6 mg<\/td>\n<td class=\"column-3\"><\/td>\n<\/tr>\n<tr class=\"row-23\">\n<td class=\"column-1\">Lycopene 10%<\/td>\n<td class=\"column-2\">3.3 mg<\/td>\n<td class=\"column-3\"><\/td>\n<\/tr>\n<tr class=\"row-24\">\n<td class=\"column-1\">Vitamin A<\/td>\n<td class=\"column-2\">400 \u00b5g<\/td>\n<td class=\"column-3\">50<\/td>\n<\/tr>\n<tr class=\"row-25\">\n<td class=\"column-1\">Folic Acid<\/td>\n<td class=\"column-2\">400 \u00b5g<\/td>\n<td class=\"column-3\">200<\/td>\n<\/tr>\n<tr class=\"row-26\">\n<td class=\"column-1\">D-Biotin<\/td>\n<td class=\"column-2\">150 \u00b5g<\/td>\n<td class=\"column-3\"><\/td>\n<\/tr>\n<tr class=\"row-27\">\n<td class=\"column-1\">Manganese<\/td>\n<td class=\"column-2\">100 \u00b5g<\/td>\n<td class=\"column-3\">5<\/td>\n<\/tr>\n<tr class=\"row-28\">\n<td class=\"column-1\">Copper<\/td>\n<td class=\"column-2\">100 \u00b5g<\/td>\n<td class=\"column-3\">11<\/td>\n<\/tr>\n<tr class=\"row-29\">\n<td class=\"column-1\">Vitamin K1<\/td>\n<td class=\"column-2\">100 \u00b5g<\/td>\n<td class=\"column-3\">133<\/td>\n<\/tr>\n<tr class=\"row-30\">\n<td class=\"column-1\">Chromium<\/td>\n<td class=\"column-2\">100 \u00b5g<\/td>\n<td class=\"column-3\">250<\/td>\n<\/tr>\n<tr class=\"row-31\">\n<td class=\"column-1\">Boron<\/td>\n<td class=\"column-2\">100 \u00b5g<\/td>\n<td class=\"column-3\"><\/td>\n<\/tr>\n<tr class=\"row-32\">\n<td class=\"column-1\">Vitamin B12<\/td>\n<td class=\"column-2\">100 \u00b5g<\/td>\n<td class=\"column-3\">4000<\/td>\n<\/tr>\n<tr class=\"row-33\">\n<td class=\"column-1\">Selenium<\/td>\n<td class=\"column-2\">55 \u00b5g<\/td>\n<td class=\"column-3\">100<\/td>\n<\/tr>\n<tr class=\"row-34\">\n<td class=\"column-1\">Vitamin D3<\/td>\n<td class=\"column-2\">25 \u00b5g<\/td>\n<td class=\"column-3\">498<\/td>\n<\/tr>\n<\/tbody>\n<\/table>\n<p><strong>P\u00cbRB\u00cbR\u00cbSIT\u00cb TJERA<\/strong><br \/>\n(95% Polyphenols), Choline Bitartrate, Rrushi Seed 95% Ekstrakt, Riboflavin, Nicotinamide, Kalciumi D Pantothenate (95% Polyphenols), Choline Bitartrate, Rrushi Seed 95% Ekstrakt, Riboflavin, Nicotinamide, Kalciumi D Pantothenate , Lactobacillus Acidophilus, L-Seleno Metionin\u00eb, Ekstrakt Marigold (90% Lutein), Co Enzyme (Lactin Acidophilus), L-Selino Methionine, Lactobacillus Acidophilus, L-Seleno Methionine, Q10, ekstrakt i piperit t\u00eb zi (95% Piperin\u00eb), Likopeni, Retinol acetat, Acid folik, D-Biotin, Citrate mangani, Citrate bakri, Vitamina K1, Picolinate me krom, Borax, Cyanokobalamin, Metionin\u00eb Seleno, Kolekalciferol.<\/p>\n<p>I P\u00cbRSHTATSH\u00cbM P\u00cbR: Vegjetarian\u00eb. Alergjit\u00eb: rrush.<\/p>\n<p><strong>KUJDES<\/strong><br \/>\nKontrolloni me nj\u00eb profesionist sh\u00ebndet\u00ebsor t\u00eb kualifikuar para p\u00ebrdorimit t\u00eb k\u00ebtij produkti n\u00ebse jeni n\u00ebn mosh\u00ebn 18 vje\u00e7, shtatz\u00ebn\u00eb ose infermiere t\u00eb nj\u00eb f\u00ebmije ose n\u00ebse keni ndonj\u00eb gjendje t\u00eb njohur ose t\u00eb dyshuar mjek\u00ebsore dhe ose po merrni ndonj\u00eb recet\u00eb ose medikamente OTC. Nuk duhet t\u00eb p\u00ebrdoret si z\u00ebvend\u00ebsim p\u00ebr nj\u00eb diet\u00eb t\u00eb ndryshme dhe nj\u00eb m\u00ebnyr\u00eb jetese t\u00eb sh\u00ebndetshme. Ruajeni k\u00ebt\u00eb produkt n\u00eb nj\u00eb vend t\u00eb ftoht\u00eb t\u00eb that\u00eb, larg f\u00ebmij\u00ebve. Mos e tejkaloni p\u00ebrdorimin e sugjeruar. P\u00ebr alergjiket shih p\u00ebrb\u00ebr\u00ebsit me t\u00eb zez\u00eb.<\/p>\n<p><strong>TESTUAR P\u00cbR ATLETA<\/strong><br \/>\n\u00c7do grumbull i k\u00ebtij produkti \u00ebsht\u00eb testuar p\u00ebr substanca t\u00eb ndaluara n\u00ebn nj\u00eb program t\u00eb monitoruar. Produktet i n\u00ebnshtrohen testimeve rigoroze n\u00eb nj\u00eb laborator t\u00eb akredituar n\u00eb ISO 17025 p\u00ebr t\u00eb siguruar nivelin m\u00eb t\u00eb lart\u00eb t\u00eb sigurimit se ato jan\u00eb m\u00eb t\u00eb sigurta p\u00ebr atlet\u00ebt q\u00eb duhet t\u00eb p\u00ebrdorin.<br \/>\n<strong><br \/>\nGMP<\/strong><br \/>\nKy produkt \u00ebsht\u00eb prodhuar n\u00eb nj\u00eb objekt GMP n\u00ebn kontroll t\u00eb rrept\u00eb t\u00eb cil\u00ebsis\u00eb p\u00ebr t\u00eb siguruar cil\u00ebsi t\u00eb q\u00ebndrueshme t\u00eb lart\u00eb q\u00eb plot\u00ebson k\u00ebrkesat e autorizimit t\u00eb marketingut (MA) ose specifikimet e produktit.<\/p>\n","protected":false},"excerpt":{"rendered":"<p><strong>90 Tablets | 90g | 90 Servings<\/strong><br \/>\nMulti Vitamina kontribuon n\u00eb funksionin normal t\u00eb sistemit imunitar gjat\u00eb dhe pas st\u00ebrvitjes fizike, sistemit nervor si dhe funksionit normal t\u00eb muskujve dhe njoh\u00ebseve dhe formimin normal t\u00eb indit lidh\u00ebs.<\/p>\n","protected":false},"featured_media":4280,"comment_status":"open","ping_status":"closed","template":"","meta":{"_acf_changed":false,"pmpro_default_level":""},"product_cat":[95],"product_tag":[],"class_list":{"0":"post-4279","1":"product","2":"type-product","3":"status-publish","4":"has-post-thumbnail","6":"product_cat-mass-gainer","7":"pmpro-has-access","9":"first","10":"instock","11":"shipping-taxable","12":"purchasable","13":"product-type-simple"},"acf":[],"yoast_head":"<!-- This site is optimized with the Yoast SEO plugin v25.4 - https:\/\/yoast.com\/wordpress\/plugins\/seo\/ -->\n<title>Multi-Vitamin Complex - Fury Fight Club<\/title>\n<meta name=\"robots\" content=\"index, follow, max-snippet:-1, max-image-preview:large, max-video-preview:-1\" \/>\n<link rel=\"canonical\" href=\"https:\/\/furyfightclub.com\/sq\/product\/multi-vitamin-complex\/\" \/>\n<meta property=\"og:locale\" content=\"sq_AL\" \/>\n<meta property=\"og:type\" content=\"article\" \/>\n<meta property=\"og:title\" content=\"Multi-Vitamin Complex - Fury Fight Club\" \/>\n<meta property=\"og:description\" content=\"90 Tablets | 90g | 90 Servings Multi Vitamina kontribuon n\u00eb funksionin normal t\u00eb sistemit imunitar gjat\u00eb dhe pas st\u00ebrvitjes fizike, sistemit nervor si dhe funksionit normal t\u00eb muskujve dhe njoh\u00ebseve dhe formimin normal t\u00eb indit lidh\u00ebs.\" \/>\n<meta property=\"og:url\" content=\"https:\/\/furyfightclub.com\/sq\/product\/multi-vitamin-complex\/\" \/>\n<meta property=\"og:site_name\" content=\"Fury Fight Club\" \/>\n<meta property=\"article:modified_time\" content=\"2021-07-17T22:36:24+00:00\" \/>\n<meta property=\"og:image\" content=\"https:\/\/furyfightclub.com\/wp-content\/uploads\/2021\/02\/multi-vitamin-complex-1.png\" \/>\n\t<meta property=\"og:image:width\" content=\"510\" \/>\n\t<meta property=\"og:image:height\" content=\"510\" \/>\n\t<meta property=\"og:image:type\" content=\"image\/png\" \/>\n<meta name=\"twitter:card\" content=\"summary_large_image\" \/>\n<meta name=\"twitter:label1\" content=\"Est. reading time\" \/>\n\t<meta name=\"twitter:data1\" content=\"2 minutes\" \/>\n<script type=\"application\/ld+json\" class=\"yoast-schema-graph\">{\"@context\":\"https:\/\/schema.org\",\"@graph\":[{\"@type\":\"WebPage\",\"@id\":\"https:\/\/furyfightclub.com\/sq\/product\/multi-vitamin-complex\/\",\"url\":\"https:\/\/furyfightclub.com\/sq\/product\/multi-vitamin-complex\/\",\"name\":\"Multi-Vitamin Complex - Fury Fight Club\",\"isPartOf\":{\"@id\":\"https:\/\/furyfightclub.com\/#website\"},\"primaryImageOfPage\":{\"@id\":\"https:\/\/furyfightclub.com\/sq\/product\/multi-vitamin-complex\/#primaryimage\"},\"image\":{\"@id\":\"https:\/\/furyfightclub.com\/sq\/product\/multi-vitamin-complex\/#primaryimage\"},\"thumbnailUrl\":\"https:\/\/furyfightclub.com\/wp-content\/uploads\/2021\/02\/multi-vitamin-complex-1.png\",\"datePublished\":\"2021-02-15T23:16:34+00:00\",\"dateModified\":\"2021-07-17T22:36:24+00:00\",\"breadcrumb\":{\"@id\":\"https:\/\/furyfightclub.com\/sq\/product\/multi-vitamin-complex\/#breadcrumb\"},\"inLanguage\":\"sq-AL\",\"potentialAction\":[{\"@type\":\"ReadAction\",\"target\":[\"https:\/\/furyfightclub.com\/sq\/product\/multi-vitamin-complex\/\"]}]},{\"@type\":\"ImageObject\",\"inLanguage\":\"sq-AL\",\"@id\":\"https:\/\/furyfightclub.com\/sq\/product\/multi-vitamin-complex\/#primaryimage\",\"url\":\"https:\/\/furyfightclub.com\/wp-content\/uploads\/2021\/02\/multi-vitamin-complex-1.png\",\"contentUrl\":\"https:\/\/furyfightclub.com\/wp-content\/uploads\/2021\/02\/multi-vitamin-complex-1.png\",\"width\":510,\"height\":510},{\"@type\":\"BreadcrumbList\",\"@id\":\"https:\/\/furyfightclub.com\/sq\/product\/multi-vitamin-complex\/#breadcrumb\",\"itemListElement\":[{\"@type\":\"ListItem\",\"position\":1,\"name\":\"Home\",\"item\":\"https:\/\/furyfightclub.com\/sq\/kreu\/\"},{\"@type\":\"ListItem\",\"position\":2,\"name\":\"Dyqani\",\"item\":\"https:\/\/furyfightclub.com\/sq\/dyqani\/\"},{\"@type\":\"ListItem\",\"position\":3,\"name\":\"Multi-Vitamin Complex\"}]},{\"@type\":\"WebSite\",\"@id\":\"https:\/\/furyfightclub.com\/#website\",\"url\":\"https:\/\/furyfightclub.com\/\",\"name\":\"Fury Fight Club\",\"description\":\"No Talent Only Obsession\",\"publisher\":{\"@id\":\"https:\/\/furyfightclub.com\/#organization\"},\"potentialAction\":[{\"@type\":\"SearchAction\",\"target\":{\"@type\":\"EntryPoint\",\"urlTemplate\":\"https:\/\/furyfightclub.com\/?s={search_term_string}\"},\"query-input\":{\"@type\":\"PropertyValueSpecification\",\"valueRequired\":true,\"valueName\":\"search_term_string\"}}],\"inLanguage\":\"sq-AL\"},{\"@type\":\"Organization\",\"@id\":\"https:\/\/furyfightclub.com\/#organization\",\"name\":\"Fury Fight Club\",\"url\":\"https:\/\/furyfightclub.com\/\",\"logo\":{\"@type\":\"ImageObject\",\"inLanguage\":\"sq-AL\",\"@id\":\"https:\/\/furyfightclub.com\/#\/schema\/logo\/image\/\",\"url\":\"https:\/\/furyfightclub.com\/wp-content\/uploads\/2021\/01\/logo@x2.png\",\"contentUrl\":\"https:\/\/furyfightclub.com\/wp-content\/uploads\/2021\/01\/logo@x2.png\",\"width\":255,\"height\":288,\"caption\":\"Fury Fight Club\"},\"image\":{\"@id\":\"https:\/\/furyfightclub.com\/#\/schema\/logo\/image\/\"},\"sameAs\":[\"https:\/\/www.instagram.com\/furyfightclub\/\",\"https:\/\/www.youtube.com\/channel\/UCEGaknxvkwJjaXBPloEA2Sg\"]}]}<\/script>\n<!-- \/ Yoast SEO plugin. -->","yoast_head_json":{"title":"Multi-Vitamin Complex - Fury Fight Club","robots":{"index":"index","follow":"follow","max-snippet":"max-snippet:-1","max-image-preview":"max-image-preview:large","max-video-preview":"max-video-preview:-1"},"canonical":"https:\/\/furyfightclub.com\/sq\/product\/multi-vitamin-complex\/","og_locale":"sq_AL","og_type":"article","og_title":"Multi-Vitamin Complex - Fury Fight Club","og_description":"90 Tablets | 90g | 90 Servings Multi Vitamina kontribuon n\u00eb funksionin normal t\u00eb sistemit imunitar gjat\u00eb dhe pas st\u00ebrvitjes fizike, sistemit nervor si dhe funksionit normal t\u00eb muskujve dhe njoh\u00ebseve dhe formimin normal t\u00eb indit lidh\u00ebs.","og_url":"https:\/\/furyfightclub.com\/sq\/product\/multi-vitamin-complex\/","og_site_name":"Fury Fight Club","article_modified_time":"2021-07-17T22:36:24+00:00","og_image":[{"width":510,"height":510,"url":"https:\/\/furyfightclub.com\/wp-content\/uploads\/2021\/02\/multi-vitamin-complex-1.png","type":"image\/png"}],"twitter_card":"summary_large_image","twitter_misc":{"Est. reading time":"2 minutes"},"schema":{"@context":"https:\/\/schema.org","@graph":[{"@type":"WebPage","@id":"https:\/\/furyfightclub.com\/sq\/product\/multi-vitamin-complex\/","url":"https:\/\/furyfightclub.com\/sq\/product\/multi-vitamin-complex\/","name":"Multi-Vitamin Complex - Fury Fight Club","isPartOf":{"@id":"https:\/\/furyfightclub.com\/#website"},"primaryImageOfPage":{"@id":"https:\/\/furyfightclub.com\/sq\/product\/multi-vitamin-complex\/#primaryimage"},"image":{"@id":"https:\/\/furyfightclub.com\/sq\/product\/multi-vitamin-complex\/#primaryimage"},"thumbnailUrl":"https:\/\/furyfightclub.com\/wp-content\/uploads\/2021\/02\/multi-vitamin-complex-1.png","datePublished":"2021-02-15T23:16:34+00:00","dateModified":"2021-07-17T22:36:24+00:00","breadcrumb":{"@id":"https:\/\/furyfightclub.com\/sq\/product\/multi-vitamin-complex\/#breadcrumb"},"inLanguage":"sq-AL","potentialAction":[{"@type":"ReadAction","target":["https:\/\/furyfightclub.com\/sq\/product\/multi-vitamin-complex\/"]}]},{"@type":"ImageObject","inLanguage":"sq-AL","@id":"https:\/\/furyfightclub.com\/sq\/product\/multi-vitamin-complex\/#primaryimage","url":"https:\/\/furyfightclub.com\/wp-content\/uploads\/2021\/02\/multi-vitamin-complex-1.png","contentUrl":"https:\/\/furyfightclub.com\/wp-content\/uploads\/2021\/02\/multi-vitamin-complex-1.png","width":510,"height":510},{"@type":"BreadcrumbList","@id":"https:\/\/furyfightclub.com\/sq\/product\/multi-vitamin-complex\/#breadcrumb","itemListElement":[{"@type":"ListItem","position":1,"name":"Home","item":"https:\/\/furyfightclub.com\/sq\/kreu\/"},{"@type":"ListItem","position":2,"name":"Dyqani","item":"https:\/\/furyfightclub.com\/sq\/dyqani\/"},{"@type":"ListItem","position":3,"name":"Multi-Vitamin Complex"}]},{"@type":"WebSite","@id":"https:\/\/furyfightclub.com\/#website","url":"https:\/\/furyfightclub.com\/","name":"Fury Fight Club","description":"No Talent Only Obsession","publisher":{"@id":"https:\/\/furyfightclub.com\/#organization"},"potentialAction":[{"@type":"SearchAction","target":{"@type":"EntryPoint","urlTemplate":"https:\/\/furyfightclub.com\/?s={search_term_string}"},"query-input":{"@type":"PropertyValueSpecification","valueRequired":true,"valueName":"search_term_string"}}],"inLanguage":"sq-AL"},{"@type":"Organization","@id":"https:\/\/furyfightclub.com\/#organization","name":"Fury Fight Club","url":"https:\/\/furyfightclub.com\/","logo":{"@type":"ImageObject","inLanguage":"sq-AL","@id":"https:\/\/furyfightclub.com\/#\/schema\/logo\/image\/","url":"https:\/\/furyfightclub.com\/wp-content\/uploads\/2021\/01\/logo@x2.png","contentUrl":"https:\/\/furyfightclub.com\/wp-content\/uploads\/2021\/01\/logo@x2.png","width":255,"height":288,"caption":"Fury Fight Club"},"image":{"@id":"https:\/\/furyfightclub.com\/#\/schema\/logo\/image\/"},"sameAs":["https:\/\/www.instagram.com\/furyfightclub\/","https:\/\/www.youtube.com\/channel\/UCEGaknxvkwJjaXBPloEA2Sg"]}]}},"_links":{"self":[{"href":"https:\/\/furyfightclub.com\/sq\/wp-json\/wp\/v2\/product\/4279","targetHints":{"allow":["GET"]}}],"collection":[{"href":"https:\/\/furyfightclub.com\/sq\/wp-json\/wp\/v2\/product"}],"about":[{"href":"https:\/\/furyfightclub.com\/sq\/wp-json\/wp\/v2\/types\/product"}],"replies":[{"embeddable":true,"href":"https:\/\/furyfightclub.com\/sq\/wp-json\/wp\/v2\/comments?post=4279"}],"wp:featuredmedia":[{"embeddable":true,"href":"https:\/\/furyfightclub.com\/sq\/wp-json\/wp\/v2\/media\/4280"}],"wp:attachment":[{"href":"https:\/\/furyfightclub.com\/sq\/wp-json\/wp\/v2\/media?parent=4279"}],"wp:term":[{"taxonomy":"product_cat","embeddable":true,"href":"https:\/\/furyfightclub.com\/sq\/wp-json\/wp\/v2\/product_cat?post=4279"},{"taxonomy":"product_tag","embeddable":true,"href":"https:\/\/furyfightclub.com\/sq\/wp-json\/wp\/v2\/product_tag?post=4279"}],"curies":[{"name":"wp","href":"https:\/\/api.w.org\/{rel}","templated":true}]}}