{"id":4287,"date":"2021-02-15T23:35:45","date_gmt":"2021-02-15T23:35:45","guid":{"rendered":"https:\/\/furyfightclub.com\/?post_type=product&#038;p=4287"},"modified":"2021-07-17T22:38:21","modified_gmt":"2021-07-17T22:38:21","slug":"critical-mass-6kg","status":"publish","type":"product","link":"https:\/\/furyfightclub.com\/sq\/product\/critical-mass-6kg\/","title":{"rendered":"CRITICAL MASS 6kg"},"content":{"rendered":"<p>Formulimi i ri i reduktuar i sheqerit p\u00ebrmban 42g t\u00eb dy proteinave t\u00eb shpejta dhe t\u00eb tretura ngadal\u00eb, duke p\u00ebrfshir\u00eb ISO-XP 95% proteina t\u00eb hirr\u00ebs izoluese.<\/p>\n<ul>P\u00cbRFITIMET KRYESORE<\/p>\n<li>Formula e re e reduktuar e sheqerit<\/li>\n<li>Shtuar HMB, Glutamine, Leucine &amp; Creatine Matrix<\/li>\n<li>Kreatina: Rrit performanc\u00ebn fizike t\u00eb st\u00ebrvitjes afatshkurt\u00ebr dhe me intensitet t\u00eb lart\u00eb<\/li>\n<li>Shtuar yndyrna: CLA &amp; MCT pluhur<\/li>\n<li>Proteina e Lart\u00eb e Kalorive dhe Karbohidrateve Shake<\/li>\n<li>Kromi: Kontribuon n\u00eb Metabolizmin Macronutrient<\/li>\n<li>Rekomandohet q\u00eb t\u00eb p\u00ebrdoret me Insulin\u00eb iDRIVE<\/li>\n<li>Produkt i Certifikuar Hallall<\/li>\n<\/ul>\n","protected":false},"excerpt":{"rendered":"<p>CRITICAL MASS \u00ebsht\u00eb mjaft e thjesht\u00eb dhe e besueshme e Mass Gain Supplement n\u00eb Mbret\u00ebrin\u00eb e Bashkuar. Ai p\u00ebrdor p\u00ebrb\u00ebr\u00ebsit m\u00eb t\u00eb lart\u00eb t\u00eb cil\u00ebsis\u00eb, t\u00eb gjitha t\u00eb cilat jan\u00eb p\u00ebrzgjedhur me kujdes p\u00ebr aft\u00ebsin\u00eb p\u00ebr t\u00eb ofruar cil\u00ebsi LEAN MASS GAINZ q\u00eb ju lejon t\u00eb grumbulloni kalorit\u00eb p\u00ebr num\u00ebrimin tuaj t\u00eb p\u00ebrditsh\u00ebm.<\/p>\n","protected":false},"featured_media":4288,"comment_status":"open","ping_status":"closed","template":"","meta":{"_acf_changed":false,"pmpro_default_level":""},"product_cat":[95],"product_tag":[],"class_list":{"0":"post-4287","1":"product","2":"type-product","3":"status-publish","4":"has-post-thumbnail","6":"product_cat-mass-gainer","7":"pmpro-has-access","9":"first","10":"instock","11":"shipping-taxable","12":"purchasable","13":"product-type-simple"},"acf":[],"yoast_head":"<!-- This site is optimized with the Yoast SEO plugin v25.4 - https:\/\/yoast.com\/wordpress\/plugins\/seo\/ -->\n<title>CRITICAL MASS 6kg - Fury Fight Club<\/title>\n<meta name=\"robots\" content=\"index, follow, max-snippet:-1, max-image-preview:large, max-video-preview:-1\" \/>\n<link rel=\"canonical\" href=\"https:\/\/furyfightclub.com\/product\/critical-mass-6kg\/\" \/>\n<meta property=\"og:locale\" content=\"sq_AL\" \/>\n<meta property=\"og:type\" content=\"article\" \/>\n<meta property=\"og:title\" content=\"CRITICAL MASS 6kg - Fury Fight Club\" \/>\n<meta property=\"og:description\" content=\"CRITICAL MASS \u00ebsht\u00eb mjaft e thjesht\u00eb dhe e besueshme e Mass Gain Supplement n\u00eb Mbret\u00ebrin\u00eb e Bashkuar. Ai p\u00ebrdor p\u00ebrb\u00ebr\u00ebsit m\u00eb t\u00eb lart\u00eb t\u00eb cil\u00ebsis\u00eb, t\u00eb gjitha t\u00eb cilat jan\u00eb p\u00ebrzgjedhur me kujdes p\u00ebr aft\u00ebsin\u00eb p\u00ebr t\u00eb ofruar cil\u00ebsi LEAN MASS GAINZ q\u00eb ju lejon t\u00eb grumbulloni kalorit\u00eb p\u00ebr num\u00ebrimin tuaj t\u00eb p\u00ebrditsh\u00ebm.\" \/>\n<meta property=\"og:url\" content=\"https:\/\/furyfightclub.com\/product\/critical-mass-6kg\/\" \/>\n<meta property=\"og:site_name\" content=\"Fury Fight Club\" \/>\n<meta property=\"article:modified_time\" content=\"2021-07-17T22:38:21+00:00\" \/>\n<meta property=\"og:image\" content=\"https:\/\/furyfightclub.com\/wp-content\/uploads\/2021\/02\/p-AH28382-510x510-1.png\" \/>\n\t<meta property=\"og:image:width\" content=\"600\" \/>\n\t<meta property=\"og:image:height\" content=\"600\" \/>\n\t<meta property=\"og:image:type\" content=\"image\/png\" \/>\n<meta name=\"twitter:card\" content=\"summary_large_image\" \/>\n<script type=\"application\/ld+json\" class=\"yoast-schema-graph\">{\"@context\":\"https:\/\/schema.org\",\"@graph\":[{\"@type\":\"WebPage\",\"@id\":\"https:\/\/furyfightclub.com\/product\/critical-mass-6kg\/\",\"url\":\"https:\/\/furyfightclub.com\/product\/critical-mass-6kg\/\",\"name\":\"CRITICAL MASS 6kg - Fury Fight Club\",\"isPartOf\":{\"@id\":\"https:\/\/furyfightclub.com\/#website\"},\"primaryImageOfPage\":{\"@id\":\"https:\/\/furyfightclub.com\/product\/critical-mass-6kg\/#primaryimage\"},\"image\":{\"@id\":\"https:\/\/furyfightclub.com\/product\/critical-mass-6kg\/#primaryimage\"},\"thumbnailUrl\":\"https:\/\/furyfightclub.com\/wp-content\/uploads\/2021\/02\/p-AH28382-510x510-1.png\",\"datePublished\":\"2021-02-15T23:35:45+00:00\",\"dateModified\":\"2021-07-17T22:38:21+00:00\",\"breadcrumb\":{\"@id\":\"https:\/\/furyfightclub.com\/product\/critical-mass-6kg\/#breadcrumb\"},\"inLanguage\":\"sq-AL\",\"potentialAction\":[{\"@type\":\"ReadAction\",\"target\":[\"https:\/\/furyfightclub.com\/product\/critical-mass-6kg\/\"]}]},{\"@type\":\"ImageObject\",\"inLanguage\":\"sq-AL\",\"@id\":\"https:\/\/furyfightclub.com\/product\/critical-mass-6kg\/#primaryimage\",\"url\":\"https:\/\/furyfightclub.com\/wp-content\/uploads\/2021\/02\/p-AH28382-510x510-1.png\",\"contentUrl\":\"https:\/\/furyfightclub.com\/wp-content\/uploads\/2021\/02\/p-AH28382-510x510-1.png\",\"width\":600,\"height\":600},{\"@type\":\"BreadcrumbList\",\"@id\":\"https:\/\/furyfightclub.com\/product\/critical-mass-6kg\/#breadcrumb\",\"itemListElement\":[{\"@type\":\"ListItem\",\"position\":1,\"name\":\"Home\",\"item\":\"https:\/\/furyfightclub.com\/sq\/kreu\/\"},{\"@type\":\"ListItem\",\"position\":2,\"name\":\"Dyqani\",\"item\":\"https:\/\/furyfightclub.com\/sq\/dyqani\/\"},{\"@type\":\"ListItem\",\"position\":3,\"name\":\"CRITICAL MASS 6kg\"}]},{\"@type\":\"WebSite\",\"@id\":\"https:\/\/furyfightclub.com\/#website\",\"url\":\"https:\/\/furyfightclub.com\/\",\"name\":\"Fury Fight Club\",\"description\":\"No Talent Only Obsession\",\"publisher\":{\"@id\":\"https:\/\/furyfightclub.com\/#organization\"},\"potentialAction\":[{\"@type\":\"SearchAction\",\"target\":{\"@type\":\"EntryPoint\",\"urlTemplate\":\"https:\/\/furyfightclub.com\/?s={search_term_string}\"},\"query-input\":{\"@type\":\"PropertyValueSpecification\",\"valueRequired\":true,\"valueName\":\"search_term_string\"}}],\"inLanguage\":\"sq-AL\"},{\"@type\":\"Organization\",\"@id\":\"https:\/\/furyfightclub.com\/#organization\",\"name\":\"Fury Fight Club\",\"url\":\"https:\/\/furyfightclub.com\/\",\"logo\":{\"@type\":\"ImageObject\",\"inLanguage\":\"sq-AL\",\"@id\":\"https:\/\/furyfightclub.com\/#\/schema\/logo\/image\/\",\"url\":\"https:\/\/furyfightclub.com\/wp-content\/uploads\/2021\/01\/logo@x2.png\",\"contentUrl\":\"https:\/\/furyfightclub.com\/wp-content\/uploads\/2021\/01\/logo@x2.png\",\"width\":255,\"height\":288,\"caption\":\"Fury Fight Club\"},\"image\":{\"@id\":\"https:\/\/furyfightclub.com\/#\/schema\/logo\/image\/\"},\"sameAs\":[\"https:\/\/www.instagram.com\/furyfightclub\/\",\"https:\/\/www.youtube.com\/channel\/UCEGaknxvkwJjaXBPloEA2Sg\"]}]}<\/script>\n<!-- \/ Yoast SEO plugin. -->","yoast_head_json":{"title":"CRITICAL MASS 6kg - Fury Fight Club","robots":{"index":"index","follow":"follow","max-snippet":"max-snippet:-1","max-image-preview":"max-image-preview:large","max-video-preview":"max-video-preview:-1"},"canonical":"https:\/\/furyfightclub.com\/product\/critical-mass-6kg\/","og_locale":"sq_AL","og_type":"article","og_title":"CRITICAL MASS 6kg - Fury Fight Club","og_description":"CRITICAL MASS \u00ebsht\u00eb mjaft e thjesht\u00eb dhe e besueshme e Mass Gain Supplement n\u00eb Mbret\u00ebrin\u00eb e Bashkuar. Ai p\u00ebrdor p\u00ebrb\u00ebr\u00ebsit m\u00eb t\u00eb lart\u00eb t\u00eb cil\u00ebsis\u00eb, t\u00eb gjitha t\u00eb cilat jan\u00eb p\u00ebrzgjedhur me kujdes p\u00ebr aft\u00ebsin\u00eb p\u00ebr t\u00eb ofruar cil\u00ebsi LEAN MASS GAINZ q\u00eb ju lejon t\u00eb grumbulloni kalorit\u00eb p\u00ebr num\u00ebrimin tuaj t\u00eb p\u00ebrditsh\u00ebm.","og_url":"https:\/\/furyfightclub.com\/product\/critical-mass-6kg\/","og_site_name":"Fury Fight Club","article_modified_time":"2021-07-17T22:38:21+00:00","og_image":[{"width":600,"height":600,"url":"https:\/\/furyfightclub.com\/wp-content\/uploads\/2021\/02\/p-AH28382-510x510-1.png","type":"image\/png"}],"twitter_card":"summary_large_image","schema":{"@context":"https:\/\/schema.org","@graph":[{"@type":"WebPage","@id":"https:\/\/furyfightclub.com\/product\/critical-mass-6kg\/","url":"https:\/\/furyfightclub.com\/product\/critical-mass-6kg\/","name":"CRITICAL MASS 6kg - Fury Fight Club","isPartOf":{"@id":"https:\/\/furyfightclub.com\/#website"},"primaryImageOfPage":{"@id":"https:\/\/furyfightclub.com\/product\/critical-mass-6kg\/#primaryimage"},"image":{"@id":"https:\/\/furyfightclub.com\/product\/critical-mass-6kg\/#primaryimage"},"thumbnailUrl":"https:\/\/furyfightclub.com\/wp-content\/uploads\/2021\/02\/p-AH28382-510x510-1.png","datePublished":"2021-02-15T23:35:45+00:00","dateModified":"2021-07-17T22:38:21+00:00","breadcrumb":{"@id":"https:\/\/furyfightclub.com\/product\/critical-mass-6kg\/#breadcrumb"},"inLanguage":"sq-AL","potentialAction":[{"@type":"ReadAction","target":["https:\/\/furyfightclub.com\/product\/critical-mass-6kg\/"]}]},{"@type":"ImageObject","inLanguage":"sq-AL","@id":"https:\/\/furyfightclub.com\/product\/critical-mass-6kg\/#primaryimage","url":"https:\/\/furyfightclub.com\/wp-content\/uploads\/2021\/02\/p-AH28382-510x510-1.png","contentUrl":"https:\/\/furyfightclub.com\/wp-content\/uploads\/2021\/02\/p-AH28382-510x510-1.png","width":600,"height":600},{"@type":"BreadcrumbList","@id":"https:\/\/furyfightclub.com\/product\/critical-mass-6kg\/#breadcrumb","itemListElement":[{"@type":"ListItem","position":1,"name":"Home","item":"https:\/\/furyfightclub.com\/sq\/kreu\/"},{"@type":"ListItem","position":2,"name":"Dyqani","item":"https:\/\/furyfightclub.com\/sq\/dyqani\/"},{"@type":"ListItem","position":3,"name":"CRITICAL MASS 6kg"}]},{"@type":"WebSite","@id":"https:\/\/furyfightclub.com\/#website","url":"https:\/\/furyfightclub.com\/","name":"Fury Fight Club","description":"No Talent Only Obsession","publisher":{"@id":"https:\/\/furyfightclub.com\/#organization"},"potentialAction":[{"@type":"SearchAction","target":{"@type":"EntryPoint","urlTemplate":"https:\/\/furyfightclub.com\/?s={search_term_string}"},"query-input":{"@type":"PropertyValueSpecification","valueRequired":true,"valueName":"search_term_string"}}],"inLanguage":"sq-AL"},{"@type":"Organization","@id":"https:\/\/furyfightclub.com\/#organization","name":"Fury Fight Club","url":"https:\/\/furyfightclub.com\/","logo":{"@type":"ImageObject","inLanguage":"sq-AL","@id":"https:\/\/furyfightclub.com\/#\/schema\/logo\/image\/","url":"https:\/\/furyfightclub.com\/wp-content\/uploads\/2021\/01\/logo@x2.png","contentUrl":"https:\/\/furyfightclub.com\/wp-content\/uploads\/2021\/01\/logo@x2.png","width":255,"height":288,"caption":"Fury Fight Club"},"image":{"@id":"https:\/\/furyfightclub.com\/#\/schema\/logo\/image\/"},"sameAs":["https:\/\/www.instagram.com\/furyfightclub\/","https:\/\/www.youtube.com\/channel\/UCEGaknxvkwJjaXBPloEA2Sg"]}]}},"_links":{"self":[{"href":"https:\/\/furyfightclub.com\/sq\/wp-json\/wp\/v2\/product\/4287","targetHints":{"allow":["GET"]}}],"collection":[{"href":"https:\/\/furyfightclub.com\/sq\/wp-json\/wp\/v2\/product"}],"about":[{"href":"https:\/\/furyfightclub.com\/sq\/wp-json\/wp\/v2\/types\/product"}],"replies":[{"embeddable":true,"href":"https:\/\/furyfightclub.com\/sq\/wp-json\/wp\/v2\/comments?post=4287"}],"wp:featuredmedia":[{"embeddable":true,"href":"https:\/\/furyfightclub.com\/sq\/wp-json\/wp\/v2\/media\/4288"}],"wp:attachment":[{"href":"https:\/\/furyfightclub.com\/sq\/wp-json\/wp\/v2\/media?parent=4287"}],"wp:term":[{"taxonomy":"product_cat","embeddable":true,"href":"https:\/\/furyfightclub.com\/sq\/wp-json\/wp\/v2\/product_cat?post=4287"},{"taxonomy":"product_tag","embeddable":true,"href":"https:\/\/furyfightclub.com\/sq\/wp-json\/wp\/v2\/product_tag?post=4287"}],"curies":[{"name":"wp","href":"https:\/\/api.w.org\/{rel}","templated":true}]}}