{"id":4289,"date":"2021-02-15T23:37:36","date_gmt":"2021-02-15T23:37:36","guid":{"rendered":"https:\/\/furyfightclub.com\/?post_type=product&#038;p=4289"},"modified":"2021-07-17T22:38:58","modified_gmt":"2021-07-17T22:38:58","slug":"creatine-monohydrate","status":"publish","type":"product","link":"https:\/\/furyfightclub.com\/sq\/product\/creatine-monohydrate\/","title":{"rendered":"Creatine Monohydrate"},"content":{"rendered":"<p><strong>P\u00cbRFITIMET KRYESORE<\/strong><\/p>\n<ul>\n<li>Creatine Monohydrate rrit performanc\u00ebn fizike n\u00eb bresh\u00ebri t\u00eb nj\u00ebpasnj\u00ebshme t\u00eb st\u00ebrvitjes afatshkurt\u00ebr dhe me intensitet t\u00eb lart\u00eb<\/li>\n<li>Mund t\u00eb p\u00ebrzihet leht\u00ebsisht n\u00eb uj\u00eb<\/li>\n<li>Testuar p\u00ebr atlet\u00ebt<\/li>\n<li>Produkt i Certifikuar Hallall<\/li>\n<\/ul>\n<p><strong>P\u00cbRDORIMI I SUGJERUAR<\/strong><br \/>\nShto 1 servis (5g) n\u00eb uj\u00eb, dridhje dhe konsum. P\u00ebrdorni 1-2 her\u00eb n\u00eb dit\u00eb preferohet direkt para dhe pas st\u00ebrvitjes. Pas 8 jav\u00ebsh t\u00eb p\u00ebrdorimit t\u00eb vazhduesh\u00ebm t\u00eb merrni 1 jav\u00eb jasht\u00eb dhe t\u00eb filloni ciklin p\u00ebrs\u00ebri.<br \/>\n<strong><br \/>\nP\u00cbRB\u00cbR\u00cbSIT<\/strong><br \/>\n100% Monohidrat i Mikronizuar i Kreatin\u00ebs.<\/p>\n<p><strong>TESTUAR P\u00cbR ATLETA<\/strong><br \/>\n\u00c7do p\u00ebrb\u00ebr\u00ebs brenda k\u00ebtij grupi i n\u00ebnshtrohet shqyrtimit dhe testimit rigoroz p\u00ebr substanca t\u00eb ndaluara para prodhimit sipas nj\u00eb programi t\u00eb monitoruar. Produktet p\u00ebrfundimtare prodhohen dhe paketohen n\u00eb nj\u00eb laborator ISO 22000, BRC, GMP dhe Halal t\u00eb akredituar p\u00ebr t\u00eb siguruar nivelin m\u00eb t\u00eb lart\u00eb t\u00eb sigurimit se ato jan\u00eb t\u00eb sigurta p\u00ebr atlet\u00ebt q\u00eb duhet t\u00eb p\u00ebrdorin.<\/p>\n<p><strong>KUJDES<\/strong><br \/>\nKontrolloni me nj\u00eb profesionist sh\u00ebndet\u00ebsor t\u00eb kualifikuar para p\u00ebrdorimit t\u00eb k\u00ebtij produkti n\u00ebse jeni n\u00ebn mosh\u00ebn 18 vje\u00e7, shtatz\u00ebn\u00eb ose infermiere t\u00eb nj\u00eb f\u00ebmije ose n\u00ebse keni ndonj\u00eb gjendje t\u00eb njohur ose t\u00eb dyshuar mjek\u00ebsore dhe ose po merrni ndonj\u00eb recet\u00eb ose medikamente OTC. Nuk duhet t\u00eb p\u00ebrdoret si z\u00ebvend\u00ebsim p\u00ebr nj\u00eb diet\u00eb t\u00eb ndryshme dhe nj\u00eb m\u00ebnyr\u00eb jetese t\u00eb sh\u00ebndetshme. Ruajeni k\u00ebt\u00eb produkt n\u00eb nj\u00eb vend t\u00eb ftoht\u00eb t\u00eb that\u00eb, larg f\u00ebmij\u00ebve. Mos e tejkaloni p\u00ebrdorimin e sugjeruar. P\u00ebr alergjiket shih p\u00ebrb\u00ebr\u00ebsit me te zeza.<\/p>\n","protected":false},"excerpt":{"rendered":"<p>Creatine Monohydrate \u00ebsht\u00eb i p\u00ebrshtatsh\u00ebm p\u00ebr k\u00ebdo q\u00eb merr pjes\u00eb n\u00eb st\u00ebrvitje t\u00eb zgjatur ose me intensitet t\u00eb lart\u00eb, duke k\u00ebrkuar p\u00ebrmir\u00ebsimin e performanc\u00ebs fizike. Kreatina e ushqyerjes s\u00eb aplikuar siguron formul\u00ebn m\u00eb t\u00eb past\u00ebr dhe m\u00eb t\u00eb absorbuar t\u00eb Creatine Monohydrate n\u00eb dispozicion. Studimet raportojn\u00eb se rritja e niveleve t\u00eb kreatin\u00ebs do t\u00eb ndihmoj\u00eb vonimin e fillimit t\u00eb lodhjes, rritjen e metabolizmit t\u00eb energjis\u00eb n\u00eb qelizat e muskujve dhe rritjen e aft\u00ebsive t\u00eb p\u00ebrgjithshme t\u00eb trupit.<\/p>\n","protected":false},"featured_media":4290,"comment_status":"open","ping_status":"closed","template":"","meta":{"_acf_changed":false,"pmpro_default_level":""},"product_cat":[95],"product_tag":[],"class_list":{"0":"post-4289","1":"product","2":"type-product","3":"status-publish","4":"has-post-thumbnail","6":"product_cat-mass-gainer","7":"pmpro-has-access","9":"first","10":"instock","11":"shipping-taxable","12":"purchasable","13":"product-type-simple"},"acf":[],"yoast_head":"<!-- This site is optimized with the Yoast SEO plugin v25.4 - https:\/\/yoast.com\/wordpress\/plugins\/seo\/ -->\n<title>Creatine Monohydrate - Fury Fight Club<\/title>\n<meta name=\"robots\" content=\"index, follow, max-snippet:-1, max-image-preview:large, max-video-preview:-1\" \/>\n<link rel=\"canonical\" href=\"https:\/\/furyfightclub.com\/product\/creatine-monohydrate\/\" \/>\n<meta property=\"og:locale\" content=\"sq_AL\" \/>\n<meta property=\"og:type\" content=\"article\" \/>\n<meta property=\"og:title\" content=\"Creatine Monohydrate - Fury Fight Club\" \/>\n<meta property=\"og:description\" content=\"Creatine Monohydrate \u00ebsht\u00eb i p\u00ebrshtatsh\u00ebm p\u00ebr k\u00ebdo q\u00eb merr pjes\u00eb n\u00eb st\u00ebrvitje t\u00eb zgjatur ose me intensitet t\u00eb lart\u00eb, duke k\u00ebrkuar p\u00ebrmir\u00ebsimin e performanc\u00ebs fizike. Kreatina e ushqyerjes s\u00eb aplikuar siguron formul\u00ebn m\u00eb t\u00eb past\u00ebr dhe m\u00eb t\u00eb absorbuar t\u00eb Creatine Monohydrate n\u00eb dispozicion. Studimet raportojn\u00eb se rritja e niveleve t\u00eb kreatin\u00ebs do t\u00eb ndihmoj\u00eb vonimin e fillimit t\u00eb lodhjes, rritjen e metabolizmit t\u00eb energjis\u00eb n\u00eb qelizat e muskujve dhe rritjen e aft\u00ebsive t\u00eb p\u00ebrgjithshme t\u00eb trupit.\" \/>\n<meta property=\"og:url\" content=\"https:\/\/furyfightclub.com\/product\/creatine-monohydrate\/\" \/>\n<meta property=\"og:site_name\" content=\"Fury Fight Club\" \/>\n<meta property=\"article:modified_time\" content=\"2021-07-17T22:38:58+00:00\" \/>\n<meta property=\"og:image\" content=\"https:\/\/furyfightclub.com\/wp-content\/uploads\/2021\/02\/creatine_monohydrate_250g-510x510-1.png\" \/>\n\t<meta property=\"og:image:width\" content=\"600\" \/>\n\t<meta property=\"og:image:height\" content=\"600\" \/>\n\t<meta property=\"og:image:type\" content=\"image\/png\" \/>\n<meta name=\"twitter:card\" content=\"summary_large_image\" \/>\n<meta name=\"twitter:label1\" content=\"Est. reading time\" \/>\n\t<meta name=\"twitter:data1\" content=\"1 minute\" \/>\n<script type=\"application\/ld+json\" class=\"yoast-schema-graph\">{\"@context\":\"https:\/\/schema.org\",\"@graph\":[{\"@type\":\"WebPage\",\"@id\":\"https:\/\/furyfightclub.com\/product\/creatine-monohydrate\/\",\"url\":\"https:\/\/furyfightclub.com\/product\/creatine-monohydrate\/\",\"name\":\"Creatine Monohydrate - Fury Fight Club\",\"isPartOf\":{\"@id\":\"https:\/\/furyfightclub.com\/#website\"},\"primaryImageOfPage\":{\"@id\":\"https:\/\/furyfightclub.com\/product\/creatine-monohydrate\/#primaryimage\"},\"image\":{\"@id\":\"https:\/\/furyfightclub.com\/product\/creatine-monohydrate\/#primaryimage\"},\"thumbnailUrl\":\"https:\/\/furyfightclub.com\/wp-content\/uploads\/2021\/02\/creatine_monohydrate_250g-510x510-1.png\",\"datePublished\":\"2021-02-15T23:37:36+00:00\",\"dateModified\":\"2021-07-17T22:38:58+00:00\",\"breadcrumb\":{\"@id\":\"https:\/\/furyfightclub.com\/product\/creatine-monohydrate\/#breadcrumb\"},\"inLanguage\":\"sq-AL\",\"potentialAction\":[{\"@type\":\"ReadAction\",\"target\":[\"https:\/\/furyfightclub.com\/product\/creatine-monohydrate\/\"]}]},{\"@type\":\"ImageObject\",\"inLanguage\":\"sq-AL\",\"@id\":\"https:\/\/furyfightclub.com\/product\/creatine-monohydrate\/#primaryimage\",\"url\":\"https:\/\/furyfightclub.com\/wp-content\/uploads\/2021\/02\/creatine_monohydrate_250g-510x510-1.png\",\"contentUrl\":\"https:\/\/furyfightclub.com\/wp-content\/uploads\/2021\/02\/creatine_monohydrate_250g-510x510-1.png\",\"width\":600,\"height\":600},{\"@type\":\"BreadcrumbList\",\"@id\":\"https:\/\/furyfightclub.com\/product\/creatine-monohydrate\/#breadcrumb\",\"itemListElement\":[{\"@type\":\"ListItem\",\"position\":1,\"name\":\"Home\",\"item\":\"https:\/\/furyfightclub.com\/sq\/kreu\/\"},{\"@type\":\"ListItem\",\"position\":2,\"name\":\"Dyqani\",\"item\":\"https:\/\/furyfightclub.com\/sq\/dyqani\/\"},{\"@type\":\"ListItem\",\"position\":3,\"name\":\"Creatine Monohydrate\"}]},{\"@type\":\"WebSite\",\"@id\":\"https:\/\/furyfightclub.com\/#website\",\"url\":\"https:\/\/furyfightclub.com\/\",\"name\":\"Fury Fight Club\",\"description\":\"No Talent Only Obsession\",\"publisher\":{\"@id\":\"https:\/\/furyfightclub.com\/#organization\"},\"potentialAction\":[{\"@type\":\"SearchAction\",\"target\":{\"@type\":\"EntryPoint\",\"urlTemplate\":\"https:\/\/furyfightclub.com\/?s={search_term_string}\"},\"query-input\":{\"@type\":\"PropertyValueSpecification\",\"valueRequired\":true,\"valueName\":\"search_term_string\"}}],\"inLanguage\":\"sq-AL\"},{\"@type\":\"Organization\",\"@id\":\"https:\/\/furyfightclub.com\/#organization\",\"name\":\"Fury Fight Club\",\"url\":\"https:\/\/furyfightclub.com\/\",\"logo\":{\"@type\":\"ImageObject\",\"inLanguage\":\"sq-AL\",\"@id\":\"https:\/\/furyfightclub.com\/#\/schema\/logo\/image\/\",\"url\":\"https:\/\/furyfightclub.com\/wp-content\/uploads\/2021\/01\/logo@x2.png\",\"contentUrl\":\"https:\/\/furyfightclub.com\/wp-content\/uploads\/2021\/01\/logo@x2.png\",\"width\":255,\"height\":288,\"caption\":\"Fury Fight Club\"},\"image\":{\"@id\":\"https:\/\/furyfightclub.com\/#\/schema\/logo\/image\/\"},\"sameAs\":[\"https:\/\/www.instagram.com\/furyfightclub\/\",\"https:\/\/www.youtube.com\/channel\/UCEGaknxvkwJjaXBPloEA2Sg\"]}]}<\/script>\n<!-- \/ Yoast SEO plugin. -->","yoast_head_json":{"title":"Creatine Monohydrate - Fury Fight Club","robots":{"index":"index","follow":"follow","max-snippet":"max-snippet:-1","max-image-preview":"max-image-preview:large","max-video-preview":"max-video-preview:-1"},"canonical":"https:\/\/furyfightclub.com\/product\/creatine-monohydrate\/","og_locale":"sq_AL","og_type":"article","og_title":"Creatine Monohydrate - Fury Fight Club","og_description":"Creatine Monohydrate \u00ebsht\u00eb i p\u00ebrshtatsh\u00ebm p\u00ebr k\u00ebdo q\u00eb merr pjes\u00eb n\u00eb st\u00ebrvitje t\u00eb zgjatur ose me intensitet t\u00eb lart\u00eb, duke k\u00ebrkuar p\u00ebrmir\u00ebsimin e performanc\u00ebs fizike. Kreatina e ushqyerjes s\u00eb aplikuar siguron formul\u00ebn m\u00eb t\u00eb past\u00ebr dhe m\u00eb t\u00eb absorbuar t\u00eb Creatine Monohydrate n\u00eb dispozicion. Studimet raportojn\u00eb se rritja e niveleve t\u00eb kreatin\u00ebs do t\u00eb ndihmoj\u00eb vonimin e fillimit t\u00eb lodhjes, rritjen e metabolizmit t\u00eb energjis\u00eb n\u00eb qelizat e muskujve dhe rritjen e aft\u00ebsive t\u00eb p\u00ebrgjithshme t\u00eb trupit.","og_url":"https:\/\/furyfightclub.com\/product\/creatine-monohydrate\/","og_site_name":"Fury Fight Club","article_modified_time":"2021-07-17T22:38:58+00:00","og_image":[{"width":600,"height":600,"url":"https:\/\/furyfightclub.com\/wp-content\/uploads\/2021\/02\/creatine_monohydrate_250g-510x510-1.png","type":"image\/png"}],"twitter_card":"summary_large_image","twitter_misc":{"Est. reading time":"1 minute"},"schema":{"@context":"https:\/\/schema.org","@graph":[{"@type":"WebPage","@id":"https:\/\/furyfightclub.com\/product\/creatine-monohydrate\/","url":"https:\/\/furyfightclub.com\/product\/creatine-monohydrate\/","name":"Creatine Monohydrate - Fury Fight Club","isPartOf":{"@id":"https:\/\/furyfightclub.com\/#website"},"primaryImageOfPage":{"@id":"https:\/\/furyfightclub.com\/product\/creatine-monohydrate\/#primaryimage"},"image":{"@id":"https:\/\/furyfightclub.com\/product\/creatine-monohydrate\/#primaryimage"},"thumbnailUrl":"https:\/\/furyfightclub.com\/wp-content\/uploads\/2021\/02\/creatine_monohydrate_250g-510x510-1.png","datePublished":"2021-02-15T23:37:36+00:00","dateModified":"2021-07-17T22:38:58+00:00","breadcrumb":{"@id":"https:\/\/furyfightclub.com\/product\/creatine-monohydrate\/#breadcrumb"},"inLanguage":"sq-AL","potentialAction":[{"@type":"ReadAction","target":["https:\/\/furyfightclub.com\/product\/creatine-monohydrate\/"]}]},{"@type":"ImageObject","inLanguage":"sq-AL","@id":"https:\/\/furyfightclub.com\/product\/creatine-monohydrate\/#primaryimage","url":"https:\/\/furyfightclub.com\/wp-content\/uploads\/2021\/02\/creatine_monohydrate_250g-510x510-1.png","contentUrl":"https:\/\/furyfightclub.com\/wp-content\/uploads\/2021\/02\/creatine_monohydrate_250g-510x510-1.png","width":600,"height":600},{"@type":"BreadcrumbList","@id":"https:\/\/furyfightclub.com\/product\/creatine-monohydrate\/#breadcrumb","itemListElement":[{"@type":"ListItem","position":1,"name":"Home","item":"https:\/\/furyfightclub.com\/sq\/kreu\/"},{"@type":"ListItem","position":2,"name":"Dyqani","item":"https:\/\/furyfightclub.com\/sq\/dyqani\/"},{"@type":"ListItem","position":3,"name":"Creatine Monohydrate"}]},{"@type":"WebSite","@id":"https:\/\/furyfightclub.com\/#website","url":"https:\/\/furyfightclub.com\/","name":"Fury Fight Club","description":"No Talent Only Obsession","publisher":{"@id":"https:\/\/furyfightclub.com\/#organization"},"potentialAction":[{"@type":"SearchAction","target":{"@type":"EntryPoint","urlTemplate":"https:\/\/furyfightclub.com\/?s={search_term_string}"},"query-input":{"@type":"PropertyValueSpecification","valueRequired":true,"valueName":"search_term_string"}}],"inLanguage":"sq-AL"},{"@type":"Organization","@id":"https:\/\/furyfightclub.com\/#organization","name":"Fury Fight Club","url":"https:\/\/furyfightclub.com\/","logo":{"@type":"ImageObject","inLanguage":"sq-AL","@id":"https:\/\/furyfightclub.com\/#\/schema\/logo\/image\/","url":"https:\/\/furyfightclub.com\/wp-content\/uploads\/2021\/01\/logo@x2.png","contentUrl":"https:\/\/furyfightclub.com\/wp-content\/uploads\/2021\/01\/logo@x2.png","width":255,"height":288,"caption":"Fury Fight Club"},"image":{"@id":"https:\/\/furyfightclub.com\/#\/schema\/logo\/image\/"},"sameAs":["https:\/\/www.instagram.com\/furyfightclub\/","https:\/\/www.youtube.com\/channel\/UCEGaknxvkwJjaXBPloEA2Sg"]}]}},"_links":{"self":[{"href":"https:\/\/furyfightclub.com\/sq\/wp-json\/wp\/v2\/product\/4289","targetHints":{"allow":["GET"]}}],"collection":[{"href":"https:\/\/furyfightclub.com\/sq\/wp-json\/wp\/v2\/product"}],"about":[{"href":"https:\/\/furyfightclub.com\/sq\/wp-json\/wp\/v2\/types\/product"}],"replies":[{"embeddable":true,"href":"https:\/\/furyfightclub.com\/sq\/wp-json\/wp\/v2\/comments?post=4289"}],"wp:featuredmedia":[{"embeddable":true,"href":"https:\/\/furyfightclub.com\/sq\/wp-json\/wp\/v2\/media\/4290"}],"wp:attachment":[{"href":"https:\/\/furyfightclub.com\/sq\/wp-json\/wp\/v2\/media?parent=4289"}],"wp:term":[{"taxonomy":"product_cat","embeddable":true,"href":"https:\/\/furyfightclub.com\/sq\/wp-json\/wp\/v2\/product_cat?post=4289"},{"taxonomy":"product_tag","embeddable":true,"href":"https:\/\/furyfightclub.com\/sq\/wp-json\/wp\/v2\/product_tag?post=4289"}],"curies":[{"name":"wp","href":"https:\/\/api.w.org\/{rel}","templated":true}]}}