{"id":4296,"date":"2021-02-15T23:46:29","date_gmt":"2021-02-15T23:46:29","guid":{"rendered":"https:\/\/furyfightclub.com\/?post_type=product&#038;p=4296"},"modified":"2021-07-17T22:35:02","modified_gmt":"2021-07-17T22:35:02","slug":"bpi-sports-best-bcaa-shredded","status":"publish","type":"product","link":"https:\/\/furyfightclub.com\/sq\/product\/bpi-sports-best-bcaa-shredded\/","title":{"rendered":"BPI Sports Best BCAA Shredded"},"content":{"rendered":"<h5>Rikuperimi i muskujve<\/h5>\n<p>BESTBCAA Shredded ju siguron nj\u00eb form\u00eb t\u00eb avancuar t\u00eb aminoacideve t\u00eb deg\u00ebzuara t\u00eb peptideve t\u00eb lidhura, p\u00ebr absorbimin dhe shfryt\u00ebzimin optimal. P\u00ebrve\u00e7 k\u00ebsaj, BEST BCAA SHREDDED \u2122 \u00ebsht\u00eb formuluar me lidhjet peptide t\u00eb Karnitin\u00ebs dhe Kitrurlin\u00ebs.<\/p>\n","protected":false},"excerpt":{"rendered":"<p>Nj\u00eb produkt sportiv BPI<br \/>\nNj\u00eb formul p\u00ebr rikuperimin e muskujve.<\/p>\n<ul>\n<li>Nxit muskujt<\/li>\n<li>Mb\u00ebshtetes i oksidit nitrik sintetik<\/li>\n<li>L-Citrulline + Oligopeptidet<\/li>\n<li>Ndihmon n\u00eb djegien e yndyrnave<\/li>\n<\/ul>\n","protected":false},"featured_media":4297,"comment_status":"open","ping_status":"closed","template":"","meta":{"_acf_changed":false,"pmpro_default_level":""},"product_cat":[105,98],"product_tag":[],"class_list":{"0":"post-4296","1":"product","2":"type-product","3":"status-publish","4":"has-post-thumbnail","6":"product_cat-aminoacide","7":"product_cat-pre-workout","8":"pmpro-has-access","10":"first","11":"instock","12":"shipping-taxable","13":"purchasable","14":"product-type-simple"},"acf":[],"yoast_head":"<!-- This site is optimized with the Yoast SEO plugin v25.4 - https:\/\/yoast.com\/wordpress\/plugins\/seo\/ -->\n<title>BPI Sports Best BCAA Shredded - Fury Fight Club<\/title>\n<meta name=\"robots\" content=\"index, follow, max-snippet:-1, max-image-preview:large, max-video-preview:-1\" \/>\n<link rel=\"canonical\" href=\"https:\/\/furyfightclub.com\/product\/bpi-sports-best-bcaa-shredded\/\" \/>\n<meta property=\"og:locale\" content=\"sq_AL\" \/>\n<meta property=\"og:type\" content=\"article\" \/>\n<meta property=\"og:title\" content=\"BPI Sports Best BCAA Shredded - Fury Fight Club\" \/>\n<meta property=\"og:description\" content=\"Nj\u00eb produkt sportiv BPI Nj\u00eb formul p\u00ebr rikuperimin e muskujve.   Nxit muskujt  Mb\u00ebshtetes i oksidit nitrik sintetik  L-Citrulline + Oligopeptidet  Ndihmon n\u00eb djegien e yndyrnave\" \/>\n<meta property=\"og:url\" content=\"https:\/\/furyfightclub.com\/product\/bpi-sports-best-bcaa-shredded\/\" \/>\n<meta property=\"og:site_name\" content=\"Fury Fight Club\" \/>\n<meta property=\"article:modified_time\" content=\"2021-07-17T22:35:02+00:00\" \/>\n<meta property=\"og:image\" content=\"https:\/\/furyfightclub.com\/wp-content\/uploads\/2021\/02\/1df4386f-6c5a-4c29-80b9-df18e7704b35-510x510-1.png\" \/>\n\t<meta property=\"og:image:width\" content=\"510\" \/>\n\t<meta property=\"og:image:height\" content=\"510\" \/>\n\t<meta property=\"og:image:type\" content=\"image\/png\" \/>\n<meta name=\"twitter:card\" content=\"summary_large_image\" \/>\n<script type=\"application\/ld+json\" class=\"yoast-schema-graph\">{\"@context\":\"https:\/\/schema.org\",\"@graph\":[{\"@type\":\"WebPage\",\"@id\":\"https:\/\/furyfightclub.com\/product\/bpi-sports-best-bcaa-shredded\/\",\"url\":\"https:\/\/furyfightclub.com\/product\/bpi-sports-best-bcaa-shredded\/\",\"name\":\"BPI Sports Best BCAA Shredded - Fury Fight Club\",\"isPartOf\":{\"@id\":\"https:\/\/furyfightclub.com\/#website\"},\"primaryImageOfPage\":{\"@id\":\"https:\/\/furyfightclub.com\/product\/bpi-sports-best-bcaa-shredded\/#primaryimage\"},\"image\":{\"@id\":\"https:\/\/furyfightclub.com\/product\/bpi-sports-best-bcaa-shredded\/#primaryimage\"},\"thumbnailUrl\":\"https:\/\/furyfightclub.com\/wp-content\/uploads\/2021\/02\/1df4386f-6c5a-4c29-80b9-df18e7704b35-510x510-1.png\",\"datePublished\":\"2021-02-15T23:46:29+00:00\",\"dateModified\":\"2021-07-17T22:35:02+00:00\",\"breadcrumb\":{\"@id\":\"https:\/\/furyfightclub.com\/product\/bpi-sports-best-bcaa-shredded\/#breadcrumb\"},\"inLanguage\":\"sq-AL\",\"potentialAction\":[{\"@type\":\"ReadAction\",\"target\":[\"https:\/\/furyfightclub.com\/product\/bpi-sports-best-bcaa-shredded\/\"]}]},{\"@type\":\"ImageObject\",\"inLanguage\":\"sq-AL\",\"@id\":\"https:\/\/furyfightclub.com\/product\/bpi-sports-best-bcaa-shredded\/#primaryimage\",\"url\":\"https:\/\/furyfightclub.com\/wp-content\/uploads\/2021\/02\/1df4386f-6c5a-4c29-80b9-df18e7704b35-510x510-1.png\",\"contentUrl\":\"https:\/\/furyfightclub.com\/wp-content\/uploads\/2021\/02\/1df4386f-6c5a-4c29-80b9-df18e7704b35-510x510-1.png\",\"width\":510,\"height\":510},{\"@type\":\"BreadcrumbList\",\"@id\":\"https:\/\/furyfightclub.com\/product\/bpi-sports-best-bcaa-shredded\/#breadcrumb\",\"itemListElement\":[{\"@type\":\"ListItem\",\"position\":1,\"name\":\"Home\",\"item\":\"https:\/\/furyfightclub.com\/sq\/kreu\/\"},{\"@type\":\"ListItem\",\"position\":2,\"name\":\"Dyqani\",\"item\":\"https:\/\/furyfightclub.com\/sq\/dyqani\/\"},{\"@type\":\"ListItem\",\"position\":3,\"name\":\"BPI Sports Best BCAA Shredded\"}]},{\"@type\":\"WebSite\",\"@id\":\"https:\/\/furyfightclub.com\/#website\",\"url\":\"https:\/\/furyfightclub.com\/\",\"name\":\"Fury Fight Club\",\"description\":\"No Talent Only Obsession\",\"publisher\":{\"@id\":\"https:\/\/furyfightclub.com\/#organization\"},\"potentialAction\":[{\"@type\":\"SearchAction\",\"target\":{\"@type\":\"EntryPoint\",\"urlTemplate\":\"https:\/\/furyfightclub.com\/?s={search_term_string}\"},\"query-input\":{\"@type\":\"PropertyValueSpecification\",\"valueRequired\":true,\"valueName\":\"search_term_string\"}}],\"inLanguage\":\"sq-AL\"},{\"@type\":\"Organization\",\"@id\":\"https:\/\/furyfightclub.com\/#organization\",\"name\":\"Fury Fight Club\",\"url\":\"https:\/\/furyfightclub.com\/\",\"logo\":{\"@type\":\"ImageObject\",\"inLanguage\":\"sq-AL\",\"@id\":\"https:\/\/furyfightclub.com\/#\/schema\/logo\/image\/\",\"url\":\"https:\/\/furyfightclub.com\/wp-content\/uploads\/2021\/01\/logo@x2.png\",\"contentUrl\":\"https:\/\/furyfightclub.com\/wp-content\/uploads\/2021\/01\/logo@x2.png\",\"width\":255,\"height\":288,\"caption\":\"Fury Fight Club\"},\"image\":{\"@id\":\"https:\/\/furyfightclub.com\/#\/schema\/logo\/image\/\"},\"sameAs\":[\"https:\/\/www.instagram.com\/furyfightclub\/\",\"https:\/\/www.youtube.com\/channel\/UCEGaknxvkwJjaXBPloEA2Sg\"]}]}<\/script>\n<!-- \/ Yoast SEO plugin. -->","yoast_head_json":{"title":"BPI Sports Best BCAA Shredded - Fury Fight Club","robots":{"index":"index","follow":"follow","max-snippet":"max-snippet:-1","max-image-preview":"max-image-preview:large","max-video-preview":"max-video-preview:-1"},"canonical":"https:\/\/furyfightclub.com\/product\/bpi-sports-best-bcaa-shredded\/","og_locale":"sq_AL","og_type":"article","og_title":"BPI Sports Best BCAA Shredded - Fury Fight Club","og_description":"Nj\u00eb produkt sportiv BPI Nj\u00eb formul p\u00ebr rikuperimin e muskujve.   Nxit muskujt  Mb\u00ebshtetes i oksidit nitrik sintetik  L-Citrulline + Oligopeptidet  Ndihmon n\u00eb djegien e yndyrnave","og_url":"https:\/\/furyfightclub.com\/product\/bpi-sports-best-bcaa-shredded\/","og_site_name":"Fury Fight Club","article_modified_time":"2021-07-17T22:35:02+00:00","og_image":[{"width":510,"height":510,"url":"https:\/\/furyfightclub.com\/wp-content\/uploads\/2021\/02\/1df4386f-6c5a-4c29-80b9-df18e7704b35-510x510-1.png","type":"image\/png"}],"twitter_card":"summary_large_image","schema":{"@context":"https:\/\/schema.org","@graph":[{"@type":"WebPage","@id":"https:\/\/furyfightclub.com\/product\/bpi-sports-best-bcaa-shredded\/","url":"https:\/\/furyfightclub.com\/product\/bpi-sports-best-bcaa-shredded\/","name":"BPI Sports Best BCAA Shredded - Fury Fight Club","isPartOf":{"@id":"https:\/\/furyfightclub.com\/#website"},"primaryImageOfPage":{"@id":"https:\/\/furyfightclub.com\/product\/bpi-sports-best-bcaa-shredded\/#primaryimage"},"image":{"@id":"https:\/\/furyfightclub.com\/product\/bpi-sports-best-bcaa-shredded\/#primaryimage"},"thumbnailUrl":"https:\/\/furyfightclub.com\/wp-content\/uploads\/2021\/02\/1df4386f-6c5a-4c29-80b9-df18e7704b35-510x510-1.png","datePublished":"2021-02-15T23:46:29+00:00","dateModified":"2021-07-17T22:35:02+00:00","breadcrumb":{"@id":"https:\/\/furyfightclub.com\/product\/bpi-sports-best-bcaa-shredded\/#breadcrumb"},"inLanguage":"sq-AL","potentialAction":[{"@type":"ReadAction","target":["https:\/\/furyfightclub.com\/product\/bpi-sports-best-bcaa-shredded\/"]}]},{"@type":"ImageObject","inLanguage":"sq-AL","@id":"https:\/\/furyfightclub.com\/product\/bpi-sports-best-bcaa-shredded\/#primaryimage","url":"https:\/\/furyfightclub.com\/wp-content\/uploads\/2021\/02\/1df4386f-6c5a-4c29-80b9-df18e7704b35-510x510-1.png","contentUrl":"https:\/\/furyfightclub.com\/wp-content\/uploads\/2021\/02\/1df4386f-6c5a-4c29-80b9-df18e7704b35-510x510-1.png","width":510,"height":510},{"@type":"BreadcrumbList","@id":"https:\/\/furyfightclub.com\/product\/bpi-sports-best-bcaa-shredded\/#breadcrumb","itemListElement":[{"@type":"ListItem","position":1,"name":"Home","item":"https:\/\/furyfightclub.com\/sq\/kreu\/"},{"@type":"ListItem","position":2,"name":"Dyqani","item":"https:\/\/furyfightclub.com\/sq\/dyqani\/"},{"@type":"ListItem","position":3,"name":"BPI Sports Best BCAA Shredded"}]},{"@type":"WebSite","@id":"https:\/\/furyfightclub.com\/#website","url":"https:\/\/furyfightclub.com\/","name":"Fury Fight Club","description":"No Talent Only Obsession","publisher":{"@id":"https:\/\/furyfightclub.com\/#organization"},"potentialAction":[{"@type":"SearchAction","target":{"@type":"EntryPoint","urlTemplate":"https:\/\/furyfightclub.com\/?s={search_term_string}"},"query-input":{"@type":"PropertyValueSpecification","valueRequired":true,"valueName":"search_term_string"}}],"inLanguage":"sq-AL"},{"@type":"Organization","@id":"https:\/\/furyfightclub.com\/#organization","name":"Fury Fight Club","url":"https:\/\/furyfightclub.com\/","logo":{"@type":"ImageObject","inLanguage":"sq-AL","@id":"https:\/\/furyfightclub.com\/#\/schema\/logo\/image\/","url":"https:\/\/furyfightclub.com\/wp-content\/uploads\/2021\/01\/logo@x2.png","contentUrl":"https:\/\/furyfightclub.com\/wp-content\/uploads\/2021\/01\/logo@x2.png","width":255,"height":288,"caption":"Fury Fight Club"},"image":{"@id":"https:\/\/furyfightclub.com\/#\/schema\/logo\/image\/"},"sameAs":["https:\/\/www.instagram.com\/furyfightclub\/","https:\/\/www.youtube.com\/channel\/UCEGaknxvkwJjaXBPloEA2Sg"]}]}},"_links":{"self":[{"href":"https:\/\/furyfightclub.com\/sq\/wp-json\/wp\/v2\/product\/4296","targetHints":{"allow":["GET"]}}],"collection":[{"href":"https:\/\/furyfightclub.com\/sq\/wp-json\/wp\/v2\/product"}],"about":[{"href":"https:\/\/furyfightclub.com\/sq\/wp-json\/wp\/v2\/types\/product"}],"replies":[{"embeddable":true,"href":"https:\/\/furyfightclub.com\/sq\/wp-json\/wp\/v2\/comments?post=4296"}],"wp:featuredmedia":[{"embeddable":true,"href":"https:\/\/furyfightclub.com\/sq\/wp-json\/wp\/v2\/media\/4297"}],"wp:attachment":[{"href":"https:\/\/furyfightclub.com\/sq\/wp-json\/wp\/v2\/media?parent=4296"}],"wp:term":[{"taxonomy":"product_cat","embeddable":true,"href":"https:\/\/furyfightclub.com\/sq\/wp-json\/wp\/v2\/product_cat?post=4296"},{"taxonomy":"product_tag","embeddable":true,"href":"https:\/\/furyfightclub.com\/sq\/wp-json\/wp\/v2\/product_tag?post=4296"}],"curies":[{"name":"wp","href":"https:\/\/api.w.org\/{rel}","templated":true}]}}