{"id":4304,"date":"2021-02-15T23:55:20","date_gmt":"2021-02-15T23:55:20","guid":{"rendered":"https:\/\/furyfightclub.com\/?post_type=product&#038;p=4304"},"modified":"2021-07-17T22:35:02","modified_gmt":"2021-07-17T22:35:02","slug":"amino-fuel","status":"publish","type":"product","link":"https:\/\/furyfightclub.com\/sq\/product\/amino-fuel\/","title":{"rendered":"Amino Fuel"},"content":{"rendered":"<p>Amino Acids jan\u00eb kimikate komplekse q\u00eb jan\u00eb blloqet e nd\u00ebrtimit t\u00eb proteinave. Nj\u00eb amino acid thelb\u00ebsor nuk mund t\u00eb sintetizohet ose t\u00eb krijohet nga trupi dhe p\u00ebr k\u00ebt\u00eb arsye duhet t\u00eb furnizohet nga dieta.<\/p>\n<p>Amino Fuel mund t\u00eb konsumohet 24 or\u00eb n\u00eb dit\u00eb ose kur k\u00ebrkohet marrja ekstra e amino, si\u00e7 \u00ebsht\u00eb \u00e7do form\u00eb ushtrimi ose aktiviteti.<\/p>\n<p><strong>P\u00cbRFITIMET KRYESORE<\/strong><\/p>\n<ul>\n<li>11g e Aminos p\u00ebr tu sh\u00ebrbyer<\/li>\n<li>45mg shtes\u00eb AstraGin<\/li>\n<li>Nd\u00ebrtimi i bllokut t\u00eb proteinave<\/li>\n<li>Produkt i Certifikuar Hallall<\/li>\n<\/ul>\n<p><strong>SYGJERIM P\u00cbR P\u00cbRDORIM<\/strong><br \/>\nP\u00ebrzieni 1 servis (13g) me 500ml uj\u00eb dhe shkundni mir\u00eb. Konsumoni para, gjat\u00eb dhe pas st\u00ebrvitjes ose n\u00eb \u00e7do koh\u00eb gjat\u00eb dit\u00ebs kur \u00ebsht\u00eb e nevojshme marrja e Amino.<\/p>\n<p>* Scoops vler\u00ebsohen vet\u00ebm, peshoret e peshimit jan\u00eb t\u00eb rekomanduara.<\/p>\n<p><strong>INFORMACION USHQYESE<\/strong><\/p>\n<table id=\"tablepress-1\" class=\"tablepress tablepress-id-1\">\n<thead>\n<tr class=\"row-1\">\n<th class=\"column-1\"><\/th>\n<th class=\"column-2\">PER (100 G)<\/th>\n<th class=\"column-3\">PER (13 G)<\/th>\n<\/tr>\n<\/thead>\n<tbody>\n<tr class=\"row-2\">\n<td class=\"column-1\">Energy<\/td>\n<td class=\"column-2\">27 kcal \/ 111 kJ<\/td>\n<td class=\"column-3\">3 kcal \/ 14 kJ<\/td>\n<\/tr>\n<tr class=\"row-3\">\n<td class=\"column-1\">Fat<\/td>\n<td class=\"column-2\">0 g<\/td>\n<td class=\"column-3\">0 g<\/td>\n<\/tr>\n<tr class=\"row-4\">\n<td class=\"column-1\">of which Saturates<\/td>\n<td class=\"column-2\">0 g<\/td>\n<td class=\"column-3\">0 g<\/td>\n<\/tr>\n<tr class=\"row-5\">\n<td class=\"column-1\">Carbohydrate<\/td>\n<td class=\"column-2\">3.8 g<\/td>\n<td class=\"column-3\">0.49 g<\/td>\n<\/tr>\n<tr class=\"row-6\">\n<td class=\"column-1\">of which Sugars<\/td>\n<td class=\"column-2\">0 g<\/td>\n<td class=\"column-3\">0 g<\/td>\n<\/tr>\n<tr class=\"row-7\">\n<td class=\"column-1\">Fibre<\/td>\n<td class=\"column-2\">0 g<\/td>\n<td class=\"column-3\">0 g<\/td>\n<\/tr>\n<tr class=\"row-8\">\n<td class=\"column-1\">Protein<\/td>\n<td class=\"column-2\">0 g<\/td>\n<td class=\"column-3\">0 g<\/td>\n<\/tr>\n<tr class=\"row-9\">\n<td class=\"column-1\">Sodium<\/td>\n<td class=\"column-2\">0.01 g<\/td>\n<td class=\"column-3\">0 g<\/td>\n<\/tr>\n<tr class=\"row-10\">\n<td class=\"column-1\">Salt Equivalent<\/td>\n<td class=\"column-2\">0 g<\/td>\n<td class=\"column-3\">0 g<\/td>\n<\/tr>\n<tr class=\"row-11\">\n<td class=\"column-1\">AstraGin<\/td>\n<td class=\"column-2\">375 mg<\/td>\n<td class=\"column-3\">45 mg<\/td>\n<\/tr>\n<\/tbody>\n<\/table>\n<table id=\"tablepress-2\" class=\"tablepress tablepress-id-2\">\n<thead>\n<tr class=\"row-1\">\n<th class=\"column-1\">AMINO ACIDS<\/th>\n<th class=\"column-2\">PER (13 G)<\/th>\n<\/tr>\n<\/thead>\n<tbody>\n<tr class=\"row-2\">\n<td class=\"column-1\">L-Leucine \u2020<\/td>\n<td class=\"column-2\">3000 mg<\/td>\n<\/tr>\n<tr class=\"row-3\">\n<td class=\"column-1\">L-Glutamine<\/td>\n<td class=\"column-2\">2500 mg<\/td>\n<\/tr>\n<tr class=\"row-4\">\n<td class=\"column-1\">L-Isoleucine \u2020<\/td>\n<td class=\"column-2\">1500 mg<\/td>\n<\/tr>\n<tr class=\"row-5\">\n<td class=\"column-1\">L-Valine \u2020<\/td>\n<td class=\"column-2\">1500 mg<\/td>\n<\/tr>\n<tr class=\"row-6\">\n<td class=\"column-1\">L-Lysine<\/td>\n<td class=\"column-2\">1000 mg<\/td>\n<\/tr>\n<tr class=\"row-7\">\n<td class=\"column-1\">L-Threonine<\/td>\n<td class=\"column-2\">500 mg<\/td>\n<\/tr>\n<tr class=\"row-8\">\n<td class=\"column-1\">L-Histidine<\/td>\n<td class=\"column-2\">500 mg<\/td>\n<\/tr>\n<tr class=\"row-9\">\n<td class=\"column-1\">L-Phenylalanine<\/td>\n<td class=\"column-2\">335 mg<\/td>\n<\/tr>\n<tr class=\"row-10\">\n<td class=\"column-1\">L-Tryptophan<\/td>\n<td class=\"column-2\">100 mg<\/td>\n<\/tr>\n<tr class=\"row-11\">\n<td class=\"column-1\">L-Methionine<\/td>\n<td class=\"column-2\">50 mg<\/td>\n<\/tr>\n<\/tbody>\n<\/table>\n<p>\u2020 Aminoacidet e Deg\u00ebzuara t\u00eb Zinxhirit (BCAAs)<\/p>\n<p><strong>P\u00cbRB\u00cbR\u00cbSIT<\/strong><br \/>\n(Arom\u00eb sallat\u00eb frutash)<br \/>\nPluhur L-Leucine, L-Glutamine, L-Valine Powder, Pluhur L-Isoleucine, Pluhur L-Lizine, Acidulant (Acid Citric), Flavor, L-Threonine Powder, L-Histidine Powder, Klorur), Sweeteners (Acesulfame K, Sucralose), L-Tryptophan Powder, L-Metionine Powder, AstraGin\u00ae (Astragalus &amp; Panax Notoginseng Extract), Ngjyrosje Natyrore (Ekstrakt me Indine).<\/p>\n<p><strong>TESTUAR P\u00cbR ATLETA<\/strong><br \/>\n\u00c7do p\u00ebrb\u00ebr\u00ebs brenda k\u00ebtij grupi i n\u00ebnshtrohet shqyrtimit dhe testimit rigoroz p\u00ebr substanca t\u00eb ndaluara para prodhimit sipas nj\u00eb programi t\u00eb monitoruar. Produktet p\u00ebrfundimtare pastaj i n\u00ebnshtrohen testimit t\u00eb rast\u00ebsish\u00ebm n\u00eb nj\u00eb laborator t\u00eb akredituar ISO 17025 p\u00ebr t\u00eb siguruar nivelin m\u00eb t\u00eb lart\u00eb t\u00eb sigurimit se ato jan\u00eb m\u00eb t\u00eb sigurta p\u00ebr atlet\u00ebt q\u00eb duhet t\u00eb p\u00ebrdorin.<br \/>\n<strong><br \/>\nKUJDES<\/strong><br \/>\nKontrolloni me nj\u00eb profesionist sh\u00ebndet\u00ebsor t\u00eb kualifikuar para p\u00ebrdorimit t\u00eb k\u00ebtij produkti n\u00ebse jeni n\u00ebn mosh\u00ebn 18 vje\u00e7, shtatz\u00ebn\u00eb ose infermiere t\u00eb nj\u00eb f\u00ebmije ose n\u00ebse keni ndonj\u00eb gjendje t\u00eb njohur ose t\u00eb dyshuar mjek\u00ebsore dhe ose po merrni ndonj\u00eb recet\u00eb ose medikamente OTC. Nuk duhet t\u00eb p\u00ebrdoret si z\u00ebvend\u00ebsim p\u00ebr nj\u00eb diet\u00eb t\u00eb ndryshme dhe nj\u00eb m\u00ebnyr\u00eb jetese t\u00eb sh\u00ebndetshme. Ruajeni k\u00ebt\u00eb produkt n\u00eb nj\u00eb vend t\u00eb ftoht\u00eb t\u00eb that\u00eb, larg f\u00ebmij\u00ebve. Mos e tejkaloni p\u00ebrdorimin e sugjeruar. P\u00ebr alergjiket shih p\u00ebrb\u00ebr\u00ebsit me t\u00eb zez\u00eb.<\/p>\n","protected":false},"excerpt":{"rendered":"<p><strong>0g Fat \u2022 0g Sugar \u2022 0g Carbs \u2022 3 Kcal<\/strong><br \/>\nAmino Fuel \u00ebsht\u00eb nj\u00eb p\u00ebrzierje perfekte q\u00eb jep 11g Amino Acids (EAA) duke p\u00ebrfshir\u00eb 6g Amino Acidet e Deg\u00ebzuara (BCAAs) n\u00eb nj\u00eb raport 2: 1: 1 (3000mg L-Leucine, 1500mg L- Isoleucine, 1500mg L-Valine) me nj\u00eb shtes\u00eb prej 2g L-Glutamine dhe 45mg AstraGin<\/p>\n","protected":false},"featured_media":4305,"comment_status":"open","ping_status":"closed","template":"","meta":{"_acf_changed":false,"pmpro_default_level":""},"product_cat":[95],"product_tag":[],"class_list":{"0":"post-4304","1":"product","2":"type-product","3":"status-publish","4":"has-post-thumbnail","6":"product_cat-mass-gainer","7":"pmpro-has-access","9":"first","10":"instock","11":"shipping-taxable","12":"purchasable","13":"product-type-simple"},"acf":[],"yoast_head":"<!-- This site is optimized with the Yoast SEO plugin v25.4 - https:\/\/yoast.com\/wordpress\/plugins\/seo\/ -->\n<title>Amino Fuel - Fury Fight Club<\/title>\n<meta name=\"robots\" content=\"index, follow, max-snippet:-1, max-image-preview:large, max-video-preview:-1\" \/>\n<link rel=\"canonical\" href=\"https:\/\/furyfightclub.com\/product\/amino-fuel\/\" \/>\n<meta property=\"og:locale\" content=\"sq_AL\" \/>\n<meta property=\"og:type\" content=\"article\" \/>\n<meta property=\"og:title\" content=\"Amino Fuel - Fury Fight Club\" \/>\n<meta property=\"og:description\" content=\"0g Fat \u2022 0g Sugar \u2022 0g Carbs \u2022 3 Kcal Amino Fuel \u00ebsht\u00eb nj\u00eb p\u00ebrzierje perfekte q\u00eb jep 11g Amino Acids (EAA) duke p\u00ebrfshir\u00eb 6g Amino Acidet e Deg\u00ebzuara (BCAAs) n\u00eb nj\u00eb raport 2: 1: 1 (3000mg L-Leucine, 1500mg L- Isoleucine, 1500mg L-Valine) me nj\u00eb shtes\u00eb prej 2g L-Glutamine dhe 45mg AstraGin\" \/>\n<meta property=\"og:url\" content=\"https:\/\/furyfightclub.com\/product\/amino-fuel\/\" \/>\n<meta property=\"og:site_name\" content=\"Fury Fight Club\" \/>\n<meta property=\"article:modified_time\" content=\"2021-07-17T22:35:02+00:00\" \/>\n<meta property=\"og:image\" content=\"https:\/\/furyfightclub.com\/wp-content\/uploads\/2021\/02\/amino-fuel-390g-_fruit-salad_-510x510-1.png\" \/>\n\t<meta property=\"og:image:width\" content=\"600\" \/>\n\t<meta property=\"og:image:height\" content=\"600\" \/>\n\t<meta property=\"og:image:type\" content=\"image\/png\" \/>\n<meta name=\"twitter:card\" content=\"summary_large_image\" \/>\n<meta name=\"twitter:label1\" content=\"Est. reading time\" \/>\n\t<meta name=\"twitter:data1\" content=\"2 minutes\" \/>\n<script type=\"application\/ld+json\" class=\"yoast-schema-graph\">{\"@context\":\"https:\/\/schema.org\",\"@graph\":[{\"@type\":\"WebPage\",\"@id\":\"https:\/\/furyfightclub.com\/product\/amino-fuel\/\",\"url\":\"https:\/\/furyfightclub.com\/product\/amino-fuel\/\",\"name\":\"Amino Fuel - Fury Fight Club\",\"isPartOf\":{\"@id\":\"https:\/\/furyfightclub.com\/#website\"},\"primaryImageOfPage\":{\"@id\":\"https:\/\/furyfightclub.com\/product\/amino-fuel\/#primaryimage\"},\"image\":{\"@id\":\"https:\/\/furyfightclub.com\/product\/amino-fuel\/#primaryimage\"},\"thumbnailUrl\":\"https:\/\/furyfightclub.com\/wp-content\/uploads\/2021\/02\/amino-fuel-390g-_fruit-salad_-510x510-1.png\",\"datePublished\":\"2021-02-15T23:55:20+00:00\",\"dateModified\":\"2021-07-17T22:35:02+00:00\",\"breadcrumb\":{\"@id\":\"https:\/\/furyfightclub.com\/product\/amino-fuel\/#breadcrumb\"},\"inLanguage\":\"sq-AL\",\"potentialAction\":[{\"@type\":\"ReadAction\",\"target\":[\"https:\/\/furyfightclub.com\/product\/amino-fuel\/\"]}]},{\"@type\":\"ImageObject\",\"inLanguage\":\"sq-AL\",\"@id\":\"https:\/\/furyfightclub.com\/product\/amino-fuel\/#primaryimage\",\"url\":\"https:\/\/furyfightclub.com\/wp-content\/uploads\/2021\/02\/amino-fuel-390g-_fruit-salad_-510x510-1.png\",\"contentUrl\":\"https:\/\/furyfightclub.com\/wp-content\/uploads\/2021\/02\/amino-fuel-390g-_fruit-salad_-510x510-1.png\",\"width\":600,\"height\":600},{\"@type\":\"BreadcrumbList\",\"@id\":\"https:\/\/furyfightclub.com\/product\/amino-fuel\/#breadcrumb\",\"itemListElement\":[{\"@type\":\"ListItem\",\"position\":1,\"name\":\"Home\",\"item\":\"https:\/\/furyfightclub.com\/sq\/kreu\/\"},{\"@type\":\"ListItem\",\"position\":2,\"name\":\"Dyqani\",\"item\":\"https:\/\/furyfightclub.com\/sq\/dyqani\/\"},{\"@type\":\"ListItem\",\"position\":3,\"name\":\"Amino Fuel\"}]},{\"@type\":\"WebSite\",\"@id\":\"https:\/\/furyfightclub.com\/#website\",\"url\":\"https:\/\/furyfightclub.com\/\",\"name\":\"Fury Fight Club\",\"description\":\"No Talent Only Obsession\",\"publisher\":{\"@id\":\"https:\/\/furyfightclub.com\/#organization\"},\"potentialAction\":[{\"@type\":\"SearchAction\",\"target\":{\"@type\":\"EntryPoint\",\"urlTemplate\":\"https:\/\/furyfightclub.com\/?s={search_term_string}\"},\"query-input\":{\"@type\":\"PropertyValueSpecification\",\"valueRequired\":true,\"valueName\":\"search_term_string\"}}],\"inLanguage\":\"sq-AL\"},{\"@type\":\"Organization\",\"@id\":\"https:\/\/furyfightclub.com\/#organization\",\"name\":\"Fury Fight Club\",\"url\":\"https:\/\/furyfightclub.com\/\",\"logo\":{\"@type\":\"ImageObject\",\"inLanguage\":\"sq-AL\",\"@id\":\"https:\/\/furyfightclub.com\/#\/schema\/logo\/image\/\",\"url\":\"https:\/\/furyfightclub.com\/wp-content\/uploads\/2021\/01\/logo@x2.png\",\"contentUrl\":\"https:\/\/furyfightclub.com\/wp-content\/uploads\/2021\/01\/logo@x2.png\",\"width\":255,\"height\":288,\"caption\":\"Fury Fight Club\"},\"image\":{\"@id\":\"https:\/\/furyfightclub.com\/#\/schema\/logo\/image\/\"},\"sameAs\":[\"https:\/\/www.instagram.com\/furyfightclub\/\",\"https:\/\/www.youtube.com\/channel\/UCEGaknxvkwJjaXBPloEA2Sg\"]}]}<\/script>\n<!-- \/ Yoast SEO plugin. -->","yoast_head_json":{"title":"Amino Fuel - Fury Fight Club","robots":{"index":"index","follow":"follow","max-snippet":"max-snippet:-1","max-image-preview":"max-image-preview:large","max-video-preview":"max-video-preview:-1"},"canonical":"https:\/\/furyfightclub.com\/product\/amino-fuel\/","og_locale":"sq_AL","og_type":"article","og_title":"Amino Fuel - Fury Fight Club","og_description":"0g Fat \u2022 0g Sugar \u2022 0g Carbs \u2022 3 Kcal Amino Fuel \u00ebsht\u00eb nj\u00eb p\u00ebrzierje perfekte q\u00eb jep 11g Amino Acids (EAA) duke p\u00ebrfshir\u00eb 6g Amino Acidet e Deg\u00ebzuara (BCAAs) n\u00eb nj\u00eb raport 2: 1: 1 (3000mg L-Leucine, 1500mg L- Isoleucine, 1500mg L-Valine) me nj\u00eb shtes\u00eb prej 2g L-Glutamine dhe 45mg AstraGin","og_url":"https:\/\/furyfightclub.com\/product\/amino-fuel\/","og_site_name":"Fury Fight Club","article_modified_time":"2021-07-17T22:35:02+00:00","og_image":[{"width":600,"height":600,"url":"https:\/\/furyfightclub.com\/wp-content\/uploads\/2021\/02\/amino-fuel-390g-_fruit-salad_-510x510-1.png","type":"image\/png"}],"twitter_card":"summary_large_image","twitter_misc":{"Est. reading time":"2 minutes"},"schema":{"@context":"https:\/\/schema.org","@graph":[{"@type":"WebPage","@id":"https:\/\/furyfightclub.com\/product\/amino-fuel\/","url":"https:\/\/furyfightclub.com\/product\/amino-fuel\/","name":"Amino Fuel - Fury Fight Club","isPartOf":{"@id":"https:\/\/furyfightclub.com\/#website"},"primaryImageOfPage":{"@id":"https:\/\/furyfightclub.com\/product\/amino-fuel\/#primaryimage"},"image":{"@id":"https:\/\/furyfightclub.com\/product\/amino-fuel\/#primaryimage"},"thumbnailUrl":"https:\/\/furyfightclub.com\/wp-content\/uploads\/2021\/02\/amino-fuel-390g-_fruit-salad_-510x510-1.png","datePublished":"2021-02-15T23:55:20+00:00","dateModified":"2021-07-17T22:35:02+00:00","breadcrumb":{"@id":"https:\/\/furyfightclub.com\/product\/amino-fuel\/#breadcrumb"},"inLanguage":"sq-AL","potentialAction":[{"@type":"ReadAction","target":["https:\/\/furyfightclub.com\/product\/amino-fuel\/"]}]},{"@type":"ImageObject","inLanguage":"sq-AL","@id":"https:\/\/furyfightclub.com\/product\/amino-fuel\/#primaryimage","url":"https:\/\/furyfightclub.com\/wp-content\/uploads\/2021\/02\/amino-fuel-390g-_fruit-salad_-510x510-1.png","contentUrl":"https:\/\/furyfightclub.com\/wp-content\/uploads\/2021\/02\/amino-fuel-390g-_fruit-salad_-510x510-1.png","width":600,"height":600},{"@type":"BreadcrumbList","@id":"https:\/\/furyfightclub.com\/product\/amino-fuel\/#breadcrumb","itemListElement":[{"@type":"ListItem","position":1,"name":"Home","item":"https:\/\/furyfightclub.com\/sq\/kreu\/"},{"@type":"ListItem","position":2,"name":"Dyqani","item":"https:\/\/furyfightclub.com\/sq\/dyqani\/"},{"@type":"ListItem","position":3,"name":"Amino Fuel"}]},{"@type":"WebSite","@id":"https:\/\/furyfightclub.com\/#website","url":"https:\/\/furyfightclub.com\/","name":"Fury Fight Club","description":"No Talent Only Obsession","publisher":{"@id":"https:\/\/furyfightclub.com\/#organization"},"potentialAction":[{"@type":"SearchAction","target":{"@type":"EntryPoint","urlTemplate":"https:\/\/furyfightclub.com\/?s={search_term_string}"},"query-input":{"@type":"PropertyValueSpecification","valueRequired":true,"valueName":"search_term_string"}}],"inLanguage":"sq-AL"},{"@type":"Organization","@id":"https:\/\/furyfightclub.com\/#organization","name":"Fury Fight Club","url":"https:\/\/furyfightclub.com\/","logo":{"@type":"ImageObject","inLanguage":"sq-AL","@id":"https:\/\/furyfightclub.com\/#\/schema\/logo\/image\/","url":"https:\/\/furyfightclub.com\/wp-content\/uploads\/2021\/01\/logo@x2.png","contentUrl":"https:\/\/furyfightclub.com\/wp-content\/uploads\/2021\/01\/logo@x2.png","width":255,"height":288,"caption":"Fury Fight Club"},"image":{"@id":"https:\/\/furyfightclub.com\/#\/schema\/logo\/image\/"},"sameAs":["https:\/\/www.instagram.com\/furyfightclub\/","https:\/\/www.youtube.com\/channel\/UCEGaknxvkwJjaXBPloEA2Sg"]}]}},"_links":{"self":[{"href":"https:\/\/furyfightclub.com\/sq\/wp-json\/wp\/v2\/product\/4304","targetHints":{"allow":["GET"]}}],"collection":[{"href":"https:\/\/furyfightclub.com\/sq\/wp-json\/wp\/v2\/product"}],"about":[{"href":"https:\/\/furyfightclub.com\/sq\/wp-json\/wp\/v2\/types\/product"}],"replies":[{"embeddable":true,"href":"https:\/\/furyfightclub.com\/sq\/wp-json\/wp\/v2\/comments?post=4304"}],"wp:featuredmedia":[{"embeddable":true,"href":"https:\/\/furyfightclub.com\/sq\/wp-json\/wp\/v2\/media\/4305"}],"wp:attachment":[{"href":"https:\/\/furyfightclub.com\/sq\/wp-json\/wp\/v2\/media?parent=4304"}],"wp:term":[{"taxonomy":"product_cat","embeddable":true,"href":"https:\/\/furyfightclub.com\/sq\/wp-json\/wp\/v2\/product_cat?post=4304"},{"taxonomy":"product_tag","embeddable":true,"href":"https:\/\/furyfightclub.com\/sq\/wp-json\/wp\/v2\/product_tag?post=4304"}],"curies":[{"name":"wp","href":"https:\/\/api.w.org\/{rel}","templated":true}]}}