{"id":4306,"date":"2021-02-16T00:02:14","date_gmt":"2021-02-16T00:02:14","guid":{"rendered":"https:\/\/furyfightclub.com\/?post_type=product&#038;p=4306"},"modified":"2021-07-17T22:35:01","modified_gmt":"2021-07-17T22:35:01","slug":"abe-by-applied-nutrition","status":"publish","type":"product","link":"https:\/\/furyfightclub.com\/sq\/product\/abe-by-applied-nutrition\/","title":{"rendered":"ABE BY APPLIED NUTRITION"},"content":{"rendered":"<p><strong>Cilat jan\u00eb disa nga p\u00ebrfitimet kryesore q\u00eb mund t\u00eb prisni t\u00eb merrni kur p\u00ebrdorni k\u00ebt\u00eb st\u00ebrvitje para?<\/strong><\/p>\n<ul>\n<li>Energji eksplozive q\u00eb do t\u00eb rris\u00eb performanc\u00ebn tuaj gjat\u00eb st\u00ebrvitjes me intensitet t\u00eb lart\u00eb<\/li>\n<li>Ndihmon trupin tuaj t\u00eb luftoj\u00eb nga lodhja duke ju ndihmuar t\u00eb goditni st\u00ebrvitjen tuaj<\/li>\n<li>Rritja e fokusit mendor dhe qart\u00ebsia duke ju mbajtur n\u00eb zon\u00eb<\/li>\n<li>Mb\u00ebshtetja e sistemit nervor dhe prodhimin e sh\u00ebndetsh\u00ebm t\u00eb qelizave t\u00eb kuqe t\u00eb gjakut me vitamina t\u00eb shtuara B<\/li>\n<\/ul>\n<p><img fetchpriority=\"high\" decoding=\"async\" class=\"alignnone size-full wp-image-4307\" src=\"https:\/\/furyfightclub.com\/wp-content\/uploads\/2021\/02\/abe-1.png\" alt=\"\" width=\"1280\" height=\"502\" srcset=\"https:\/\/furyfightclub.com\/wp-content\/uploads\/2021\/02\/abe-1.png 1280w, https:\/\/furyfightclub.com\/wp-content\/uploads\/2021\/02\/abe-1-600x235.png 600w, https:\/\/furyfightclub.com\/wp-content\/uploads\/2021\/02\/abe-1-300x118.png 300w, https:\/\/furyfightclub.com\/wp-content\/uploads\/2021\/02\/abe-1-1024x402.png 1024w, https:\/\/furyfightclub.com\/wp-content\/uploads\/2021\/02\/abe-1-768x301.png 768w, https:\/\/furyfightclub.com\/wp-content\/uploads\/2021\/02\/abe-1-370x145.png 370w, https:\/\/furyfightclub.com\/wp-content\/uploads\/2021\/02\/abe-1-765x300.png 765w\" sizes=\"(max-width: 1280px) 100vw, 1280px\" \/><br \/>\n<strong>\u00c7far\u00eb ju ofrojn\u00eb disa nga p\u00ebrb\u00ebr\u00ebsit n\u00eb ABE?<\/strong><\/p>\n<p><strong>Tri Creatine Blend<\/strong>\u00a0e cila \u00ebsht\u00eb nj\u00eb p\u00ebrzierje e kreatin\u00ebs dhe malat\u00ebs q\u00eb mendon p\u00ebr t\u00eb rritur shkall\u00ebn e absorbimit t\u00eb kreatin\u00ebs q\u00eb \u00e7on n\u00eb nivele m\u00eb t\u00eb larta ATP q\u00eb do t\u2019ju lejoj\u00eb t\u00eb shtyeni m\u00eb shum\u00eb.<\/p>\n<p><strong>Citrulline Malate\u00a0<\/strong>ndihmon n\u00eb rritjen e nivelit t\u00eb oksidit nitrik, duke rezultuar n\u00eb rrjedhjen m\u00eb t\u00eb madhe t\u00eb gjakut n\u00eb muskujt tan\u00eb. Si\u00e7 ka edhe nj\u00eb reputacion si luft\u00ebtar i lodhjes, kjo do t\u00eb thot\u00eb st\u00ebrvitje m\u00eb t\u00eb gjata, m\u00eb pak dhimbje dhe sh\u00ebrim m\u00eb t\u00eb mir\u00eb.<\/p>\n<p><strong>Beta-Alanine<\/strong>\u00a0rrit p\u00ebrqendrimet e kranosine t\u00eb muskujve q\u00eb \u00ebsht\u00eb thelb\u00ebsore kur b\u00ebhet fjal\u00eb p\u00ebr p\u00ebrdorimin e acidit laktik p\u00ebr energji n\u00eb muskuj, t\u00eb cilat do t\u2019ju lejojn\u00eb t\u00eb st\u00ebrviteni m\u00eb shum\u00eb dhe m\u00eb gjat.<\/p>\n<p><strong>Kafeina stimuluse\u00a0<\/strong>lirimin e adrenalin\u00ebs dhe noradrenalin\u00ebs, e cila ndihmon t\u00eb ju jap fokusin dhe p\u00ebrqendrimin optimal, nd\u00ebrkoh\u00eb q\u00eb ju ndjeheni energjik dhe gati p\u00ebr t\u00eb kryer.<\/p>\n<p><strong>Theacrine<\/strong>\u00a0\u00ebsht\u00eb i njohur p\u00ebr t\u00eb rritur disponimin dhe energjin\u00eb dhe shtrin efektin e kafein\u00ebs, duke minimizuar disa nga efektet an\u00ebsore t\u00eb kafein\u00ebs, si psher\u00ebtimat dhe shkalla e ngritur e zemr\u00ebs.<\/p>\n<p>ABE kombinim i stimuluesve t\u00eb fuqish\u00ebm, nootropik\u00ebt dhe p\u00ebrb\u00ebr\u00ebsit q\u00eb lidhen me prodhimin e oksidit nitrik e b\u00ebjn\u00eb at\u00eb nj\u00eb nga shtesat e para t\u00eb st\u00ebrvitjes n\u00eb treg.<\/p>\n<p>SH\u00cbNIM: ABE p\u00ebrmban 80mg p\u00ebr lug\u00eb t\u00eb Vitamina B3 ose gjithashtu e njohur si Niacinamide (Niacin).<\/p>\n<p>Nj\u00eb an\u00eb e p\u00ebrbashk\u00ebt q\u00eb ndikojn\u00eb disa njer\u00ebz mund t\u00eb p\u00ebrjetojn\u00eb nga plot\u00ebsimi me k\u00ebt\u00eb p\u00ebrb\u00ebr\u00ebs \u00ebsht\u00eb kryesisht p\u00ebr shkak t\u00eb p\u00ebrmir\u00ebsimit t\u00eb rrjedhjes s\u00eb gjakut mund t\u00eb jet\u00eb \u201cNiacin Flush\u201d<\/p>\n<p>Njer\u00ebzit mund t\u00eb p\u00ebrjetojn\u00eb:<\/p>\n<ul>\n<li>Nj\u00eb ngrohje \/ ndjenj\u00eb e nxeht\u00eb<\/li>\n<li>Nj\u00eb skuqje apo \u201ci rrafsh\u00ebt\u201d n\u00eb l\u00ebkur\u00eb q\u00eb mund t\u00eb shfaqet si skuqje<\/li>\n<li>Krehje dhe ndjesi djegieje.<\/li>\n<li>K\u00ebto ndikime an\u00ebsore jan\u00eb t\u00eb pad\u00ebmshme dhe zakonisht dalin pas nj\u00eb periudhe t\u00eb shkurt\u00ebr kohore. Toleranca p\u00ebr niacin gjithashtu mund t\u00eb zhvillohet, k\u00ebshtu q\u00eb sa m\u00eb shum\u00eb q\u00eb merret gjat\u00eb nj\u00eb periudhe kohe, pala ndikon n\u00eb zvog\u00eblim.<\/li>\n<\/ul>\n<p><img decoding=\"async\" class=\"size-full wp-image-4308 aligncenter\" src=\"https:\/\/furyfightclub.com\/wp-content\/uploads\/2021\/02\/Untitled-1-1.png\" alt=\"\" width=\"700\" height=\"504\" srcset=\"https:\/\/furyfightclub.com\/wp-content\/uploads\/2021\/02\/Untitled-1-1.png 700w, https:\/\/furyfightclub.com\/wp-content\/uploads\/2021\/02\/Untitled-1-1-600x432.png 600w, https:\/\/furyfightclub.com\/wp-content\/uploads\/2021\/02\/Untitled-1-1-300x216.png 300w, https:\/\/furyfightclub.com\/wp-content\/uploads\/2021\/02\/Untitled-1-1-370x266.png 370w\" sizes=\"(max-width: 700px) 100vw, 700px\" \/><\/p>\n","protected":false},"excerpt":{"rendered":"<p>N\u00ebse \u00ebsht\u00eb koha p\u00ebr t\u00eb rritur intensitetin tuaj t\u00eb st\u00ebrvitjes dhe rrokullisni kalimin n\u00eb mbingarkes\u00eb, at\u00ebher\u00eb ABE nga ushqimi i aplikuar meriton v\u00ebmendjen tuaj.<br \/>\nP\u00ebrmbajn\u00eb vet\u00ebm p\u00ebrb\u00ebr\u00ebsit m\u00eb vital\u00eb dhe t\u00eb hulumtuar mir\u00eb, ky produkt flet p\u00ebr veten dhe \u00ebsht\u00eb projektuar p\u00ebr t\u2019ju b\u00ebr\u00eb thirrje n\u00eb st\u00ebrvitje tuaj, duke b\u00ebr\u00eb m\u00eb t\u00eb mir\u00ebn tuaj duke rritur fokusin dhe duke u siguruar q\u00eb lodhja t\u00eb filloj\u00eb n\u00eb ul\u00ebs.<\/p>\n","protected":false},"featured_media":4309,"comment_status":"open","ping_status":"closed","template":"","meta":{"_acf_changed":false,"pmpro_default_level":""},"product_cat":[98],"product_tag":[],"class_list":{"0":"post-4306","1":"product","2":"type-product","3":"status-publish","4":"has-post-thumbnail","6":"product_cat-pre-workout","7":"pmpro-has-access","9":"first","10":"instock","11":"shipping-taxable","12":"purchasable","13":"product-type-simple"},"acf":[],"yoast_head":"<!-- This site is optimized with the Yoast SEO plugin v25.4 - https:\/\/yoast.com\/wordpress\/plugins\/seo\/ -->\n<title>ABE BY APPLIED NUTRITION - Fury Fight Club<\/title>\n<meta name=\"robots\" content=\"index, follow, max-snippet:-1, max-image-preview:large, max-video-preview:-1\" \/>\n<link rel=\"canonical\" href=\"https:\/\/furyfightclub.com\/product\/abe-by-applied-nutrition\/\" \/>\n<meta property=\"og:locale\" content=\"sq_AL\" \/>\n<meta property=\"og:type\" content=\"article\" \/>\n<meta property=\"og:title\" content=\"ABE BY APPLIED NUTRITION - Fury Fight Club\" \/>\n<meta property=\"og:description\" content=\"N\u00ebse \u00ebsht\u00eb koha p\u00ebr t\u00eb rritur intensitetin tuaj t\u00eb st\u00ebrvitjes dhe rrokullisni kalimin n\u00eb mbingarkes\u00eb, at\u00ebher\u00eb ABE nga ushqimi i aplikuar meriton v\u00ebmendjen tuaj. P\u00ebrmbajn\u00eb vet\u00ebm p\u00ebrb\u00ebr\u00ebsit m\u00eb vital\u00eb dhe t\u00eb hulumtuar mir\u00eb, ky produkt flet p\u00ebr veten dhe \u00ebsht\u00eb projektuar p\u00ebr t\u2019ju b\u00ebr\u00eb thirrje n\u00eb st\u00ebrvitje tuaj, duke b\u00ebr\u00eb m\u00eb t\u00eb mir\u00ebn tuaj duke rritur fokusin dhe duke u siguruar q\u00eb lodhja t\u00eb filloj\u00eb n\u00eb ul\u00ebs.\" \/>\n<meta property=\"og:url\" content=\"https:\/\/furyfightclub.com\/product\/abe-by-applied-nutrition\/\" \/>\n<meta property=\"og:site_name\" content=\"Fury Fight Club\" \/>\n<meta property=\"article:modified_time\" content=\"2021-07-17T22:35:01+00:00\" \/>\n<meta property=\"og:image\" content=\"https:\/\/furyfightclub.com\/wp-content\/uploads\/2021\/02\/c7bcf00d-8107-4eef-ad08-18e764600abd-1.png\" \/>\n\t<meta property=\"og:image:width\" content=\"600\" \/>\n\t<meta property=\"og:image:height\" content=\"600\" \/>\n\t<meta property=\"og:image:type\" content=\"image\/png\" \/>\n<meta name=\"twitter:card\" content=\"summary_large_image\" \/>\n<meta name=\"twitter:label1\" content=\"Est. reading time\" \/>\n\t<meta name=\"twitter:data1\" content=\"2 minutes\" \/>\n<script type=\"application\/ld+json\" class=\"yoast-schema-graph\">{\"@context\":\"https:\/\/schema.org\",\"@graph\":[{\"@type\":\"WebPage\",\"@id\":\"https:\/\/furyfightclub.com\/product\/abe-by-applied-nutrition\/\",\"url\":\"https:\/\/furyfightclub.com\/product\/abe-by-applied-nutrition\/\",\"name\":\"ABE BY APPLIED NUTRITION - Fury Fight Club\",\"isPartOf\":{\"@id\":\"https:\/\/furyfightclub.com\/#website\"},\"primaryImageOfPage\":{\"@id\":\"https:\/\/furyfightclub.com\/product\/abe-by-applied-nutrition\/#primaryimage\"},\"image\":{\"@id\":\"https:\/\/furyfightclub.com\/product\/abe-by-applied-nutrition\/#primaryimage\"},\"thumbnailUrl\":\"https:\/\/furyfightclub.com\/wp-content\/uploads\/2021\/02\/c7bcf00d-8107-4eef-ad08-18e764600abd-1.png\",\"datePublished\":\"2021-02-16T00:02:14+00:00\",\"dateModified\":\"2021-07-17T22:35:01+00:00\",\"breadcrumb\":{\"@id\":\"https:\/\/furyfightclub.com\/product\/abe-by-applied-nutrition\/#breadcrumb\"},\"inLanguage\":\"sq-AL\",\"potentialAction\":[{\"@type\":\"ReadAction\",\"target\":[\"https:\/\/furyfightclub.com\/product\/abe-by-applied-nutrition\/\"]}]},{\"@type\":\"ImageObject\",\"inLanguage\":\"sq-AL\",\"@id\":\"https:\/\/furyfightclub.com\/product\/abe-by-applied-nutrition\/#primaryimage\",\"url\":\"https:\/\/furyfightclub.com\/wp-content\/uploads\/2021\/02\/c7bcf00d-8107-4eef-ad08-18e764600abd-1.png\",\"contentUrl\":\"https:\/\/furyfightclub.com\/wp-content\/uploads\/2021\/02\/c7bcf00d-8107-4eef-ad08-18e764600abd-1.png\",\"width\":600,\"height\":600},{\"@type\":\"BreadcrumbList\",\"@id\":\"https:\/\/furyfightclub.com\/product\/abe-by-applied-nutrition\/#breadcrumb\",\"itemListElement\":[{\"@type\":\"ListItem\",\"position\":1,\"name\":\"Home\",\"item\":\"https:\/\/furyfightclub.com\/sq\/kreu\/\"},{\"@type\":\"ListItem\",\"position\":2,\"name\":\"Dyqani\",\"item\":\"https:\/\/furyfightclub.com\/sq\/dyqani\/\"},{\"@type\":\"ListItem\",\"position\":3,\"name\":\"ABE BY APPLIED NUTRITION\"}]},{\"@type\":\"WebSite\",\"@id\":\"https:\/\/furyfightclub.com\/#website\",\"url\":\"https:\/\/furyfightclub.com\/\",\"name\":\"Fury Fight Club\",\"description\":\"No Talent Only Obsession\",\"publisher\":{\"@id\":\"https:\/\/furyfightclub.com\/#organization\"},\"potentialAction\":[{\"@type\":\"SearchAction\",\"target\":{\"@type\":\"EntryPoint\",\"urlTemplate\":\"https:\/\/furyfightclub.com\/?s={search_term_string}\"},\"query-input\":{\"@type\":\"PropertyValueSpecification\",\"valueRequired\":true,\"valueName\":\"search_term_string\"}}],\"inLanguage\":\"sq-AL\"},{\"@type\":\"Organization\",\"@id\":\"https:\/\/furyfightclub.com\/#organization\",\"name\":\"Fury Fight Club\",\"url\":\"https:\/\/furyfightclub.com\/\",\"logo\":{\"@type\":\"ImageObject\",\"inLanguage\":\"sq-AL\",\"@id\":\"https:\/\/furyfightclub.com\/#\/schema\/logo\/image\/\",\"url\":\"https:\/\/furyfightclub.com\/wp-content\/uploads\/2021\/01\/logo@x2.png\",\"contentUrl\":\"https:\/\/furyfightclub.com\/wp-content\/uploads\/2021\/01\/logo@x2.png\",\"width\":255,\"height\":288,\"caption\":\"Fury Fight Club\"},\"image\":{\"@id\":\"https:\/\/furyfightclub.com\/#\/schema\/logo\/image\/\"},\"sameAs\":[\"https:\/\/www.instagram.com\/furyfightclub\/\",\"https:\/\/www.youtube.com\/channel\/UCEGaknxvkwJjaXBPloEA2Sg\"]}]}<\/script>\n<!-- \/ Yoast SEO plugin. -->","yoast_head_json":{"title":"ABE BY APPLIED NUTRITION - Fury Fight Club","robots":{"index":"index","follow":"follow","max-snippet":"max-snippet:-1","max-image-preview":"max-image-preview:large","max-video-preview":"max-video-preview:-1"},"canonical":"https:\/\/furyfightclub.com\/product\/abe-by-applied-nutrition\/","og_locale":"sq_AL","og_type":"article","og_title":"ABE BY APPLIED NUTRITION - Fury Fight Club","og_description":"N\u00ebse \u00ebsht\u00eb koha p\u00ebr t\u00eb rritur intensitetin tuaj t\u00eb st\u00ebrvitjes dhe rrokullisni kalimin n\u00eb mbingarkes\u00eb, at\u00ebher\u00eb ABE nga ushqimi i aplikuar meriton v\u00ebmendjen tuaj. P\u00ebrmbajn\u00eb vet\u00ebm p\u00ebrb\u00ebr\u00ebsit m\u00eb vital\u00eb dhe t\u00eb hulumtuar mir\u00eb, ky produkt flet p\u00ebr veten dhe \u00ebsht\u00eb projektuar p\u00ebr t\u2019ju b\u00ebr\u00eb thirrje n\u00eb st\u00ebrvitje tuaj, duke b\u00ebr\u00eb m\u00eb t\u00eb mir\u00ebn tuaj duke rritur fokusin dhe duke u siguruar q\u00eb lodhja t\u00eb filloj\u00eb n\u00eb ul\u00ebs.","og_url":"https:\/\/furyfightclub.com\/product\/abe-by-applied-nutrition\/","og_site_name":"Fury Fight Club","article_modified_time":"2021-07-17T22:35:01+00:00","og_image":[{"width":600,"height":600,"url":"https:\/\/furyfightclub.com\/wp-content\/uploads\/2021\/02\/c7bcf00d-8107-4eef-ad08-18e764600abd-1.png","type":"image\/png"}],"twitter_card":"summary_large_image","twitter_misc":{"Est. reading time":"2 minutes"},"schema":{"@context":"https:\/\/schema.org","@graph":[{"@type":"WebPage","@id":"https:\/\/furyfightclub.com\/product\/abe-by-applied-nutrition\/","url":"https:\/\/furyfightclub.com\/product\/abe-by-applied-nutrition\/","name":"ABE BY APPLIED NUTRITION - Fury Fight Club","isPartOf":{"@id":"https:\/\/furyfightclub.com\/#website"},"primaryImageOfPage":{"@id":"https:\/\/furyfightclub.com\/product\/abe-by-applied-nutrition\/#primaryimage"},"image":{"@id":"https:\/\/furyfightclub.com\/product\/abe-by-applied-nutrition\/#primaryimage"},"thumbnailUrl":"https:\/\/furyfightclub.com\/wp-content\/uploads\/2021\/02\/c7bcf00d-8107-4eef-ad08-18e764600abd-1.png","datePublished":"2021-02-16T00:02:14+00:00","dateModified":"2021-07-17T22:35:01+00:00","breadcrumb":{"@id":"https:\/\/furyfightclub.com\/product\/abe-by-applied-nutrition\/#breadcrumb"},"inLanguage":"sq-AL","potentialAction":[{"@type":"ReadAction","target":["https:\/\/furyfightclub.com\/product\/abe-by-applied-nutrition\/"]}]},{"@type":"ImageObject","inLanguage":"sq-AL","@id":"https:\/\/furyfightclub.com\/product\/abe-by-applied-nutrition\/#primaryimage","url":"https:\/\/furyfightclub.com\/wp-content\/uploads\/2021\/02\/c7bcf00d-8107-4eef-ad08-18e764600abd-1.png","contentUrl":"https:\/\/furyfightclub.com\/wp-content\/uploads\/2021\/02\/c7bcf00d-8107-4eef-ad08-18e764600abd-1.png","width":600,"height":600},{"@type":"BreadcrumbList","@id":"https:\/\/furyfightclub.com\/product\/abe-by-applied-nutrition\/#breadcrumb","itemListElement":[{"@type":"ListItem","position":1,"name":"Home","item":"https:\/\/furyfightclub.com\/sq\/kreu\/"},{"@type":"ListItem","position":2,"name":"Dyqani","item":"https:\/\/furyfightclub.com\/sq\/dyqani\/"},{"@type":"ListItem","position":3,"name":"ABE BY APPLIED NUTRITION"}]},{"@type":"WebSite","@id":"https:\/\/furyfightclub.com\/#website","url":"https:\/\/furyfightclub.com\/","name":"Fury Fight Club","description":"No Talent Only Obsession","publisher":{"@id":"https:\/\/furyfightclub.com\/#organization"},"potentialAction":[{"@type":"SearchAction","target":{"@type":"EntryPoint","urlTemplate":"https:\/\/furyfightclub.com\/?s={search_term_string}"},"query-input":{"@type":"PropertyValueSpecification","valueRequired":true,"valueName":"search_term_string"}}],"inLanguage":"sq-AL"},{"@type":"Organization","@id":"https:\/\/furyfightclub.com\/#organization","name":"Fury Fight Club","url":"https:\/\/furyfightclub.com\/","logo":{"@type":"ImageObject","inLanguage":"sq-AL","@id":"https:\/\/furyfightclub.com\/#\/schema\/logo\/image\/","url":"https:\/\/furyfightclub.com\/wp-content\/uploads\/2021\/01\/logo@x2.png","contentUrl":"https:\/\/furyfightclub.com\/wp-content\/uploads\/2021\/01\/logo@x2.png","width":255,"height":288,"caption":"Fury Fight Club"},"image":{"@id":"https:\/\/furyfightclub.com\/#\/schema\/logo\/image\/"},"sameAs":["https:\/\/www.instagram.com\/furyfightclub\/","https:\/\/www.youtube.com\/channel\/UCEGaknxvkwJjaXBPloEA2Sg"]}]}},"_links":{"self":[{"href":"https:\/\/furyfightclub.com\/sq\/wp-json\/wp\/v2\/product\/4306","targetHints":{"allow":["GET"]}}],"collection":[{"href":"https:\/\/furyfightclub.com\/sq\/wp-json\/wp\/v2\/product"}],"about":[{"href":"https:\/\/furyfightclub.com\/sq\/wp-json\/wp\/v2\/types\/product"}],"replies":[{"embeddable":true,"href":"https:\/\/furyfightclub.com\/sq\/wp-json\/wp\/v2\/comments?post=4306"}],"wp:featuredmedia":[{"embeddable":true,"href":"https:\/\/furyfightclub.com\/sq\/wp-json\/wp\/v2\/media\/4309"}],"wp:attachment":[{"href":"https:\/\/furyfightclub.com\/sq\/wp-json\/wp\/v2\/media?parent=4306"}],"wp:term":[{"taxonomy":"product_cat","embeddable":true,"href":"https:\/\/furyfightclub.com\/sq\/wp-json\/wp\/v2\/product_cat?post=4306"},{"taxonomy":"product_tag","embeddable":true,"href":"https:\/\/furyfightclub.com\/sq\/wp-json\/wp\/v2\/product_tag?post=4306"}],"curies":[{"name":"wp","href":"https:\/\/api.w.org\/{rel}","templated":true}]}}